{"id":7376,"date":"2020-10-23T14:26:14","date_gmt":"2020-10-23T18:26:14","guid":{"rendered":"https:\/\/www.northstarwindows.com\/?page_id=7376"},"modified":"2020-10-23T16:10:50","modified_gmt":"2020-10-23T20:10:50","slug":"revetement-couleur-fusion","status":"publish","type":"page","link":"https:\/\/www.northstarwindows.com\/fr\/revetement-couleur-fusion\/","title":{"rendered":"Rev\u00eatement Couleur Fusion"},"content":{"rendered":"<p><img loading=\"lazy\" class=\"aligncenter wp-image-7371 size-medium\" src=\"https:\/\/northstarwindows.com\/wp-content\/uploads\/2020\/10\/FUSION_Logo_600px_FR-300x115.png\" alt=\"Fusion Colour Wrap logo\" width=\"300\" height=\"115\" srcset=\"https:\/\/www.northstarwindows.com\/wp-content\/uploads\/2020\/10\/FUSION_Logo_600px_FR-300x115.png 300w, https:\/\/www.northstarwindows.com\/wp-content\/uploads\/2020\/10\/FUSION_Logo_600px_FR.png 600w\" sizes=\"(max-width: 300px) 100vw, 300px\" \/><\/p>\n<p>&nbsp;<\/p>\n<p>Un proc\u00e9d\u00e9 sophistiqu\u00e9 d\u2019application fait que nos couleurs ne s\u2019\u00e9cailleront pas ni ne se d\u00e9colleront comme le peut la peinture au fil du temps.<\/p>\n<h2>Caract\u00e9ristiques et avantages<\/h2>\n<ul>\n<li>Pellicule multicouche appliqu\u00e9e au vinyle au moyen d\u2019un adh\u00e9sif thermofusible r\u00e9actif au polyur\u00e9thane qui cr\u00e9e une liaison permanente entre le rev\u00eatement et le vinyle<\/li>\n<li>R\u00e9sistance extr\u00eame aux \u00e9ra\ufb02ures et aux abrasions<\/li>\n<li>Insensibilit\u00e9 aux polluants environnementaux<\/li>\n<li>Bon comportement en applications c\u00f4ti\u00e8res<\/li>\n<li>Nettoyage facile de la salet\u00e9 et de la crasse \u00e0 l\u2019aide de produits d\u2019entretien m\u00e9nager doux ordinaires<\/li>\n<\/ul>\n<p>&nbsp;<\/p>\n<p><img loading=\"lazy\" class=\"alignleft wp-image-7373 size-full\" src=\"https:\/\/northstarwindows.com\/wp-content\/uploads\/2020\/10\/fusion-colour-wrap-cross-section-fr.jpg\" alt=\"Fusion colour wrap cross section diagram\" width=\"600\" height=\"284\" srcset=\"https:\/\/www.northstarwindows.com\/wp-content\/uploads\/2020\/10\/fusion-colour-wrap-cross-section-fr.jpg 600w, https:\/\/www.northstarwindows.com\/wp-content\/uploads\/2020\/10\/fusion-colour-wrap-cross-section-fr-300x142.jpg 300w\" sizes=\"(max-width: 600px) 100vw, 600px\" \/><\/p>\n","protected":false},"excerpt":{"rendered":"<p>&nbsp; Un proc\u00e9d\u00e9 sophistiqu\u00e9 d\u2019application fait que nos couleurs ne s\u2019\u00e9cailleront pas ni ne se d\u00e9colleront comme le peut la peinture au fil du temps. Caract\u00e9ristiques et avantages Pellicule multicouche appliqu\u00e9e au vinyle au moyen d\u2019un adh\u00e9sif thermofusible r\u00e9actif au polyur\u00e9thane qui cr\u00e9e une liaison permanente entre le rev\u00eatement et le vinyle R\u00e9sistance extr\u00eame aux [&hellip;]<\/p>\n","protected":false},"author":735,"featured_media":7324,"parent":0,"menu_order":0,"comment_status":"closed","ping_status":"closed","template":"template-fusion-colour-wrap.php","meta":{"ngg_post_thumbnail":0},"tags":[],"yoast_head":"<!-- This site is optimized with the Yoast SEO plugin v16.1.1 - https:\/\/yoast.com\/wordpress\/plugins\/seo\/ -->\n<link rel=\"canonical\" href=\"https:\/\/www.northstarwindows.com\/fr\/revetement-couleur-fusion\/\" \/>\n<meta property=\"og:locale\" content=\"fr_FR\" \/>\n<meta property=\"og:type\" content=\"article\" \/>\n<meta property=\"og:title\" content=\"Rev\u00eatement Couleur Fusion | North Star Windows\" \/>\n<meta property=\"og:description\" content=\"&nbsp; Un proc\u00e9d\u00e9 sophistiqu\u00e9 d\u2019application fait que nos couleurs ne s\u2019\u00e9cailleront pas ni ne se d\u00e9colleront comme le peut la peinture au fil du temps. Caract\u00e9ristiques et avantages Pellicule multicouche appliqu\u00e9e au vinyle au moyen d\u2019un adh\u00e9sif thermofusible r\u00e9actif au polyur\u00e9thane qui cr\u00e9e une liaison permanente entre le rev\u00eatement et le vinyle R\u00e9sistance extr\u00eame aux [&hellip;]\" \/>\n<meta property=\"og:url\" content=\"https:\/\/www.northstarwindows.com\/fr\/revetement-couleur-fusion\/\" \/>\n<meta property=\"og:site_name\" content=\"North Star Windows\" \/>\n<meta property=\"article:modified_time\" content=\"2020-10-23T20:10:50+00:00\" \/>\n<meta property=\"og:image\" content=\"https:\/\/www.northstarwindows.com\/wp-content\/uploads\/2020\/10\/Beauty-Shot_Exterior_450x490.jpg\" \/>\n\t<meta property=\"og:image:width\" content=\"450\" \/>\n\t<meta property=\"og:image:height\" content=\"490\" \/>\n<meta name=\"twitter:card\" content=\"summary\" \/>\n<meta name=\"twitter:label1\" content=\"Dur\u00e9e de lecture est.\">\n\t<meta name=\"twitter:data1\" content=\"1 minute\">\n<script type=\"application\/ld+json\" class=\"yoast-schema-graph\">{\"@context\":\"https:\/\/schema.org\",\"@graph\":[{\"@type\":\"Organization\",\"@id\":\"https:\/\/www.northstarwindows.com\/#organization\",\"name\":\"North Star Windows and Doors\",\"url\":\"https:\/\/www.northstarwindows.com\/\",\"sameAs\":[],\"logo\":{\"@type\":\"ImageObject\",\"@id\":\"https:\/\/www.northstarwindows.com\/#logo\",\"inLanguage\":\"fr-FR\",\"url\":\"https:\/\/www.northstarwindows.com\/wp-content\/uploads\/2026\/01\/logo.png\",\"contentUrl\":\"https:\/\/www.northstarwindows.com\/wp-content\/uploads\/2026\/01\/logo.png\",\"width\":247,\"height\":45,\"caption\":\"North Star Windows and Doors\"},\"image\":{\"@id\":\"https:\/\/www.northstarwindows.com\/#logo\"}},{\"@type\":\"WebSite\",\"@id\":\"https:\/\/www.northstarwindows.com\/#website\",\"url\":\"https:\/\/www.northstarwindows.com\/\",\"name\":\"North Star Windows\",\"description\":\"\",\"publisher\":{\"@id\":\"https:\/\/www.northstarwindows.com\/#organization\"},\"potentialAction\":[{\"@type\":\"SearchAction\",\"target\":\"https:\/\/www.northstarwindows.com\/?s={search_term_string}\",\"query-input\":\"required name=search_term_string\"}],\"inLanguage\":\"fr-FR\"},{\"@type\":\"ImageObject\",\"@id\":\"https:\/\/www.northstarwindows.com\/fr\/revetement-couleur-fusion\/#primaryimage\",\"inLanguage\":\"fr-FR\",\"url\":\"https:\/\/www.northstarwindows.com\/wp-content\/uploads\/2020\/10\/Beauty-Shot_Exterior_450x490.jpg\",\"contentUrl\":\"https:\/\/www.northstarwindows.com\/wp-content\/uploads\/2020\/10\/Beauty-Shot_Exterior_450x490.jpg\",\"width\":450,\"height\":490},{\"@type\":\"WebPage\",\"@id\":\"https:\/\/www.northstarwindows.com\/fr\/revetement-couleur-fusion\/#webpage\",\"url\":\"https:\/\/www.northstarwindows.com\/fr\/revetement-couleur-fusion\/\",\"name\":\"Rev\\u00eatement Couleur Fusion | North Star Windows\",\"isPartOf\":{\"@id\":\"https:\/\/www.northstarwindows.com\/#website\"},\"primaryImageOfPage\":{\"@id\":\"https:\/\/www.northstarwindows.com\/fr\/revetement-couleur-fusion\/#primaryimage\"},\"datePublished\":\"2020-10-23T18:26:14+00:00\",\"dateModified\":\"2020-10-23T20:10:50+00:00\",\"breadcrumb\":{\"@id\":\"https:\/\/www.northstarwindows.com\/fr\/revetement-couleur-fusion\/#breadcrumb\"},\"inLanguage\":\"fr-FR\",\"potentialAction\":[{\"@type\":\"ReadAction\",\"target\":[\"https:\/\/www.northstarwindows.com\/fr\/revetement-couleur-fusion\/\"]}]},{\"@type\":\"BreadcrumbList\",\"@id\":\"https:\/\/www.northstarwindows.com\/fr\/revetement-couleur-fusion\/#breadcrumb\",\"itemListElement\":[{\"@type\":\"ListItem\",\"position\":1,\"item\":{\"@type\":\"WebPage\",\"@id\":\"https:\/\/www.northstarwindows.com\/fr\/\",\"url\":\"https:\/\/www.northstarwindows.com\/fr\/\",\"name\":\"Home\"}},{\"@type\":\"ListItem\",\"position\":2,\"item\":{\"@type\":\"WebPage\",\"@id\":\"https:\/\/www.northstarwindows.com\/fr\/revetement-couleur-fusion\/\",\"url\":\"https:\/\/www.northstarwindows.com\/fr\/revetement-couleur-fusion\/\",\"name\":\"Rev\\u00eatement Couleur Fusion\"}}]}]}<\/script>\n<!-- \/ Yoast SEO plugin. -->","_links":{"self":[{"href":"https:\/\/www.northstarwindows.com\/fr\/wp-json\/wp\/v2\/pages\/7376"}],"collection":[{"href":"https:\/\/www.northstarwindows.com\/fr\/wp-json\/wp\/v2\/pages"}],"about":[{"href":"https:\/\/www.northstarwindows.com\/fr\/wp-json\/wp\/v2\/types\/page"}],"author":[{"embeddable":true,"href":"https:\/\/www.northstarwindows.com\/fr\/wp-json\/wp\/v2\/users\/735"}],"replies":[{"embeddable":true,"href":"https:\/\/www.northstarwindows.com\/fr\/wp-json\/wp\/v2\/comments?post=7376"}],"version-history":[{"count":3,"href":"https:\/\/www.northstarwindows.com\/fr\/wp-json\/wp\/v2\/pages\/7376\/revisions"}],"predecessor-version":[{"id":7388,"href":"https:\/\/www.northstarwindows.com\/fr\/wp-json\/wp\/v2\/pages\/7376\/revisions\/7388"}],"wp:featuredmedia":[{"embeddable":true,"href":"https:\/\/www.northstarwindows.com\/fr\/wp-json\/wp\/v2\/media\/7324"}],"wp:attachment":[{"href":"https:\/\/www.northstarwindows.com\/fr\/wp-json\/wp\/v2\/media?parent=7376"}],"wp:term":[{"taxonomy":"post_tag","embeddable":true,"href":"https:\/\/www.northstarwindows.com\/fr\/wp-json\/wp\/v2\/tags?post=7376"}],"curies":[{"name":"wp","href":"https:\/\/api.w.org\/{rel}","templated":true}]}}