{"id":6260,"date":"2018-06-01T11:39:34","date_gmt":"2018-06-01T15:39:34","guid":{"rendered":"http:\/\/www.northstarwindows.com\/?page_id=6260"},"modified":"2021-04-27T10:29:56","modified_gmt":"2021-04-27T14:29:56","slug":"images-a-360","status":"publish","type":"page","link":"https:\/\/www.northstarwindows.com\/fr\/images-a-360\/","title":{"rendered":"Images \u00e0 360&deg;"},"content":{"rendered":"<h2><a name=\"1000\"><\/a>Fen\u00eatres de S\u00e9rie 1000<\/h2>\n<p>Fen\u00eatre \u00e0 battant de S\u00e9rie 1000 illustr\u00e9e avec int\u00e9rieur Ch\u00eane Kolonial\/ext\u00e9rieur Espresso. Options de moulure \u00e0 brique et d\u2019extension des rebords.<\/p>\n<p><iframe loading=\"lazy\" src=\"\/wp-content\/themes\/northstar\/360_photos\/W1\/W1.html\" width=\"870\" height=\"800\" frameborder=\"0\" scrolling=\"no\" allowfullscreen=\"allowfullscreen\"><\/iframe><\/p>\n<p>&nbsp;<\/p>\n<p>Fen\u00eatre \u00e0 battant de S\u00e9rie 1000 illustr\u00e9e avec options de moulure \u00e0 brique\/extension de seuil et de r\u00e9cepteur int\u00e9rieur de bois\/cloison s\u00e8che.<\/p>\n<p><iframe loading=\"lazy\" src=\"\/wp-content\/themes\/northstar\/360_photos\/W3\/W3.html\" width=\"870\" height=\"800\" frameborder=\"0\" scrolling=\"no\" allowfullscreen=\"allowfullscreen\"><\/iframe><\/p>\n<p>&nbsp;<\/p>\n<p>Fen\u00eatre \u00e0 battant de S\u00e9rie 1000 illustr\u00e9e avec int\u00e9rieur Noyer\/ext\u00e9rieur Espresso. Triple vitrage.<\/p>\n<p><iframe loading=\"lazy\" src=\"\/wp-content\/themes\/northstar\/360_photos\/W4\/W4.html\" width=\"870\" height=\"800\" frameborder=\"0\" scrolling=\"no\" allowfullscreen=\"allowfullscreen\"><\/iframe><\/p>\n<p>&nbsp;<\/p>\n<p>Fen\u00eatre de S\u00e9rie 1000 \u00e0 deux ch\u00e2ssis basculants\/deux ch\u00e2ssis coulissants illustr\u00e9e avec int\u00e9rieur Blanc\/ext\u00e9rieur Espresso.<\/p>\n<p><iframe loading=\"lazy\" src=\"\/wp-content\/themes\/northstar\/360_photos\/W5\/W5.html\" width=\"870\" height=\"800\" frameborder=\"0\" scrolling=\"no\" allowfullscreen=\"allowfullscreen\"><\/iframe><\/p>\n<p>&nbsp;<\/p>\n<p>Fen\u00eatre \u00e0 un\/deux ch\u00e2ssis de S\u00e9rie 1000 illustr\u00e9e avec int\u00e9rieur\/ext\u00e9rieur Blanc. Double vitrage.<\/p>\n<p><iframe loading=\"lazy\" src=\"\/wp-content\/themes\/northstar\/360_photos\/W7\/W7.html\" width=\"870\" height=\"800\" frameborder=\"0\" scrolling=\"no\" allowfullscreen=\"allowfullscreen\"><\/iframe><\/p>\n<p>&nbsp;<\/p>\n<p>Prolongateur de cadre de S\u00e9rie 1000<\/p>\n<p><iframe loading=\"lazy\" src=\"\/wp-content\/themes\/northstar\/360_photos\/W11\/W11.html\" width=\"870\" height=\"800\" frameborder=\"0\" scrolling=\"no\" allowfullscreen=\"allowfullscreen\"><\/iframe><\/p>\n<p>&nbsp;<\/p>\n<h2><a name=\"doublehungtilt\"><\/a>Fen\u00eatres \u00e0 deux ch\u00e2ssis basculants<\/h2>\n<p>Fen\u00eatre \u00e0 deux ch\u00e2ssis basculants illustr\u00e9e avec int\u00e9rieur\/ext\u00e9rieur Espresso.<\/p>\n<p><iframe loading=\"lazy\" src=\"\/wp-content\/themes\/northstar\/360_photos\/W9\/W9.html\" width=\"870\" height=\"800\" frameborder=\"0\" scrolling=\"no\" allowfullscreen=\"allowfullscreen\"><\/iframe><\/p>\n<p>&nbsp;<\/p>\n","protected":false},"excerpt":{"rendered":"<p>Fen\u00eatres de S\u00e9rie 1000 Fen\u00eatre \u00e0 battant de S\u00e9rie 1000 illustr\u00e9e avec int\u00e9rieur Ch\u00eane Kolonial\/ext\u00e9rieur Espresso. Options de moulure \u00e0 brique et d\u2019extension des rebords. &nbsp; Fen\u00eatre \u00e0 battant de S\u00e9rie 1000 illustr\u00e9e avec options de moulure \u00e0 brique\/extension de seuil et de r\u00e9cepteur int\u00e9rieur de bois\/cloison s\u00e8che. &nbsp; Fen\u00eatre \u00e0 battant de S\u00e9rie 1000 [&hellip;]<\/p>\n","protected":false},"author":735,"featured_media":0,"parent":0,"menu_order":0,"comment_status":"closed","ping_status":"closed","template":"template-windows-sb.php","meta":{"ngg_post_thumbnail":0},"tags":[],"yoast_head":"<!-- This site is optimized with the Yoast SEO plugin v16.1.1 - https:\/\/yoast.com\/wordpress\/plugins\/seo\/ -->\n<meta name=\"description\" content=\"Voyez les coupes transversales \u00e0 360\u00b0 de nos fen\u00eatres de la s\u00e9rie 1000. D\u00e9couvrez ce qui fait la durabilit\u00e9 et l\u2019efficacit\u00e9 \u00e9nerg\u00e9tique de chacune de nos fen\u00eatres.\" \/>\n<link rel=\"canonical\" href=\"https:\/\/www.northstarwindows.com\/fr\/images-a-360\/\" \/>\n<meta property=\"og:locale\" content=\"fr_FR\" \/>\n<meta property=\"og:type\" content=\"article\" \/>\n<meta property=\"og:title\" content=\"Images \u00e0 360&deg; | North Star Windows\" \/>\n<meta property=\"og:description\" content=\"Voyez les coupes transversales \u00e0 360\u00b0 de nos fen\u00eatres de la s\u00e9rie 1000. D\u00e9couvrez ce qui fait la durabilit\u00e9 et l\u2019efficacit\u00e9 \u00e9nerg\u00e9tique de chacune de nos fen\u00eatres.\" \/>\n<meta property=\"og:url\" content=\"https:\/\/www.northstarwindows.com\/fr\/images-a-360\/\" \/>\n<meta property=\"og:site_name\" content=\"North Star Windows\" \/>\n<meta property=\"article:modified_time\" content=\"2021-04-27T14:29:56+00:00\" \/>\n<meta name=\"twitter:card\" content=\"summary\" \/>\n<meta name=\"twitter:label1\" content=\"Dur\u00e9e de lecture est.\">\n\t<meta name=\"twitter:data1\" content=\"1 minute\">\n<script type=\"application\/ld+json\" class=\"yoast-schema-graph\">{\"@context\":\"https:\/\/schema.org\",\"@graph\":[{\"@type\":\"Organization\",\"@id\":\"https:\/\/www.northstarwindows.com\/#organization\",\"name\":\"North Star Windows and Doors\",\"url\":\"https:\/\/www.northstarwindows.com\/\",\"sameAs\":[],\"logo\":{\"@type\":\"ImageObject\",\"@id\":\"https:\/\/www.northstarwindows.com\/#logo\",\"inLanguage\":\"fr-FR\",\"url\":\"https:\/\/www.northstarwindows.com\/wp-content\/uploads\/2026\/01\/logo.png\",\"contentUrl\":\"https:\/\/www.northstarwindows.com\/wp-content\/uploads\/2026\/01\/logo.png\",\"width\":247,\"height\":45,\"caption\":\"North Star Windows and Doors\"},\"image\":{\"@id\":\"https:\/\/www.northstarwindows.com\/#logo\"}},{\"@type\":\"WebSite\",\"@id\":\"https:\/\/www.northstarwindows.com\/#website\",\"url\":\"https:\/\/www.northstarwindows.com\/\",\"name\":\"North Star Windows\",\"description\":\"\",\"publisher\":{\"@id\":\"https:\/\/www.northstarwindows.com\/#organization\"},\"potentialAction\":[{\"@type\":\"SearchAction\",\"target\":\"https:\/\/www.northstarwindows.com\/?s={search_term_string}\",\"query-input\":\"required name=search_term_string\"}],\"inLanguage\":\"fr-FR\"},{\"@type\":\"WebPage\",\"@id\":\"https:\/\/www.northstarwindows.com\/fr\/images-a-360\/#webpage\",\"url\":\"https:\/\/www.northstarwindows.com\/fr\/images-a-360\/\",\"name\":\"Images \\u00e0 360&deg; | North Star Windows\",\"isPartOf\":{\"@id\":\"https:\/\/www.northstarwindows.com\/#website\"},\"datePublished\":\"2018-06-01T15:39:34+00:00\",\"dateModified\":\"2021-04-27T14:29:56+00:00\",\"description\":\"Voyez les coupes transversales \\u00e0 360\\u00b0 de nos fen\\u00eatres de la s\\u00e9rie 1000. D\\u00e9couvrez ce qui fait la durabilit\\u00e9 et l\\u2019efficacit\\u00e9 \\u00e9nerg\\u00e9tique de chacune de nos fen\\u00eatres.\",\"breadcrumb\":{\"@id\":\"https:\/\/www.northstarwindows.com\/fr\/images-a-360\/#breadcrumb\"},\"inLanguage\":\"fr-FR\",\"potentialAction\":[{\"@type\":\"ReadAction\",\"target\":[\"https:\/\/www.northstarwindows.com\/fr\/images-a-360\/\"]}]},{\"@type\":\"BreadcrumbList\",\"@id\":\"https:\/\/www.northstarwindows.com\/fr\/images-a-360\/#breadcrumb\",\"itemListElement\":[{\"@type\":\"ListItem\",\"position\":1,\"item\":{\"@type\":\"WebPage\",\"@id\":\"https:\/\/www.northstarwindows.com\/fr\/\",\"url\":\"https:\/\/www.northstarwindows.com\/fr\/\",\"name\":\"Home\"}},{\"@type\":\"ListItem\",\"position\":2,\"item\":{\"@type\":\"WebPage\",\"@id\":\"https:\/\/www.northstarwindows.com\/fr\/images-a-360\/\",\"url\":\"https:\/\/www.northstarwindows.com\/fr\/images-a-360\/\",\"name\":\"Images \\u00e0 360&deg;\"}}]}]}<\/script>\n<!-- \/ Yoast SEO plugin. -->","_links":{"self":[{"href":"https:\/\/www.northstarwindows.com\/fr\/wp-json\/wp\/v2\/pages\/6260"}],"collection":[{"href":"https:\/\/www.northstarwindows.com\/fr\/wp-json\/wp\/v2\/pages"}],"about":[{"href":"https:\/\/www.northstarwindows.com\/fr\/wp-json\/wp\/v2\/types\/page"}],"author":[{"embeddable":true,"href":"https:\/\/www.northstarwindows.com\/fr\/wp-json\/wp\/v2\/users\/735"}],"replies":[{"embeddable":true,"href":"https:\/\/www.northstarwindows.com\/fr\/wp-json\/wp\/v2\/comments?post=6260"}],"version-history":[{"count":1,"href":"https:\/\/www.northstarwindows.com\/fr\/wp-json\/wp\/v2\/pages\/6260\/revisions"}],"predecessor-version":[{"id":8798,"href":"https:\/\/www.northstarwindows.com\/fr\/wp-json\/wp\/v2\/pages\/6260\/revisions\/8798"}],"wp:attachment":[{"href":"https:\/\/www.northstarwindows.com\/fr\/wp-json\/wp\/v2\/media?parent=6260"}],"wp:term":[{"taxonomy":"post_tag","embeddable":true,"href":"https:\/\/www.northstarwindows.com\/fr\/wp-json\/wp\/v2\/tags?post=6260"}],"curies":[{"name":"wp","href":"https:\/\/api.w.org\/{rel}","templated":true}]}}