{"id":2405,"date":"2015-12-10T14:08:28","date_gmt":"2015-12-10T19:08:28","guid":{"rendered":"http:\/\/www.northstarwindows.com\/fr\/?page_id=2405"},"modified":"2015-12-10T14:08:28","modified_gmt":"2015-12-10T19:08:28","slug":"guide","status":"publish","type":"page","link":"https:\/\/www.northstarwindows.com\/fr\/centre-de-ressources\/guide\/","title":{"rendered":"Nouveau Guide D&#8217;Achat De Portes et Fen&ecirc;tre Gratuit"},"content":{"rendered":"<p>Des experts du domaine vous donneront des conseils \u00e9clair\u00e9s et vous aideront \u00e0 faire votre choix pour vos nouvelles fen\u00eatres.<\/p>\n<ul>\n<li>Voyez l\u2019anatomie d\u2019une fen\u00eatre<\/li>\n<li>Comment savoir si des fen\u00eatres doivent \u00eatre chang\u00e9es?<\/li>\n<li>Les 5 erreurs les plus fr\u00e9quentes lors de l\u2019achat<\/li>\n<li>Comment tirer le meilleur parti des subventions du gouvernement?<\/li>\n<li>Conseils pour des mesures pr\u00e9cises<\/li>\n<li>Et plus encore!<\/li>\n<\/ul>\n","protected":false},"excerpt":{"rendered":"<p>Des experts du domaine vous donneront des conseils \u00e9clair\u00e9s et vous aideront \u00e0 faire votre choix pour vos nouvelles fen\u00eatres. Voyez l\u2019anatomie d\u2019une fen\u00eatre Comment savoir si des fen\u00eatres doivent \u00eatre chang\u00e9es? Les 5 erreurs les plus fr\u00e9quentes lors de l\u2019achat Comment tirer le meilleur parti des subventions du gouvernement? Conseils pour des mesures pr\u00e9cises [&hellip;]<\/p>\n","protected":false},"author":735,"featured_media":0,"parent":1554,"menu_order":0,"comment_status":"closed","ping_status":"open","template":"template-sidebar.php","meta":{"ngg_post_thumbnail":0},"tags":[],"yoast_head":"<!-- This site is optimized with the Yoast SEO plugin v16.1.1 - https:\/\/yoast.com\/wordpress\/plugins\/seo\/ -->\n<link rel=\"canonical\" href=\"https:\/\/www.northstarwindows.com\/fr\/centre-de-ressources\/guide\/\" \/>\n<meta property=\"og:locale\" content=\"fr_FR\" \/>\n<meta property=\"og:type\" content=\"article\" \/>\n<meta property=\"og:title\" content=\"Nouveau Guide D&#039;Achat De Portes et Fen&ecirc;tre Gratuit | North Star Windows\" \/>\n<meta property=\"og:description\" content=\"Des experts du domaine vous donneront des conseils \u00e9clair\u00e9s et vous aideront \u00e0 faire votre choix pour vos nouvelles fen\u00eatres. Voyez l\u2019anatomie d\u2019une fen\u00eatre Comment savoir si des fen\u00eatres doivent \u00eatre chang\u00e9es? Les 5 erreurs les plus fr\u00e9quentes lors de l\u2019achat Comment tirer le meilleur parti des subventions du gouvernement? Conseils pour des mesures pr\u00e9cises [&hellip;]\" \/>\n<meta property=\"og:url\" content=\"https:\/\/www.northstarwindows.com\/fr\/centre-de-ressources\/guide\/\" \/>\n<meta property=\"og:site_name\" content=\"North Star Windows\" \/>\n<meta name=\"twitter:card\" content=\"summary\" \/>\n<script type=\"application\/ld+json\" class=\"yoast-schema-graph\">{\"@context\":\"https:\/\/schema.org\",\"@graph\":[{\"@type\":\"Organization\",\"@id\":\"https:\/\/www.northstarwindows.com\/#organization\",\"name\":\"North Star Windows and Doors\",\"url\":\"https:\/\/www.northstarwindows.com\/\",\"sameAs\":[],\"logo\":{\"@type\":\"ImageObject\",\"@id\":\"https:\/\/www.northstarwindows.com\/#logo\",\"inLanguage\":\"fr-FR\",\"url\":\"https:\/\/www.northstarwindows.com\/wp-content\/uploads\/2026\/01\/logo.png\",\"contentUrl\":\"https:\/\/www.northstarwindows.com\/wp-content\/uploads\/2026\/01\/logo.png\",\"width\":247,\"height\":45,\"caption\":\"North Star Windows and Doors\"},\"image\":{\"@id\":\"https:\/\/www.northstarwindows.com\/#logo\"}},{\"@type\":\"WebSite\",\"@id\":\"https:\/\/www.northstarwindows.com\/#website\",\"url\":\"https:\/\/www.northstarwindows.com\/\",\"name\":\"North Star Windows\",\"description\":\"\",\"publisher\":{\"@id\":\"https:\/\/www.northstarwindows.com\/#organization\"},\"potentialAction\":[{\"@type\":\"SearchAction\",\"target\":\"https:\/\/www.northstarwindows.com\/?s={search_term_string}\",\"query-input\":\"required name=search_term_string\"}],\"inLanguage\":\"fr-FR\"},{\"@type\":\"WebPage\",\"@id\":\"https:\/\/www.northstarwindows.com\/fr\/centre-de-ressources\/guide\/#webpage\",\"url\":\"https:\/\/www.northstarwindows.com\/fr\/centre-de-ressources\/guide\/\",\"name\":\"Nouveau Guide D'Achat De Portes et Fen&ecirc;tre Gratuit | North Star Windows\",\"isPartOf\":{\"@id\":\"https:\/\/www.northstarwindows.com\/#website\"},\"datePublished\":\"2015-12-10T19:08:28+00:00\",\"dateModified\":\"2015-12-10T19:08:28+00:00\",\"breadcrumb\":{\"@id\":\"https:\/\/www.northstarwindows.com\/fr\/centre-de-ressources\/guide\/#breadcrumb\"},\"inLanguage\":\"fr-FR\",\"potentialAction\":[{\"@type\":\"ReadAction\",\"target\":[\"https:\/\/www.northstarwindows.com\/fr\/centre-de-ressources\/guide\/\"]}]},{\"@type\":\"BreadcrumbList\",\"@id\":\"https:\/\/www.northstarwindows.com\/fr\/centre-de-ressources\/guide\/#breadcrumb\",\"itemListElement\":[{\"@type\":\"ListItem\",\"position\":1,\"item\":{\"@type\":\"WebPage\",\"@id\":\"https:\/\/www.northstarwindows.com\/fr\/\",\"url\":\"https:\/\/www.northstarwindows.com\/fr\/\",\"name\":\"Home\"}},{\"@type\":\"ListItem\",\"position\":2,\"item\":{\"@type\":\"WebPage\",\"@id\":\"https:\/\/www.northstarwindows.com\/fr\/centre-de-ressources\/\",\"url\":\"https:\/\/www.northstarwindows.com\/fr\/centre-de-ressources\/\",\"name\":\"Centre de ressources\"}},{\"@type\":\"ListItem\",\"position\":3,\"item\":{\"@type\":\"WebPage\",\"@id\":\"https:\/\/www.northstarwindows.com\/fr\/centre-de-ressources\/guide\/\",\"url\":\"https:\/\/www.northstarwindows.com\/fr\/centre-de-ressources\/guide\/\",\"name\":\"Nouveau Guide D&#8217;Achat De Portes et Fen&ecirc;tre Gratuit\"}}]}]}<\/script>\n<!-- \/ Yoast SEO plugin. -->","_links":{"self":[{"href":"https:\/\/www.northstarwindows.com\/fr\/wp-json\/wp\/v2\/pages\/2405"}],"collection":[{"href":"https:\/\/www.northstarwindows.com\/fr\/wp-json\/wp\/v2\/pages"}],"about":[{"href":"https:\/\/www.northstarwindows.com\/fr\/wp-json\/wp\/v2\/types\/page"}],"author":[{"embeddable":true,"href":"https:\/\/www.northstarwindows.com\/fr\/wp-json\/wp\/v2\/users\/735"}],"replies":[{"embeddable":true,"href":"https:\/\/www.northstarwindows.com\/fr\/wp-json\/wp\/v2\/comments?post=2405"}],"version-history":[{"count":0,"href":"https:\/\/www.northstarwindows.com\/fr\/wp-json\/wp\/v2\/pages\/2405\/revisions"}],"up":[{"embeddable":true,"href":"https:\/\/www.northstarwindows.com\/fr\/wp-json\/wp\/v2\/pages\/1554"}],"wp:attachment":[{"href":"https:\/\/www.northstarwindows.com\/fr\/wp-json\/wp\/v2\/media?parent=2405"}],"wp:term":[{"taxonomy":"post_tag","embeddable":true,"href":"https:\/\/www.northstarwindows.com\/fr\/wp-json\/wp\/v2\/tags?post=2405"}],"curies":[{"name":"wp","href":"https:\/\/api.w.org\/{rel}","templated":true}]}}