{"id":2089,"date":"2015-11-25T13:39:44","date_gmt":"2015-11-25T18:39:44","guid":{"rendered":"http:\/\/www.northstarwindows.com\/fr\/?page_id=2089"},"modified":"2021-04-27T10:31:36","modified_gmt":"2021-04-27T14:31:36","slug":"plan-du-site","status":"publish","type":"page","link":"https:\/\/www.northstarwindows.com\/fr\/plan-du-site\/","title":{"rendered":"Plan du site"},"content":{"rendered":"<ul>\n<li style=\"list-style-type: none;\">\n<ul>\n<li><a class=\"home\" title=\"Go to North Star Windows.\" href=\"\/fr\/\" rel=\"v:url\">Accueil<\/a><\/li>\n<li><a href=\"\/fr\/fenetres\/\">Fen\u00eatres<\/a>\n<ul>\n<li><a href=\"\/fr\/fenetres\/a-auvent\/\">\u00c0 auvent<\/a><\/li>\n<li><a href=\"\/fr\/fenetres\/en-baie\/\">En baie<\/a><\/li>\n<li><a href=\"\/fr\/fenetres\/arquee\/\">Arqu\u00e9e<\/a><\/li>\n<li><a href=\"\/fr\/fenetres\/a-battants\/\">\u00c0 battants<\/a><\/li>\n<li><a href=\"\/fr\/fenetres\/personnalisee\/\">Personnalis\u00e9e<\/a><\/li>\n<li><a href=\"\/fr\/fenetres\/panoramique\/\">Panoramique<\/a><\/li>\n<li><a href=\"\/fr\/fenetres\/a-deux-chassis\/\">\u00c0 deux ch\u00e2ssis<\/a><\/li>\n<li><a href=\"\/fr\/fenetres\/a-un-chassis\/\">\u00c0 un ch\u00e2ssis<\/a><\/li>\n<li><a href=\"\/fr\/fenetres\/a-coulissement\/\">\u00c0 coulissement<\/a><\/li>\n<\/ul>\n<\/li>\n<\/ul>\n<\/li>\n<\/ul>\n<ul>\n<li><a href=\"\/fr\/portes\/\">Portes<\/a>\n<ul>\n<li><a href=\"\/fr\/portes\/portes-dentree-classique\/\">Portes d&#8217;entr\u00e9e Classique<\/a><\/li>\n<li><a href=\"\/fr\/portes\/portes-dentree-sur-mesure\/\">Portes d&#8217;entr\u00e9e Sur mesure<\/a><\/li>\n<li><a href=\"\/fr\/portes\/portes-patio-en-verre\/\">Portes patio en verre<\/a><\/li>\n<li><a href=\"\/fr\/portes\/portes-dentree-de-marque\/\">Portes d&#8217;entr\u00e9e De marque<\/a><\/li>\n<\/ul>\n<\/li>\n<li><a href=\"\/fr\/a-propos-de-nous\/\">\u00c0 propos de nous<\/a>\n<ul>\n<li><a href=\"\/fr\/carrieres\/\">Carri\u00e8res<\/a><\/li>\n<\/ul>\n<\/li>\n<li>Soutien\n<ul>\n<li><a href=\"\/fr\/soutien\/directives-dinstallation\/\">Directives d&#8217;installation<\/a><\/li>\n<li><a href=\"\/fr\/soutien\/foire-aux-questions\/\">FAQ<\/a><\/li>\n<li><a href=\"\/fr\/soutien\/garantie\/\">Garantie<\/a><\/li>\n<\/ul>\n<\/li>\n<li><a href=\"\/fr\/trouver-un-marchand\/\">Trouver un marchand<\/a><\/li>\n<li><a href=\"\/fr\/connexion-des-marchands\/\">Connexion des marchands<\/a><\/li>\n<li><a href=\"\/fr\/centre-de-ressources\/\">Centre de ressources<\/a><\/li>\n<li><a href=\"\/fr\/pour-nous-joindre\/\">Pour nous joindre<\/a><\/li>\n<\/ul>\n","protected":false},"excerpt":{"rendered":"<p>Accueil Fen\u00eatres \u00c0 auvent En baie Arqu\u00e9e \u00c0 battants Personnalis\u00e9e Panoramique \u00c0 deux ch\u00e2ssis \u00c0 un ch\u00e2ssis \u00c0 coulissement Portes Portes d&#8217;entr\u00e9e Classique Portes d&#8217;entr\u00e9e Sur mesure Portes patio en verre Portes d&#8217;entr\u00e9e De marque \u00c0 propos de nous Carri\u00e8res Soutien Directives d&#8217;installation FAQ Garantie Trouver un marchand Connexion des marchands Centre de ressources Pour [&hellip;]<\/p>\n","protected":false},"author":735,"featured_media":0,"parent":0,"menu_order":0,"comment_status":"closed","ping_status":"open","template":"template-fullwidth.php","meta":{"ngg_post_thumbnail":0},"tags":[],"yoast_head":"<!-- This site is optimized with the Yoast SEO plugin v16.1.1 - https:\/\/yoast.com\/wordpress\/plugins\/seo\/ -->\n<meta name=\"description\" content=\"Le plan du site de portes et fen\u00eatres North Star contient des liens \u00e0 toutes les pages du site.\" \/>\n<link rel=\"canonical\" href=\"https:\/\/www.northstarwindows.com\/fr\/plan-du-site\/\" \/>\n<meta property=\"og:locale\" content=\"fr_FR\" \/>\n<meta property=\"og:type\" content=\"article\" \/>\n<meta property=\"og:title\" content=\"Plan du site | North Star Windows\" \/>\n<meta property=\"og:description\" content=\"Le plan du site de portes et fen\u00eatres North Star contient des liens \u00e0 toutes les pages du site.\" \/>\n<meta property=\"og:url\" content=\"https:\/\/www.northstarwindows.com\/fr\/plan-du-site\/\" \/>\n<meta property=\"og:site_name\" content=\"North Star Windows\" \/>\n<meta property=\"article:modified_time\" content=\"2021-04-27T14:31:36+00:00\" \/>\n<meta name=\"twitter:card\" content=\"summary\" \/>\n<script type=\"application\/ld+json\" class=\"yoast-schema-graph\">{\"@context\":\"https:\/\/schema.org\",\"@graph\":[{\"@type\":\"Organization\",\"@id\":\"https:\/\/www.northstarwindows.com\/#organization\",\"name\":\"North Star Windows and Doors\",\"url\":\"https:\/\/www.northstarwindows.com\/\",\"sameAs\":[],\"logo\":{\"@type\":\"ImageObject\",\"@id\":\"https:\/\/www.northstarwindows.com\/#logo\",\"inLanguage\":\"fr-FR\",\"url\":\"https:\/\/www.northstarwindows.com\/wp-content\/uploads\/2026\/01\/logo.png\",\"contentUrl\":\"https:\/\/www.northstarwindows.com\/wp-content\/uploads\/2026\/01\/logo.png\",\"width\":247,\"height\":45,\"caption\":\"North Star Windows and Doors\"},\"image\":{\"@id\":\"https:\/\/www.northstarwindows.com\/#logo\"}},{\"@type\":\"WebSite\",\"@id\":\"https:\/\/www.northstarwindows.com\/#website\",\"url\":\"https:\/\/www.northstarwindows.com\/\",\"name\":\"North Star Windows\",\"description\":\"\",\"publisher\":{\"@id\":\"https:\/\/www.northstarwindows.com\/#organization\"},\"potentialAction\":[{\"@type\":\"SearchAction\",\"target\":\"https:\/\/www.northstarwindows.com\/?s={search_term_string}\",\"query-input\":\"required name=search_term_string\"}],\"inLanguage\":\"fr-FR\"},{\"@type\":\"WebPage\",\"@id\":\"https:\/\/www.northstarwindows.com\/fr\/plan-du-site\/#webpage\",\"url\":\"https:\/\/www.northstarwindows.com\/fr\/plan-du-site\/\",\"name\":\"Plan du site | North Star Windows\",\"isPartOf\":{\"@id\":\"https:\/\/www.northstarwindows.com\/#website\"},\"datePublished\":\"2015-11-25T18:39:44+00:00\",\"dateModified\":\"2021-04-27T14:31:36+00:00\",\"description\":\"Le plan du site de portes et fen\\u00eatres North Star contient des liens \\u00e0 toutes les pages du site.\",\"breadcrumb\":{\"@id\":\"https:\/\/www.northstarwindows.com\/fr\/plan-du-site\/#breadcrumb\"},\"inLanguage\":\"fr-FR\",\"potentialAction\":[{\"@type\":\"ReadAction\",\"target\":[\"https:\/\/www.northstarwindows.com\/fr\/plan-du-site\/\"]}]},{\"@type\":\"BreadcrumbList\",\"@id\":\"https:\/\/www.northstarwindows.com\/fr\/plan-du-site\/#breadcrumb\",\"itemListElement\":[{\"@type\":\"ListItem\",\"position\":1,\"item\":{\"@type\":\"WebPage\",\"@id\":\"https:\/\/www.northstarwindows.com\/fr\/\",\"url\":\"https:\/\/www.northstarwindows.com\/fr\/\",\"name\":\"Home\"}},{\"@type\":\"ListItem\",\"position\":2,\"item\":{\"@type\":\"WebPage\",\"@id\":\"https:\/\/www.northstarwindows.com\/fr\/plan-du-site\/\",\"url\":\"https:\/\/www.northstarwindows.com\/fr\/plan-du-site\/\",\"name\":\"Plan du site\"}}]}]}<\/script>\n<!-- \/ Yoast SEO plugin. -->","_links":{"self":[{"href":"https:\/\/www.northstarwindows.com\/fr\/wp-json\/wp\/v2\/pages\/2089"}],"collection":[{"href":"https:\/\/www.northstarwindows.com\/fr\/wp-json\/wp\/v2\/pages"}],"about":[{"href":"https:\/\/www.northstarwindows.com\/fr\/wp-json\/wp\/v2\/types\/page"}],"author":[{"embeddable":true,"href":"https:\/\/www.northstarwindows.com\/fr\/wp-json\/wp\/v2\/users\/735"}],"replies":[{"embeddable":true,"href":"https:\/\/www.northstarwindows.com\/fr\/wp-json\/wp\/v2\/comments?post=2089"}],"version-history":[{"count":1,"href":"https:\/\/www.northstarwindows.com\/fr\/wp-json\/wp\/v2\/pages\/2089\/revisions"}],"predecessor-version":[{"id":8800,"href":"https:\/\/www.northstarwindows.com\/fr\/wp-json\/wp\/v2\/pages\/2089\/revisions\/8800"}],"wp:attachment":[{"href":"https:\/\/www.northstarwindows.com\/fr\/wp-json\/wp\/v2\/media?parent=2089"}],"wp:term":[{"taxonomy":"post_tag","embeddable":true,"href":"https:\/\/www.northstarwindows.com\/fr\/wp-json\/wp\/v2\/tags?post=2089"}],"curies":[{"name":"wp","href":"https:\/\/api.w.org\/{rel}","templated":true}]}}