{"id":2038,"date":"2015-11-24T11:26:46","date_gmt":"2015-11-24T16:26:46","guid":{"rendered":"http:\/\/www.northstarwindows.com\/fr\/?page_id=2038"},"modified":"2021-04-27T10:34:05","modified_gmt":"2021-04-27T14:34:05","slug":"modalites-dutilisation","status":"publish","type":"page","link":"https:\/\/www.northstarwindows.com\/fr\/modalites-dutilisation\/","title":{"rendered":"Modalit\u00e9s d\u2019utilisation"},"content":{"rendered":"<p>Les termes \u00ab&nbsp;North Star Manufacturing&nbsp;\u00bb, \u00ab Fen\u00eatres et portes de vinyle North Star&nbsp;\u00bb et \u00ab&nbsp;Extrusions de profil\u00e9s North Star&nbsp;\u00bb signifient North Star Manufacturing (London) Ltd. ainsi que n\u2019importe laquelle de ses filiales et soci\u00e9t\u00e9s tant apparent\u00e9es qu\u2019affili\u00e9es. Le contenu du pr\u00e9sent site est soit prot\u00e9g\u00e9 par le droit d\u2019auteur de North Star Manufacturing, soit reproduit avec la permission du d\u00e9tenteur du droit d\u2019auteur. Par cons\u00e9quent, le contenu du pr\u00e9sent site ne peut pas \u00eatre reproduit sans permission \u00e0 moins que ce soit \u00e0 des fins personnelles ou non commerciales, et ce, sans permission \u00e9crite.<\/p>\n<p>C\u2019est \u00e0 vous qu\u2019incombe la responsabilit\u00e9 d\u2019\u00e9valuer l\u2019exactitude, l\u2019int\u00e9gralit\u00e9 et la pertinence de l\u2019ensemble des opinions, conseils, services ou autres renseignements fournis. Il est entendu, quant \u00e0 toute information contenue dans quelle que page que ce soit mont\u00e9e par North Star Manufacturing, qu\u2019elle est diffus\u00e9e sans que ses auteurs, \u00e9diteurs et diffuseurs soient \u00e0 donner des avis ou opinions professionnels sur des faits ou sujets pr\u00e9cis et qu\u2019ils n\u2019assument cons\u00e9quemment aucune responsabilit\u00e9 quelle qu\u2019elle soit relativement \u00e0 votre situation personnelle. North Star Manufacturing nie donc compl\u00e8tement toute responsabilit\u00e9 pour l\u2019utilisation de l\u2019information contenue dans le pr\u00e9sent site par quel qu\u2019utilisateur que ce soit, y compris tous dommages, pertes, actions en justice, r\u00e9clamations ou frais que quiconque pourrait encourir par suite de l\u2019utilisation de cette information. Aussi, et sans limiter la g\u00e9n\u00e9ralit\u00e9 de ce qui pr\u00e9c\u00e8de, en aucun cas North Star Manufacturing sera-t-elle tenue responsable pour quels que dommages-int\u00e9r\u00eats directs, indirects, sp\u00e9ciaux ou accessoires que ce soient r\u00e9sultant de l\u2019utilisation de l\u2019information ci-incluse. North Star Manufacturing ne peut pas garantir que tout hyperlien du site sera exact au moment de votre acc\u00e8s. De plus, les sites auxquels m\u00e8nent les hyperliens sont mis au point et possiblement entretenus par des personnes sur lesquelles North Star Manufacturing n\u2019a aucune autorit\u00e9. Nous ne sommes pas en mesure de surveiller les sites qui sont li\u00e9s \u00e0 nos pages d\u2019Internet. Par cons\u00e9quent, North Star Manufacturing n\u2019assume aucune responsabilit\u00e9 pour le contenu de tous sites r\u00e9f\u00e9renc\u00e9s par un hyperlien ou autrement. North Star Manufacturing est d\u2019avis que le fait d\u2019offrir des hyperliens \u00e0 des pages Web et forums publics s\u2019av\u00e8re acceptable du point de vue juridique et en accord avec les attentes habituelles des personnes utilisant Internet. North Star Manufacturing ne garantit pas que tous logiciels, renseignements ou autres effets accessibles par ses pages Web soient exempts de virus, de vers, de chevaux de Troie ni d\u2019autres composants nuisibles. La cr\u00e9ation et l\u2019utilisation de notre site Web ainsi que tous litiges ou actions survenant de notre site Web ou de tout contenu du site seront r\u00e9gis par les lois de la province de l\u2019Ontario, Canada.<\/p>\n<p><strong>Pour de plus amples renseignements, veuillez joindre<\/strong><strong>&nbsp;<\/strong><strong>:<\/strong><br \/>\nMonsieur Sheldon Dyck<br \/>\n<em>Le directeur des syst\u00e8mes de gestion<\/em><br \/>\nNorth Star Manufacturing<br \/>\n40684 Talbot Line<br \/>\nSt. Thomas (Ontario)<br \/>\nCanada N5P 3T2<br \/>\nT\u00e9l\u00e9phone&nbsp;: (519) 637-7899<\/p>\n","protected":false},"excerpt":{"rendered":"<p>Les termes \u00ab&nbsp;North Star Manufacturing&nbsp;\u00bb, \u00ab Fen\u00eatres et portes de vinyle North Star&nbsp;\u00bb et \u00ab&nbsp;Extrusions de profil\u00e9s North Star&nbsp;\u00bb signifient North Star Manufacturing (London) Ltd. ainsi que n\u2019importe laquelle de ses filiales et soci\u00e9t\u00e9s tant apparent\u00e9es qu\u2019affili\u00e9es. Le contenu du pr\u00e9sent site est soit prot\u00e9g\u00e9 par le droit d\u2019auteur de North Star Manufacturing, soit reproduit [&hellip;]<\/p>\n","protected":false},"author":735,"featured_media":0,"parent":0,"menu_order":0,"comment_status":"closed","ping_status":"open","template":"template-sidebar.php","meta":{"ngg_post_thumbnail":0},"tags":[],"yoast_head":"<!-- This site is optimized with the Yoast SEO plugin v16.1.1 - https:\/\/yoast.com\/wordpress\/plugins\/seo\/ -->\n<meta name=\"description\" content=\"Le contenu de ce site internet est prot\u00e9g\u00e9 par droits d\u2019auteur par North Star Manufacturing ou a \u00e9t\u00e9 reproduit avec la permission du propri\u00e9taire du droit d\u2019auteur.\" \/>\n<link rel=\"canonical\" href=\"https:\/\/www.northstarwindows.com\/fr\/modalites-dutilisation\/\" \/>\n<meta property=\"og:locale\" content=\"fr_FR\" \/>\n<meta property=\"og:type\" content=\"article\" \/>\n<meta property=\"og:title\" content=\"Modalit\u00e9s d\u2019utilisation | North Star Windows\" \/>\n<meta property=\"og:description\" content=\"Le contenu de ce site internet est prot\u00e9g\u00e9 par droits d\u2019auteur par North Star Manufacturing ou a \u00e9t\u00e9 reproduit avec la permission du propri\u00e9taire du droit d\u2019auteur.\" \/>\n<meta property=\"og:url\" content=\"https:\/\/www.northstarwindows.com\/fr\/modalites-dutilisation\/\" \/>\n<meta property=\"og:site_name\" content=\"North Star Windows\" \/>\n<meta property=\"article:modified_time\" content=\"2021-04-27T14:34:05+00:00\" \/>\n<meta name=\"twitter:card\" content=\"summary\" \/>\n<meta name=\"twitter:label1\" content=\"Dur\u00e9e de lecture est.\">\n\t<meta name=\"twitter:data1\" content=\"3 minutes\">\n<script type=\"application\/ld+json\" class=\"yoast-schema-graph\">{\"@context\":\"https:\/\/schema.org\",\"@graph\":[{\"@type\":\"Organization\",\"@id\":\"https:\/\/www.northstarwindows.com\/#organization\",\"name\":\"North Star Windows and Doors\",\"url\":\"https:\/\/www.northstarwindows.com\/\",\"sameAs\":[],\"logo\":{\"@type\":\"ImageObject\",\"@id\":\"https:\/\/www.northstarwindows.com\/#logo\",\"inLanguage\":\"fr-FR\",\"url\":\"https:\/\/www.northstarwindows.com\/wp-content\/uploads\/2026\/01\/logo.png\",\"contentUrl\":\"https:\/\/www.northstarwindows.com\/wp-content\/uploads\/2026\/01\/logo.png\",\"width\":247,\"height\":45,\"caption\":\"North Star Windows and Doors\"},\"image\":{\"@id\":\"https:\/\/www.northstarwindows.com\/#logo\"}},{\"@type\":\"WebSite\",\"@id\":\"https:\/\/www.northstarwindows.com\/#website\",\"url\":\"https:\/\/www.northstarwindows.com\/\",\"name\":\"North Star Windows\",\"description\":\"\",\"publisher\":{\"@id\":\"https:\/\/www.northstarwindows.com\/#organization\"},\"potentialAction\":[{\"@type\":\"SearchAction\",\"target\":\"https:\/\/www.northstarwindows.com\/?s={search_term_string}\",\"query-input\":\"required name=search_term_string\"}],\"inLanguage\":\"fr-FR\"},{\"@type\":\"WebPage\",\"@id\":\"https:\/\/www.northstarwindows.com\/fr\/modalites-dutilisation\/#webpage\",\"url\":\"https:\/\/www.northstarwindows.com\/fr\/modalites-dutilisation\/\",\"name\":\"Modalit\\u00e9s d\\u2019utilisation | North Star Windows\",\"isPartOf\":{\"@id\":\"https:\/\/www.northstarwindows.com\/#website\"},\"datePublished\":\"2015-11-24T16:26:46+00:00\",\"dateModified\":\"2021-04-27T14:34:05+00:00\",\"description\":\"Le contenu de ce site internet est prot\\u00e9g\\u00e9 par droits d\\u2019auteur par North Star Manufacturing ou a \\u00e9t\\u00e9 reproduit avec la permission du propri\\u00e9taire du droit d\\u2019auteur.\",\"breadcrumb\":{\"@id\":\"https:\/\/www.northstarwindows.com\/fr\/modalites-dutilisation\/#breadcrumb\"},\"inLanguage\":\"fr-FR\",\"potentialAction\":[{\"@type\":\"ReadAction\",\"target\":[\"https:\/\/www.northstarwindows.com\/fr\/modalites-dutilisation\/\"]}]},{\"@type\":\"BreadcrumbList\",\"@id\":\"https:\/\/www.northstarwindows.com\/fr\/modalites-dutilisation\/#breadcrumb\",\"itemListElement\":[{\"@type\":\"ListItem\",\"position\":1,\"item\":{\"@type\":\"WebPage\",\"@id\":\"https:\/\/www.northstarwindows.com\/fr\/\",\"url\":\"https:\/\/www.northstarwindows.com\/fr\/\",\"name\":\"Home\"}},{\"@type\":\"ListItem\",\"position\":2,\"item\":{\"@type\":\"WebPage\",\"@id\":\"https:\/\/www.northstarwindows.com\/fr\/modalites-dutilisation\/\",\"url\":\"https:\/\/www.northstarwindows.com\/fr\/modalites-dutilisation\/\",\"name\":\"Modalit\\u00e9s d\\u2019utilisation\"}}]}]}<\/script>\n<!-- \/ Yoast SEO plugin. -->","_links":{"self":[{"href":"https:\/\/www.northstarwindows.com\/fr\/wp-json\/wp\/v2\/pages\/2038"}],"collection":[{"href":"https:\/\/www.northstarwindows.com\/fr\/wp-json\/wp\/v2\/pages"}],"about":[{"href":"https:\/\/www.northstarwindows.com\/fr\/wp-json\/wp\/v2\/types\/page"}],"author":[{"embeddable":true,"href":"https:\/\/www.northstarwindows.com\/fr\/wp-json\/wp\/v2\/users\/735"}],"replies":[{"embeddable":true,"href":"https:\/\/www.northstarwindows.com\/fr\/wp-json\/wp\/v2\/comments?post=2038"}],"version-history":[{"count":2,"href":"https:\/\/www.northstarwindows.com\/fr\/wp-json\/wp\/v2\/pages\/2038\/revisions"}],"predecessor-version":[{"id":8802,"href":"https:\/\/www.northstarwindows.com\/fr\/wp-json\/wp\/v2\/pages\/2038\/revisions\/8802"}],"wp:attachment":[{"href":"https:\/\/www.northstarwindows.com\/fr\/wp-json\/wp\/v2\/media?parent=2038"}],"wp:term":[{"taxonomy":"post_tag","embeddable":true,"href":"https:\/\/www.northstarwindows.com\/fr\/wp-json\/wp\/v2\/tags?post=2038"}],"curies":[{"name":"wp","href":"https:\/\/api.w.org\/{rel}","templated":true}]}}