{"id":2030,"date":"2015-11-24T11:01:45","date_gmt":"2015-11-24T16:01:45","guid":{"rendered":"http:\/\/www.northstarwindows.com\/fr\/?page_id=2030"},"modified":"2021-04-27T10:35:28","modified_gmt":"2021-04-27T14:35:28","slug":"pour-nous-joindre","status":"publish","type":"page","link":"https:\/\/www.northstarwindows.com\/fr\/pour-nous-joindre\/","title":{"rendered":"Pour nous joindre"},"content":{"rendered":"<script type=\"text\/javascript\">var gform;gform||(document.addEventListener(\"gform_main_scripts_loaded\",function(){gform.scriptsLoaded=!0}),window.addEventListener(\"DOMContentLoaded\",function(){gform.domLoaded=!0}),gform={domLoaded:!1,scriptsLoaded:!1,initializeOnLoaded:function(o){gform.domLoaded&&gform.scriptsLoaded?o():!gform.domLoaded&&gform.scriptsLoaded?window.addEventListener(\"DOMContentLoaded\",o):document.addEventListener(\"gform_main_scripts_loaded\",o)},hooks:{action:{},filter:{}},addAction:function(o,n,r,t){gform.addHook(\"action\",o,n,r,t)},addFilter:function(o,n,r,t){gform.addHook(\"filter\",o,n,r,t)},doAction:function(o){gform.doHook(\"action\",o,arguments)},applyFilters:function(o){return gform.doHook(\"filter\",o,arguments)},removeAction:function(o,n){gform.removeHook(\"action\",o,n)},removeFilter:function(o,n,r){gform.removeHook(\"filter\",o,n,r)},addHook:function(o,n,r,t,i){null==gform.hooks[o][n]&&(gform.hooks[o][n]=[]);var e=gform.hooks[o][n];null==i&&(i=n+\"_\"+e.length),gform.hooks[o][n].push({tag:i,callable:r,priority:t=null==t?10:t})},doHook:function(n,o,r){var t;if(r=Array.prototype.slice.call(r,1),null!=gform.hooks[n][o]&&((o=gform.hooks[n][o]).sort(function(o,n){return o.priority-n.priority}),o.forEach(function(o){\"function\"!=typeof(t=o.callable)&&(t=window[t]),\"action\"==n?t.apply(null,r):r[0]=t.apply(null,r)})),\"filter\"==n)return r[0]},removeHook:function(o,n,t,i){var r;null!=gform.hooks[o][n]&&(r=(r=gform.hooks[o][n]).filter(function(o,n,r){return!!(null!=i&&i!=o.tag||null!=t&&t!=o.priority)}),gform.hooks[o][n]=r)}});<\/script>\n                <div class='gf_browser_gecko gform_wrapper gform_legacy_markup_wrapper gform-theme--no-framework' data-form-theme='legacy' data-form-index='0' id='gform_wrapper_26' ><form method='post' enctype='multipart\/form-data'  id='gform_26'  action='\/fr\/wp-json\/wp\/v2\/pages\/2030' data-formid='26' ><div class='gf_invisible ginput_recaptchav3' data-sitekey='6Ldi82IrAAAAAM6Vsn73fUhshy0B_e0GOmq3pHt7' data-tabindex='0'><input id=\"input_2bccff7433b3a6443a4934b5c71c82ce\" class=\"gfield_recaptcha_response\" type=\"hidden\" name=\"input_2bccff7433b3a6443a4934b5c71c82ce\" value=\"\"\/><\/div>\n                        <div class='gform-body gform_body'><ul id='gform_fields_26' class='gform_fields top_label form_sublabel_below description_below'><li id=\"field_26_1\"  class=\"gfield gfield--type-text half gfield_contains_required field_sublabel_below gfield--no-description field_description_below gfield_visibility_visible\"  data-js-reload=\"field_26_1\"><label class='gfield_label gform-field-label' for='input_26_1' >Nom<span class=\"gfield_required\"><span class=\"gfield_required gfield_required_asterisk\">*<\/span><\/span><\/label><div class='ginput_container ginput_container_text'><input name='input_1' id='input_26_1' type='text' value='' class='medium'     aria-required=\"true\" aria-invalid=\"false\"   \/> <\/div><\/li><li id=\"field_26_2\"  class=\"gfield gfield--type-phone half gfield_contains_required field_sublabel_below gfield--no-description field_description_below gfield_visibility_visible\"  data-js-reload=\"field_26_2\"><label class='gfield_label gform-field-label' for='input_26_2' >T\u00e9l.<span class=\"gfield_required\"><span class=\"gfield_required gfield_required_asterisk\">*<\/span><\/span><\/label><div class='ginput_container ginput_container_phone'><input name='input_2' id='input_26_2' type='text' value='' class='medium'   aria-required=\"true\" aria-invalid=\"false\"   \/><\/div><\/li><li id=\"field_26_3\"  class=\"gfield gfield--type-email half gfield_contains_required field_sublabel_below gfield--no-description field_description_below gfield_visibility_visible\"  data-js-reload=\"field_26_3\"><label class='gfield_label gform-field-label' for='input_26_3' >Courriel<span class=\"gfield_required\"><span class=\"gfield_required gfield_required_asterisk\">*<\/span><\/span><\/label><div class='ginput_container ginput_container_email'>\n                            <input name='input_3' id='input_26_3' type='text' value='' class='medium'    aria-required=\"true\" aria-invalid=\"false\"  \/>\n                        <\/div><\/li><li id=\"field_26_4\"  class=\"gfield gfield--type-text half gfield_contains_required field_sublabel_below gfield--no-description field_description_below gfield_visibility_visible\"  data-js-reload=\"field_26_4\"><label class='gfield_label gform-field-label' for='input_26_4' >Municipalit\u00e9<span class=\"gfield_required\"><span class=\"gfield_required gfield_required_asterisk\">*<\/span><\/span><\/label><div class='ginput_container ginput_container_text'><input name='input_4' id='input_26_4' type='text' value='' class='medium'     aria-required=\"true\" aria-invalid=\"false\"   \/> <\/div><\/li><li id=\"field_26_5\"  class=\"gfield gfield--type-text field_sublabel_below gfield--no-description field_description_below gfield_visibility_visible\"  data-js-reload=\"field_26_5\"><label class='gfield_label gform-field-label' for='input_26_5' >Num\u00e9ro de commande<\/label><div class='ginput_container ginput_container_text'><input name='input_5' id='input_26_5' type='text' value='' class='medium'      aria-invalid=\"false\"   \/> <\/div><\/li><li id=\"field_26_6\"  class=\"gfield gfield--type-textarea gfield_contains_required field_sublabel_below gfield--no-description field_description_below gfield_visibility_visible\"  data-js-reload=\"field_26_6\"><label class='gfield_label gform-field-label' for='input_26_6' >Message<span class=\"gfield_required\"><span class=\"gfield_required gfield_required_asterisk\">*<\/span><\/span><\/label><div class='ginput_container ginput_container_textarea'><textarea name='input_6' id='input_26_6' class='textarea medium'     aria-required=\"true\" aria-invalid=\"false\"   rows='10' cols='50'><\/textarea><\/div><\/li><\/ul><\/div>\n        <div class='gform_footer top_label'> <input type='submit' id='gform_submit_button_26' class='gform_button button' value='Soumettre'  onclick='if(window[\"gf_submitting_26\"]){return false;}  window[\"gf_submitting_26\"]=true;  ' onkeypress='if( event.keyCode == 13 ){ if(window[\"gf_submitting_26\"]){return false;} window[\"gf_submitting_26\"]=true;  jQuery(\"#gform_26\").trigger(\"submit\",[true]); }' \/> \n            <input type='hidden' class='gform_hidden' name='is_submit_26' value='1' \/>\n            <input type='hidden' class='gform_hidden' name='gform_submit' value='26' \/>\n            \n            <input type='hidden' class='gform_hidden' name='gform_unique_id' value='' \/>\n            <input type='hidden' class='gform_hidden' name='state_26' value='WyJbXSIsImMzOGNiNWEwMTY1ZGMzZWQ0ZDg2ZmU2YzIyNjhiZjA4Il0=' \/>\n            <input type='hidden' class='gform_hidden' name='gform_target_page_number_26' id='gform_target_page_number_26' value='0' \/>\n            <input type='hidden' class='gform_hidden' name='gform_source_page_number_26' id='gform_source_page_number_26' value='1' \/>\n            <input type='hidden' name='gform_field_values' value='' \/>\n            \n        <\/div>\n                        <\/form>\n                        <\/div><script type=\"text\/javascript\">\ngform.initializeOnLoaded( function() {gformInitSpinner( 26, 'https:\/\/www.northstarwindows.com\/wp-content\/plugins\/gravityforms\/images\/spinner.svg', true );jQuery('#gform_ajax_frame_26').on('load',function(){var contents = jQuery(this).contents().find('*').html();var is_postback = contents.indexOf('GF_AJAX_POSTBACK') >= 0;if(!is_postback){return;}var form_content = jQuery(this).contents().find('#gform_wrapper_26');var is_confirmation = jQuery(this).contents().find('#gform_confirmation_wrapper_26').length > 0;var is_redirect = contents.indexOf('gformRedirect(){') >= 0;var is_form = form_content.length > 0 && ! is_redirect && ! is_confirmation;var mt = parseInt(jQuery('html').css('margin-top'), 10) + parseInt(jQuery('body').css('margin-top'), 10) + 100;if(is_form){jQuery('#gform_wrapper_26').html(form_content.html());if(form_content.hasClass('gform_validation_error')){jQuery('#gform_wrapper_26').addClass('gform_validation_error');} else {jQuery('#gform_wrapper_26').removeClass('gform_validation_error');}setTimeout( function() { \/* delay the scroll by 50 milliseconds to fix a bug in chrome *\/  }, 50 );if(window['gformInitDatepicker']) {gformInitDatepicker();}if(window['gformInitPriceFields']) {gformInitPriceFields();}var current_page = jQuery('#gform_source_page_number_26').val();gformInitSpinner( 26, 'https:\/\/www.northstarwindows.com\/wp-content\/plugins\/gravityforms\/images\/spinner.svg', true );jQuery(document).trigger('gform_page_loaded', [26, current_page]);window['gf_submitting_26'] = false;}else if(!is_redirect){var confirmation_content = jQuery(this).contents().find('.GF_AJAX_POSTBACK').html();if(!confirmation_content){confirmation_content = contents;}setTimeout(function(){jQuery('#gform_wrapper_26').replaceWith(confirmation_content);jQuery(document).trigger('gform_confirmation_loaded', [26]);window['gf_submitting_26'] = false;wp.a11y.speak(jQuery('#gform_confirmation_message_26').text());}, 50);}else{jQuery('#gform_26').append(contents);if(window['gformRedirect']) {gformRedirect();}}jQuery(document).trigger('gform_post_render', [26, current_page]);gform.utils.trigger({ event: 'gform\/postRender', native: false, data: { formId: 26, currentPage: current_page } });} );} );\n<\/script>\n\n","protected":false},"excerpt":{"rendered":"","protected":false},"author":735,"featured_media":0,"parent":0,"menu_order":0,"comment_status":"closed","ping_status":"open","template":"template-contact.php","meta":{"ngg_post_thumbnail":0},"tags":[],"yoast_head":"<!-- This site is optimized with the Yoast SEO plugin v16.1.1 - https:\/\/yoast.com\/wordpress\/plugins\/seo\/ -->\n<meta name=\"description\" content=\"North Star est situ\u00e9 \u00e0 une heure de la fronti\u00e8re Canada\/\u00c9tats-Unis par le passage frontalier moderne Bluewater \u00e0 Sarnia, en Ontario et par le Port Huron, au Michigan.\" \/>\n<link rel=\"canonical\" href=\"https:\/\/www.northstarwindows.com\/fr\/pour-nous-joindre\/\" \/>\n<meta property=\"og:locale\" content=\"fr_FR\" \/>\n<meta property=\"og:type\" content=\"article\" \/>\n<meta property=\"og:title\" content=\"Pour nous joindre | North Star Windows\" \/>\n<meta property=\"og:description\" content=\"North Star est situ\u00e9 \u00e0 une heure de la fronti\u00e8re Canada\/\u00c9tats-Unis par le passage frontalier moderne Bluewater \u00e0 Sarnia, en Ontario et par le Port Huron, au Michigan.\" \/>\n<meta property=\"og:url\" content=\"https:\/\/www.northstarwindows.com\/fr\/pour-nous-joindre\/\" \/>\n<meta property=\"og:site_name\" content=\"North Star Windows\" \/>\n<meta property=\"article:modified_time\" content=\"2021-04-27T14:35:28+00:00\" \/>\n<meta name=\"twitter:card\" content=\"summary\" \/>\n<meta name=\"twitter:label1\" content=\"Dur\u00e9e de lecture est.\">\n\t<meta name=\"twitter:data1\" content=\"1 minute\">\n<script type=\"application\/ld+json\" class=\"yoast-schema-graph\">{\"@context\":\"https:\/\/schema.org\",\"@graph\":[{\"@type\":\"Organization\",\"@id\":\"https:\/\/www.northstarwindows.com\/#organization\",\"name\":\"North Star Windows and Doors\",\"url\":\"https:\/\/www.northstarwindows.com\/\",\"sameAs\":[],\"logo\":{\"@type\":\"ImageObject\",\"@id\":\"https:\/\/www.northstarwindows.com\/#logo\",\"inLanguage\":\"fr-FR\",\"url\":\"https:\/\/www.northstarwindows.com\/wp-content\/uploads\/2026\/01\/logo.png\",\"contentUrl\":\"https:\/\/www.northstarwindows.com\/wp-content\/uploads\/2026\/01\/logo.png\",\"width\":247,\"height\":45,\"caption\":\"North Star Windows and Doors\"},\"image\":{\"@id\":\"https:\/\/www.northstarwindows.com\/#logo\"}},{\"@type\":\"WebSite\",\"@id\":\"https:\/\/www.northstarwindows.com\/#website\",\"url\":\"https:\/\/www.northstarwindows.com\/\",\"name\":\"North Star Windows\",\"description\":\"\",\"publisher\":{\"@id\":\"https:\/\/www.northstarwindows.com\/#organization\"},\"potentialAction\":[{\"@type\":\"SearchAction\",\"target\":\"https:\/\/www.northstarwindows.com\/?s={search_term_string}\",\"query-input\":\"required name=search_term_string\"}],\"inLanguage\":\"fr-FR\"},{\"@type\":\"WebPage\",\"@id\":\"https:\/\/www.northstarwindows.com\/fr\/pour-nous-joindre\/#webpage\",\"url\":\"https:\/\/www.northstarwindows.com\/fr\/pour-nous-joindre\/\",\"name\":\"Pour nous joindre | North Star Windows\",\"isPartOf\":{\"@id\":\"https:\/\/www.northstarwindows.com\/#website\"},\"datePublished\":\"2015-11-24T16:01:45+00:00\",\"dateModified\":\"2021-04-27T14:35:28+00:00\",\"description\":\"North Star est situ\\u00e9 \\u00e0 une heure de la fronti\\u00e8re Canada\/\\u00c9tats-Unis par le passage frontalier moderne Bluewater \\u00e0 Sarnia, en Ontario et par le Port Huron, au Michigan.\",\"breadcrumb\":{\"@id\":\"https:\/\/www.northstarwindows.com\/fr\/pour-nous-joindre\/#breadcrumb\"},\"inLanguage\":\"fr-FR\",\"potentialAction\":[{\"@type\":\"ReadAction\",\"target\":[\"https:\/\/www.northstarwindows.com\/fr\/pour-nous-joindre\/\"]}]},{\"@type\":\"BreadcrumbList\",\"@id\":\"https:\/\/www.northstarwindows.com\/fr\/pour-nous-joindre\/#breadcrumb\",\"itemListElement\":[{\"@type\":\"ListItem\",\"position\":1,\"item\":{\"@type\":\"WebPage\",\"@id\":\"https:\/\/www.northstarwindows.com\/fr\/\",\"url\":\"https:\/\/www.northstarwindows.com\/fr\/\",\"name\":\"Home\"}},{\"@type\":\"ListItem\",\"position\":2,\"item\":{\"@type\":\"WebPage\",\"@id\":\"https:\/\/www.northstarwindows.com\/fr\/pour-nous-joindre\/\",\"url\":\"https:\/\/www.northstarwindows.com\/fr\/pour-nous-joindre\/\",\"name\":\"Pour nous joindre\"}}]}]}<\/script>\n<!-- \/ Yoast SEO plugin. -->","_links":{"self":[{"href":"https:\/\/www.northstarwindows.com\/fr\/wp-json\/wp\/v2\/pages\/2030"}],"collection":[{"href":"https:\/\/www.northstarwindows.com\/fr\/wp-json\/wp\/v2\/pages"}],"about":[{"href":"https:\/\/www.northstarwindows.com\/fr\/wp-json\/wp\/v2\/types\/page"}],"author":[{"embeddable":true,"href":"https:\/\/www.northstarwindows.com\/fr\/wp-json\/wp\/v2\/users\/735"}],"replies":[{"embeddable":true,"href":"https:\/\/www.northstarwindows.com\/fr\/wp-json\/wp\/v2\/comments?post=2030"}],"version-history":[{"count":1,"href":"https:\/\/www.northstarwindows.com\/fr\/wp-json\/wp\/v2\/pages\/2030\/revisions"}],"predecessor-version":[{"id":8539,"href":"https:\/\/www.northstarwindows.com\/fr\/wp-json\/wp\/v2\/pages\/2030\/revisions\/8539"}],"wp:attachment":[{"href":"https:\/\/www.northstarwindows.com\/fr\/wp-json\/wp\/v2\/media?parent=2030"}],"wp:term":[{"taxonomy":"post_tag","embeddable":true,"href":"https:\/\/www.northstarwindows.com\/fr\/wp-json\/wp\/v2\/tags?post=2030"}],"curies":[{"name":"wp","href":"https:\/\/api.w.org\/{rel}","templated":true}]}}