{"id":1988,"date":"2015-11-19T10:16:05","date_gmt":"2015-11-19T15:16:05","guid":{"rendered":"http:\/\/www.northstarwindows.com\/fr\/?page_id=1988"},"modified":"2021-04-27T10:34:52","modified_gmt":"2021-04-27T14:34:52","slug":"options-de-moulure-exterieure-a-brique","status":"publish","type":"page","link":"https:\/\/www.northstarwindows.com\/fr\/options-de-moulure-exterieure-a-brique\/","title":{"rendered":"Options de moulure ext\u00e9rieure \u00e0 brique"},"content":{"rendered":"<p>Nous offrons une vari\u00e9t\u00e9 de grandeurs et de mod\u00e8les de moulures \u00e0 brique pour se pr\u00eater \u00e0 toute installation. Demandez \u00e0 votre entrepreneur quelle option r\u00e9pond le mieux \u00e0 la v\u00f4tre.<\/p>\n<h2><strong>Moulures <\/strong><strong>\u00e0<\/strong> <strong>brique offertes pour la S<\/strong><strong>\u00e9<\/strong><strong>rie 1000 de fen<\/strong><strong>\u00ea<\/strong><strong>tres<\/strong><\/h2>\n\n<div class=\"ngg-galleryoverview ngg-template-caption\" id=\"ngg-gallery-724516972efc094634690e2c5c780181-1988\">\n\n\t<!-- Slideshow link -->\n\t<div class=\"slideshowlink\">\n\t\t<a class=\"slideshowlink\" href=\"https:\/\/www.northstarwindows.com\/fr\/options-de-moulure-exterieure-a-brique\/nggallery\/slideshow\">\n\t\t\t[Show slideshow]\t\t<\/a>\n\t<\/div>\n\n\t<!-- Thumbnails -->\n    \t\t\n\t<div id=\"ngg-image-148\" class=\"ngg-gallery-thumbnail-box\"  >\n\t\t<div class=\"ngg-gallery-thumbnail\" >\n\t\t\t<a href=\"https:\/\/www.northstarwindows.com\/wp-content\/gallery\/moulures-a-brique-serie-1000\/1000-with-.5-BM.jpg\"\n               title=\"Moulure \u00e0 brique de 1\/2 po\"\n               class=\"ngg-fancybox\" rel=\"724516972efc094634690e2c5c780181\" data-image-id=\"148\" data-src=\"https:\/\/www.northstarwindows.com\/wp-content\/gallery\/moulures-a-brique-serie-1000\/1000-with-.5-BM.jpg\" data-thumbnail=\"https:\/\/www.northstarwindows.com\/wp-content\/gallery\/moulures-a-brique-serie-1000\/thumbs\/thumbs_1000-with-.5-BM.jpg\" data-title=\"Moulure \u00e0 brique de 1\/2 po\" data-description=\"Moulure \u00e0 brique de 1\/2 po\" >\n\t\t\t\t\t\t\t\t<img title=\"Moulure \u00e0 brique de 1\/2 po\" alt=\"Moulure \u00e0 brique de 1\/2 po\" src=\"https:\/\/www.northstarwindows.com\/wp-content\/gallery\/moulures-a-brique-serie-1000\/thumbs\/thumbs_1000-with-.5-BM.jpg\" width='120' height='90' \/>\n\t\t\t\t\t\t\t<\/a>\n\t\t\t<span>Moulure \u00e0 brique de 1\/2 po<\/span>\n\t\t<\/div>\n\t<\/div>\n\t\t \t\t\n\t<div id=\"ngg-image-149\" class=\"ngg-gallery-thumbnail-box\"  >\n\t\t<div class=\"ngg-gallery-thumbnail\" >\n\t\t\t<a href=\"https:\/\/www.northstarwindows.com\/wp-content\/gallery\/moulures-a-brique-serie-1000\/1000-with-1.5-BM.jpg\"\n               title=\"Moulure \u00e0 brique de 1 1\/2 po\"\n               class=\"ngg-fancybox\" rel=\"724516972efc094634690e2c5c780181\" data-image-id=\"149\" data-src=\"https:\/\/www.northstarwindows.com\/wp-content\/gallery\/moulures-a-brique-serie-1000\/1000-with-1.5-BM.jpg\" data-thumbnail=\"https:\/\/www.northstarwindows.com\/wp-content\/gallery\/moulures-a-brique-serie-1000\/thumbs\/thumbs_1000-with-1.5-BM.jpg\" data-title=\"Moulure \u00e0 brique de 1 1\/2 po\" data-description=\"Moulure \u00e0 brique de 1 1\/2 po\" >\n\t\t\t\t\t\t\t\t<img title=\"Moulure \u00e0 brique de 1 1\/2 po\" alt=\"Moulure \u00e0 brique de 1 1\/2 po\" src=\"https:\/\/www.northstarwindows.com\/wp-content\/gallery\/moulures-a-brique-serie-1000\/thumbs\/thumbs_1000-with-1.5-BM.jpg\" width='120' height='90' \/>\n\t\t\t\t\t\t\t<\/a>\n\t\t\t<span>Moulure \u00e0 brique de 1 1\/2 po<\/span>\n\t\t<\/div>\n\t<\/div>\n\t\t \t\t\n\t<div id=\"ngg-image-150\" class=\"ngg-gallery-thumbnail-box\"  >\n\t\t<div class=\"ngg-gallery-thumbnail\" >\n\t\t\t<a href=\"https:\/\/www.northstarwindows.com\/wp-content\/gallery\/moulures-a-brique-serie-1000\/1000-with-1.5-inc-cap-BM.jpg\"\n               title=\"Moulure \u00e0 brique de 1 1\/2 po avec recouvrement\"\n               class=\"ngg-fancybox\" rel=\"724516972efc094634690e2c5c780181\" data-image-id=\"150\" data-src=\"https:\/\/www.northstarwindows.com\/wp-content\/gallery\/moulures-a-brique-serie-1000\/1000-with-1.5-inc-cap-BM.jpg\" data-thumbnail=\"https:\/\/www.northstarwindows.com\/wp-content\/gallery\/moulures-a-brique-serie-1000\/thumbs\/thumbs_1000-with-1.5-inc-cap-BM.jpg\" data-title=\"Moulure \u00e0 brique de 1 1\/2 po avec recouvrement\" data-description=\"Moulure \u00e0 brique de 1 1\/2 po avec recouvrement\" >\n\t\t\t\t\t\t\t\t<img title=\"Moulure \u00e0 brique de 1 1\/2 po avec recouvrement\" alt=\"Moulure \u00e0 brique de 1 1\/2 po avec recouvrement\" src=\"https:\/\/www.northstarwindows.com\/wp-content\/gallery\/moulures-a-brique-serie-1000\/thumbs\/thumbs_1000-with-1.5-inc-cap-BM.jpg\" width='120' height='90' \/>\n\t\t\t\t\t\t\t<\/a>\n\t\t\t<span>Moulure \u00e0 brique de 1 1\/2 po avec recouvrement<\/span>\n\t\t<\/div>\n\t<\/div>\n\t\t \t\t\n\t<div id=\"ngg-image-151\" class=\"ngg-gallery-thumbnail-box\"  >\n\t\t<div class=\"ngg-gallery-thumbnail\" >\n\t\t\t<a href=\"https:\/\/www.northstarwindows.com\/wp-content\/gallery\/moulures-a-brique-serie-1000\/1000-with-1.25-BM.jpg\"\n               title=\"Moulure \u00e0 brique de 1 1\/4 po\"\n               class=\"ngg-fancybox\" rel=\"724516972efc094634690e2c5c780181\" data-image-id=\"151\" data-src=\"https:\/\/www.northstarwindows.com\/wp-content\/gallery\/moulures-a-brique-serie-1000\/1000-with-1.25-BM.jpg\" data-thumbnail=\"https:\/\/www.northstarwindows.com\/wp-content\/gallery\/moulures-a-brique-serie-1000\/thumbs\/thumbs_1000-with-1.25-BM.jpg\" data-title=\"Moulure \u00e0 brique de 1 1\/4 po\" data-description=\"Moulure \u00e0 brique de 1 1\/4 po\" >\n\t\t\t\t\t\t\t\t<img title=\"Moulure \u00e0 brique de 1 1\/4 po\" alt=\"Moulure \u00e0 brique de 1 1\/4 po\" src=\"https:\/\/www.northstarwindows.com\/wp-content\/gallery\/moulures-a-brique-serie-1000\/thumbs\/thumbs_1000-with-1.25-BM.jpg\" width='120' height='90' \/>\n\t\t\t\t\t\t\t<\/a>\n\t\t\t<span>Moulure \u00e0 brique de 1 1\/4 po<\/span>\n\t\t<\/div>\n\t<\/div>\n\t\t \t\t\n\t<div id=\"ngg-image-152\" class=\"ngg-gallery-thumbnail-box\"  >\n\t\t<div class=\"ngg-gallery-thumbnail\" >\n\t\t\t<a href=\"https:\/\/www.northstarwindows.com\/wp-content\/gallery\/moulures-a-brique-serie-1000\/1000-with-2-inc-cap-BM.jpg\"\n               title=\"Moulure \u00e0 brique de 2 po avec recouvrement\"\n               class=\"ngg-fancybox\" rel=\"724516972efc094634690e2c5c780181\" data-image-id=\"152\" data-src=\"https:\/\/www.northstarwindows.com\/wp-content\/gallery\/moulures-a-brique-serie-1000\/1000-with-2-inc-cap-BM.jpg\" data-thumbnail=\"https:\/\/www.northstarwindows.com\/wp-content\/gallery\/moulures-a-brique-serie-1000\/thumbs\/thumbs_1000-with-2-inc-cap-BM.jpg\" data-title=\"Moulure \u00e0 brique de 2 po avec recouvrement\" data-description=\"Moulure \u00e0 brique de 2 po avec recouvrement\" >\n\t\t\t\t\t\t\t\t<img title=\"Moulure \u00e0 brique de 2 po avec recouvrement\" alt=\"Moulure \u00e0 brique de 2 po avec recouvrement\" src=\"https:\/\/www.northstarwindows.com\/wp-content\/gallery\/moulures-a-brique-serie-1000\/thumbs\/thumbs_1000-with-2-inc-cap-BM.jpg\" width='120' height='90' \/>\n\t\t\t\t\t\t\t<\/a>\n\t\t\t<span>Moulure \u00e0 brique de 2 po avec recouvrement<\/span>\n\t\t<\/div>\n\t<\/div>\n\t\t \t\t\n\t<div id=\"ngg-image-153\" class=\"ngg-gallery-thumbnail-box\"  >\n\t\t<div class=\"ngg-gallery-thumbnail\" >\n\t\t\t<a href=\"https:\/\/www.northstarwindows.com\/wp-content\/gallery\/moulures-a-brique-serie-1000\/1000-with-3.5-BM.jpg\"\n               title=\"Moulure \u00e0 brique de 3 1\/2 po\"\n               class=\"ngg-fancybox\" rel=\"724516972efc094634690e2c5c780181\" data-image-id=\"153\" data-src=\"https:\/\/www.northstarwindows.com\/wp-content\/gallery\/moulures-a-brique-serie-1000\/1000-with-3.5-BM.jpg\" data-thumbnail=\"https:\/\/www.northstarwindows.com\/wp-content\/gallery\/moulures-a-brique-serie-1000\/thumbs\/thumbs_1000-with-3.5-BM.jpg\" data-title=\"Moulure \u00e0 brique de 3 1\/2 po\" data-description=\"Moulure \u00e0 brique de 3 1\/2 po\" >\n\t\t\t\t\t\t\t\t<img title=\"Moulure \u00e0 brique de 3 1\/2 po\" alt=\"Moulure \u00e0 brique de 3 1\/2 po\" src=\"https:\/\/www.northstarwindows.com\/wp-content\/gallery\/moulures-a-brique-serie-1000\/thumbs\/thumbs_1000-with-3.5-BM.jpg\" width='120' height='90' \/>\n\t\t\t\t\t\t\t<\/a>\n\t\t\t<span>Moulure \u00e0 brique de 3 1\/2 po<\/span>\n\t\t<\/div>\n\t<\/div>\n\t\t \t\t\n\t<div id=\"ngg-image-154\" class=\"ngg-gallery-thumbnail-box\"  >\n\t\t<div class=\"ngg-gallery-thumbnail\" >\n\t\t\t<a href=\"https:\/\/www.northstarwindows.com\/wp-content\/gallery\/moulures-a-brique-serie-1000\/1000-with-NF.jpg\"\n               title=\"Moulure \u00e0 brique de 3 1\/2 po\"\n               class=\"ngg-fancybox\" rel=\"724516972efc094634690e2c5c780181\" data-image-id=\"154\" data-src=\"https:\/\/www.northstarwindows.com\/wp-content\/gallery\/moulures-a-brique-serie-1000\/1000-with-NF.jpg\" data-thumbnail=\"https:\/\/www.northstarwindows.com\/wp-content\/gallery\/moulures-a-brique-serie-1000\/thumbs\/thumbs_1000-with-NF.jpg\" data-title=\"Ailette de clouage\" data-description=\"Moulure \u00e0 brique de 3 1\/2 po\" >\n\t\t\t\t\t\t\t\t<img title=\"Ailette de clouage\" alt=\"Ailette de clouage\" src=\"https:\/\/www.northstarwindows.com\/wp-content\/gallery\/moulures-a-brique-serie-1000\/thumbs\/thumbs_1000-with-NF.jpg\" width='120' height='90' \/>\n\t\t\t\t\t\t\t<\/a>\n\t\t\t<span>Moulure \u00e0 brique de 3 1\/2 po<\/span>\n\t\t<\/div>\n\t<\/div>\n\t\t \t\t\n\t<div id=\"ngg-image-425\" class=\"ngg-gallery-thumbnail-box\"  >\n\t\t<div class=\"ngg-gallery-thumbnail\" >\n\t\t\t<a href=\"https:\/\/www.northstarwindows.com\/wp-content\/gallery\/moulures-a-brique-serie-1000\/FrameExtender1000.jpg\"\n               title=\"Prolongateur de cadre de 3 \u00bc po \u00e0 4 \u00bd po\"\n               class=\"ngg-fancybox\" rel=\"724516972efc094634690e2c5c780181\" data-image-id=\"425\" data-src=\"https:\/\/www.northstarwindows.com\/wp-content\/gallery\/moulures-a-brique-serie-1000\/FrameExtender1000.jpg\" data-thumbnail=\"https:\/\/www.northstarwindows.com\/wp-content\/gallery\/moulures-a-brique-serie-1000\/thumbs\/thumbs_FrameExtender1000.jpg\" data-title=\"Prolongateur de cadre de S\u00e9rie 1000\" data-description=\"Prolongateur de cadre de 3 \u00bc po \u00e0 4 \u00bd po\" >\n\t\t\t\t\t\t\t\t<img title=\"Prolongateur de cadre de S\u00e9rie 1000\" alt=\"Prolongateur de cadre de S\u00e9rie 1000\" src=\"https:\/\/www.northstarwindows.com\/wp-content\/gallery\/moulures-a-brique-serie-1000\/thumbs\/thumbs_FrameExtender1000.jpg\" width='120' height='90' \/>\n\t\t\t\t\t\t\t<\/a>\n\t\t\t<span>Prolongateur de cadre de 3 \u00bc po \u00e0 4 \u00bd po<\/span>\n\t\t<\/div>\n\t<\/div>\n\t\t \t \t\n\t<!-- Pagination -->\n \t<div class='ngg-clear'><\/div> \t\n<\/div>\n\n\n","protected":false},"excerpt":{"rendered":"<p>Nous offrons une vari\u00e9t\u00e9 de grandeurs et de mod\u00e8les de moulures \u00e0 brique pour se pr\u00eater \u00e0 toute installation. Demandez \u00e0 votre entrepreneur quelle option r\u00e9pond le mieux \u00e0 la v\u00f4tre. Moulures \u00e0 brique offertes pour la S\u00e9rie 1000 de fen\u00eatres<\/p>\n","protected":false},"author":735,"featured_media":0,"parent":0,"menu_order":0,"comment_status":"closed","ping_status":"open","template":"template-windows-sb.php","meta":{"ngg_post_thumbnail":0},"tags":[],"yoast_head":"<!-- This site is optimized with the Yoast SEO plugin v16.1.1 - https:\/\/yoast.com\/wordpress\/plugins\/seo\/ -->\n<meta name=\"description\" content=\"Plusieurs formats et styles de moulures de brique sont disponibles et s\u2019adaptent \u00e0 diverses installations. Demandez \u00e0 votre entrepreneur de vous trouver la meilleure option.\" \/>\n<link rel=\"canonical\" href=\"https:\/\/www.northstarwindows.com\/fr\/options-de-moulure-exterieure-a-brique\/\" \/>\n<meta property=\"og:locale\" content=\"fr_FR\" \/>\n<meta property=\"og:type\" content=\"article\" \/>\n<meta property=\"og:title\" content=\"Options de moulure ext\u00e9rieure \u00e0 brique | North Star Windows\" \/>\n<meta property=\"og:description\" content=\"Plusieurs formats et styles de moulures de brique sont disponibles et s\u2019adaptent \u00e0 diverses installations. Demandez \u00e0 votre entrepreneur de vous trouver la meilleure option.\" \/>\n<meta property=\"og:url\" content=\"https:\/\/www.northstarwindows.com\/fr\/options-de-moulure-exterieure-a-brique\/\" \/>\n<meta property=\"og:site_name\" content=\"North Star Windows\" \/>\n<meta property=\"article:modified_time\" content=\"2021-04-27T14:34:52+00:00\" \/>\n<meta name=\"twitter:card\" content=\"summary\" \/>\n<script type=\"application\/ld+json\" class=\"yoast-schema-graph\">{\"@context\":\"https:\/\/schema.org\",\"@graph\":[{\"@type\":\"Organization\",\"@id\":\"https:\/\/www.northstarwindows.com\/#organization\",\"name\":\"North Star Windows and Doors\",\"url\":\"https:\/\/www.northstarwindows.com\/\",\"sameAs\":[],\"logo\":{\"@type\":\"ImageObject\",\"@id\":\"https:\/\/www.northstarwindows.com\/#logo\",\"inLanguage\":\"fr-FR\",\"url\":\"https:\/\/www.northstarwindows.com\/wp-content\/uploads\/2026\/01\/logo.png\",\"contentUrl\":\"https:\/\/www.northstarwindows.com\/wp-content\/uploads\/2026\/01\/logo.png\",\"width\":247,\"height\":45,\"caption\":\"North Star Windows and Doors\"},\"image\":{\"@id\":\"https:\/\/www.northstarwindows.com\/#logo\"}},{\"@type\":\"WebSite\",\"@id\":\"https:\/\/www.northstarwindows.com\/#website\",\"url\":\"https:\/\/www.northstarwindows.com\/\",\"name\":\"North Star Windows\",\"description\":\"\",\"publisher\":{\"@id\":\"https:\/\/www.northstarwindows.com\/#organization\"},\"potentialAction\":[{\"@type\":\"SearchAction\",\"target\":\"https:\/\/www.northstarwindows.com\/?s={search_term_string}\",\"query-input\":\"required name=search_term_string\"}],\"inLanguage\":\"fr-FR\"},{\"@type\":\"WebPage\",\"@id\":\"https:\/\/www.northstarwindows.com\/fr\/options-de-moulure-exterieure-a-brique\/#webpage\",\"url\":\"https:\/\/www.northstarwindows.com\/fr\/options-de-moulure-exterieure-a-brique\/\",\"name\":\"Options de moulure ext\\u00e9rieure \\u00e0 brique | North Star Windows\",\"isPartOf\":{\"@id\":\"https:\/\/www.northstarwindows.com\/#website\"},\"datePublished\":\"2015-11-19T15:16:05+00:00\",\"dateModified\":\"2021-04-27T14:34:52+00:00\",\"description\":\"Plusieurs formats et styles de moulures de brique sont disponibles et s\\u2019adaptent \\u00e0 diverses installations. Demandez \\u00e0 votre entrepreneur de vous trouver la meilleure option.\",\"breadcrumb\":{\"@id\":\"https:\/\/www.northstarwindows.com\/fr\/options-de-moulure-exterieure-a-brique\/#breadcrumb\"},\"inLanguage\":\"fr-FR\",\"potentialAction\":[{\"@type\":\"ReadAction\",\"target\":[\"https:\/\/www.northstarwindows.com\/fr\/options-de-moulure-exterieure-a-brique\/\"]}]},{\"@type\":\"BreadcrumbList\",\"@id\":\"https:\/\/www.northstarwindows.com\/fr\/options-de-moulure-exterieure-a-brique\/#breadcrumb\",\"itemListElement\":[{\"@type\":\"ListItem\",\"position\":1,\"item\":{\"@type\":\"WebPage\",\"@id\":\"https:\/\/www.northstarwindows.com\/fr\/\",\"url\":\"https:\/\/www.northstarwindows.com\/fr\/\",\"name\":\"Home\"}},{\"@type\":\"ListItem\",\"position\":2,\"item\":{\"@type\":\"WebPage\",\"@id\":\"https:\/\/www.northstarwindows.com\/fr\/options-de-moulure-exterieure-a-brique\/\",\"url\":\"https:\/\/www.northstarwindows.com\/fr\/options-de-moulure-exterieure-a-brique\/\",\"name\":\"Options de moulure ext\\u00e9rieure \\u00e0 brique\"}}]}]}<\/script>\n<!-- \/ Yoast SEO plugin. -->","_links":{"self":[{"href":"https:\/\/www.northstarwindows.com\/fr\/wp-json\/wp\/v2\/pages\/1988"}],"collection":[{"href":"https:\/\/www.northstarwindows.com\/fr\/wp-json\/wp\/v2\/pages"}],"about":[{"href":"https:\/\/www.northstarwindows.com\/fr\/wp-json\/wp\/v2\/types\/page"}],"author":[{"embeddable":true,"href":"https:\/\/www.northstarwindows.com\/fr\/wp-json\/wp\/v2\/users\/735"}],"replies":[{"embeddable":true,"href":"https:\/\/www.northstarwindows.com\/fr\/wp-json\/wp\/v2\/comments?post=1988"}],"version-history":[{"count":1,"href":"https:\/\/www.northstarwindows.com\/fr\/wp-json\/wp\/v2\/pages\/1988\/revisions"}],"predecessor-version":[{"id":8803,"href":"https:\/\/www.northstarwindows.com\/fr\/wp-json\/wp\/v2\/pages\/1988\/revisions\/8803"}],"wp:attachment":[{"href":"https:\/\/www.northstarwindows.com\/fr\/wp-json\/wp\/v2\/media?parent=1988"}],"wp:term":[{"taxonomy":"post_tag","embeddable":true,"href":"https:\/\/www.northstarwindows.com\/fr\/wp-json\/wp\/v2\/tags?post=1988"}],"curies":[{"name":"wp","href":"https:\/\/api.w.org\/{rel}","templated":true}]}}