{"id":1984,"date":"2015-11-19T10:11:06","date_gmt":"2015-11-19T15:11:06","guid":{"rendered":"http:\/\/www.northstarwindows.com\/fr\/?page_id=1984"},"modified":"2016-01-29T11:18:05","modified_gmt":"2016-01-29T16:18:05","slug":"pourquoi-choisir-les-fenetres-de-north-star","status":"publish","type":"page","link":"https:\/\/www.northstarwindows.com\/fr\/pourquoi-choisir-les-fenetres-de-north-star\/","title":{"rendered":"Pourquoi choisir les fen\u00eatres de North Star"},"content":{"rendered":"<h2>North Star s\u2019est taill\u00e9e la r\u00e9putation de fabriquer et de distribuer des fen\u00eatres et des portes de vinyle qui sont \u00e9co\u00e9nerg\u00e9tiques, attrayantes et de grande qualit\u00e9.<\/h2>\n<p>&nbsp;<\/p>\n<p><iframe loading=\"lazy\" width=\"500\" height=\"281\" src=\"https:\/\/www.youtube.com\/embed\/hfnothCsZiM?feature=oembed\" frameborder=\"0\" allowfullscreen><\/iframe><\/p>\n<p>Le syst\u00e8me de fabrication de North Star assure que toutes nos fen\u00eatres et portes de vinyle sont fabriqu\u00e9es de mani\u00e8re \u00e0 r\u00e9pondre aux normes de l\u2019industrie ou \u00e0 les d\u00e9passer. Nos produits sont donc \u00e9prouv\u00e9s et homologu\u00e9s par l\u2019Association canadienne de normalisation (CSA) et ils sont conformes aux normes de la <em>American Architectural Manufacturers Association<\/em> (AAMA). En fait, nous avons tellement confiance en nos fen\u00eatres et portes que nous les couvrons avec une garantie \u00e0 vie limit\u00e9e cessible.<\/p>\n<p>Ainsi, lorsque vous faites l\u2019achat de produits North Star, vous savez que vous obtenez le meilleur rapport qualit\u00e9-prix qui soit pour votre investissement.<\/p>\n<p>Les solides rapports que nous entretenons avec nos divers partenaires de fabrication nous ont aid\u00e9 \u00e0 maintenir notre r\u00e9putation en mati\u00e8re de leadership, d\u2019innovation et de production de fen\u00eatres et de portes d\u2019impeccable qualit\u00e9.<\/p>\n","protected":false},"excerpt":{"rendered":"<p>North Star s\u2019est taill\u00e9e la r\u00e9putation de fabriquer et de distribuer des fen\u00eatres et des portes de vinyle qui sont \u00e9co\u00e9nerg\u00e9tiques, attrayantes et de grande qualit\u00e9. &nbsp; Le syst\u00e8me de fabrication de North Star assure que toutes nos fen\u00eatres et portes de vinyle sont fabriqu\u00e9es de mani\u00e8re \u00e0 r\u00e9pondre aux normes de l\u2019industrie ou \u00e0 [&hellip;]<\/p>\n","protected":false},"author":735,"featured_media":0,"parent":0,"menu_order":0,"comment_status":"closed","ping_status":"closed","template":"template-windows-sb.php","meta":{"ngg_post_thumbnail":0},"tags":[],"yoast_head":"<!-- This site is optimized with the Yoast SEO plugin v16.1.1 - https:\/\/yoast.com\/wordpress\/plugins\/seo\/ -->\n<link rel=\"canonical\" href=\"https:\/\/www.northstarwindows.com\/fr\/pourquoi-choisir-les-fenetres-de-north-star\/\" \/>\n<meta property=\"og:locale\" content=\"fr_FR\" \/>\n<meta property=\"og:type\" content=\"article\" \/>\n<meta property=\"og:title\" content=\"Pourquoi choisir les fen\u00eatres de North Star | North Star Windows\" \/>\n<meta property=\"og:description\" content=\"North Star s\u2019est taill\u00e9e la r\u00e9putation de fabriquer et de distribuer des fen\u00eatres et des portes de vinyle qui sont \u00e9co\u00e9nerg\u00e9tiques, attrayantes et de grande qualit\u00e9. &nbsp; Le syst\u00e8me de fabrication de North Star assure que toutes nos fen\u00eatres et portes de vinyle sont fabriqu\u00e9es de mani\u00e8re \u00e0 r\u00e9pondre aux normes de l\u2019industrie ou \u00e0 [&hellip;]\" \/>\n<meta property=\"og:url\" content=\"https:\/\/www.northstarwindows.com\/fr\/pourquoi-choisir-les-fenetres-de-north-star\/\" \/>\n<meta property=\"og:site_name\" content=\"North Star Windows\" \/>\n<meta property=\"article:modified_time\" content=\"2016-01-29T16:18:05+00:00\" \/>\n<meta name=\"twitter:card\" content=\"summary\" \/>\n<meta name=\"twitter:label1\" content=\"Dur\u00e9e de lecture est.\">\n\t<meta name=\"twitter:data1\" content=\"1 minute\">\n<script type=\"application\/ld+json\" class=\"yoast-schema-graph\">{\"@context\":\"https:\/\/schema.org\",\"@graph\":[{\"@type\":\"Organization\",\"@id\":\"https:\/\/www.northstarwindows.com\/#organization\",\"name\":\"North Star Windows and Doors\",\"url\":\"https:\/\/www.northstarwindows.com\/\",\"sameAs\":[],\"logo\":{\"@type\":\"ImageObject\",\"@id\":\"https:\/\/www.northstarwindows.com\/#logo\",\"inLanguage\":\"fr-FR\",\"url\":\"https:\/\/www.northstarwindows.com\/wp-content\/uploads\/2026\/01\/logo.png\",\"contentUrl\":\"https:\/\/www.northstarwindows.com\/wp-content\/uploads\/2026\/01\/logo.png\",\"width\":247,\"height\":45,\"caption\":\"North Star Windows and Doors\"},\"image\":{\"@id\":\"https:\/\/www.northstarwindows.com\/#logo\"}},{\"@type\":\"WebSite\",\"@id\":\"https:\/\/www.northstarwindows.com\/#website\",\"url\":\"https:\/\/www.northstarwindows.com\/\",\"name\":\"North Star Windows\",\"description\":\"\",\"publisher\":{\"@id\":\"https:\/\/www.northstarwindows.com\/#organization\"},\"potentialAction\":[{\"@type\":\"SearchAction\",\"target\":\"https:\/\/www.northstarwindows.com\/?s={search_term_string}\",\"query-input\":\"required name=search_term_string\"}],\"inLanguage\":\"fr-FR\"},{\"@type\":\"WebPage\",\"@id\":\"https:\/\/www.northstarwindows.com\/fr\/pourquoi-choisir-les-fenetres-de-north-star\/#webpage\",\"url\":\"https:\/\/www.northstarwindows.com\/fr\/pourquoi-choisir-les-fenetres-de-north-star\/\",\"name\":\"Pourquoi choisir les fen\\u00eatres de North Star | North Star Windows\",\"isPartOf\":{\"@id\":\"https:\/\/www.northstarwindows.com\/#website\"},\"datePublished\":\"2015-11-19T15:11:06+00:00\",\"dateModified\":\"2016-01-29T16:18:05+00:00\",\"breadcrumb\":{\"@id\":\"https:\/\/www.northstarwindows.com\/fr\/pourquoi-choisir-les-fenetres-de-north-star\/#breadcrumb\"},\"inLanguage\":\"fr-FR\",\"potentialAction\":[{\"@type\":\"ReadAction\",\"target\":[\"https:\/\/www.northstarwindows.com\/fr\/pourquoi-choisir-les-fenetres-de-north-star\/\"]}]},{\"@type\":\"BreadcrumbList\",\"@id\":\"https:\/\/www.northstarwindows.com\/fr\/pourquoi-choisir-les-fenetres-de-north-star\/#breadcrumb\",\"itemListElement\":[{\"@type\":\"ListItem\",\"position\":1,\"item\":{\"@type\":\"WebPage\",\"@id\":\"https:\/\/www.northstarwindows.com\/fr\/\",\"url\":\"https:\/\/www.northstarwindows.com\/fr\/\",\"name\":\"Home\"}},{\"@type\":\"ListItem\",\"position\":2,\"item\":{\"@type\":\"WebPage\",\"@id\":\"https:\/\/www.northstarwindows.com\/fr\/pourquoi-choisir-les-fenetres-de-north-star\/\",\"url\":\"https:\/\/www.northstarwindows.com\/fr\/pourquoi-choisir-les-fenetres-de-north-star\/\",\"name\":\"Pourquoi choisir les fen\\u00eatres de North Star\"}}]}]}<\/script>\n<!-- \/ Yoast SEO plugin. -->","_links":{"self":[{"href":"https:\/\/www.northstarwindows.com\/fr\/wp-json\/wp\/v2\/pages\/1984"}],"collection":[{"href":"https:\/\/www.northstarwindows.com\/fr\/wp-json\/wp\/v2\/pages"}],"about":[{"href":"https:\/\/www.northstarwindows.com\/fr\/wp-json\/wp\/v2\/types\/page"}],"author":[{"embeddable":true,"href":"https:\/\/www.northstarwindows.com\/fr\/wp-json\/wp\/v2\/users\/735"}],"replies":[{"embeddable":true,"href":"https:\/\/www.northstarwindows.com\/fr\/wp-json\/wp\/v2\/comments?post=1984"}],"version-history":[{"count":0,"href":"https:\/\/www.northstarwindows.com\/fr\/wp-json\/wp\/v2\/pages\/1984\/revisions"}],"wp:attachment":[{"href":"https:\/\/www.northstarwindows.com\/fr\/wp-json\/wp\/v2\/media?parent=1984"}],"wp:term":[{"taxonomy":"post_tag","embeddable":true,"href":"https:\/\/www.northstarwindows.com\/fr\/wp-json\/wp\/v2\/tags?post=1984"}],"curies":[{"name":"wp","href":"https:\/\/api.w.org\/{rel}","templated":true}]}}