{"id":1561,"date":"2015-09-25T11:15:26","date_gmt":"2015-09-25T15:15:26","guid":{"rendered":"http:\/\/www.northstarwindows.com\/fr\/?page_id=1561"},"modified":"2021-04-27T10:39:54","modified_gmt":"2021-04-27T14:39:54","slug":"info-sur-la-condensation","status":"publish","type":"page","link":"https:\/\/www.northstarwindows.com\/fr\/centre-de-ressources\/info-sur-la-condensation\/","title":{"rendered":"Info sur la condensation"},"content":{"rendered":"<p>Qu&#8217;est-ce que la condensation?<\/p>\n<p>La condensation, c\u2019est le passage d\u2019une substance d\u2019un \u00e9tat physique l\u00e9ger \u00e0 un \u00e9tat de plus grande densit\u00e9. Dans le cas pr\u00e9sent, c\u2019est l\u2019eau qui passe d\u2019un \u00e9tat gazeux (la vapeur) \u00e0 un \u00e9tat liquide plus dense. Puisque la condensation est caus\u00e9e par une trop grande quantit\u00e9 d\u2019humidit\u00e9, elle s\u2019av\u00e8re aussi le sympt\u00f4me d\u2019un probl\u00e8me encore plus grave, celui d\u2019un exc\u00e8s d\u2019humidit\u00e9 \u00e0 l\u2019\u0153uvre dans l\u2019atmosph\u00e8re de votre maison.<\/p>\n<p>En recherchant l\u2019air ext\u00e9rieur plus frais et sec, la vapeur d\u2019eau exerce une pression et se fraye un passage \u00e0 travers la plupart des mat\u00e9riaux de construction. Ainsi, le bois, la brique et les cloisons s\u00e8ches sont trop poreux pour emp\u00eacher l\u2019humidit\u00e9 de migrer vers l\u2019ext\u00e9rieur. Toutefois, en raison du fait que le verre des fen\u00eatres est plus dense et sa surface plus froide que les murs environnants, le verre intercepte la vapeur et celle-ci s\u2019y condense. Alors que le verre&nbsp;\u2014 le mat\u00e9riau le plus froid, le moins poreux (et le plus visible) d\u2019un b\u00e2timent&nbsp;\u2014 peut \u00eatre le premier \u00e0 laisser voir de la condensation, celle-ci peut aussi se remarquer sur les t\u00eates de clou expos\u00e9es et sur d\u2019autres surfaces m\u00e9talliques.<\/p>\n<p>Pourquoi la condensation se produit-elle?<\/p>\n<p>Des probl\u00e8mes surviennent car l\u2019air ne peut retenir qu\u2019une quantit\u00e9 limit\u00e9e de vapeur d\u2019eau, laquelle varie selon la temp\u00e9rature. La condensation \u00e9tant li\u00e9e \u00e0 deux conditions qui sont toujours pr\u00e9sentes dans l\u2019atmosph\u00e8re de votre domicile, elle est susceptible de se former chaque fois qu\u2019il y a un d\u00e9s\u00e9quilibre entre elles&nbsp;:<\/p>\n<p><strong>L<\/strong><strong>\u2019<\/strong><strong>humidit<\/strong><strong>\u00e9<\/strong> <strong>relative<\/strong><\/p>\n<p>C\u2019est le rapport entre la vapeur d\u2019eau se trouvant dans l\u2019air \u00e0 comparer \u00e0 la quantit\u00e9 maximale que l\u2019air peut retenir \u00e0 une temp\u00e9rature donn\u00e9e. Par exemple, 50&nbsp;% signifie que l\u2019air transporte 1\/2 de toute la vapeur d\u2019eau qu\u2019il a la capacit\u00e9 de retenir \u00e0 cette temp\u00e9rature.<\/p>\n<p><strong>La temp<\/strong><strong>\u00e9<\/strong><strong>rature<\/strong><\/p>\n<p>La temp\u00e9rature particuli\u00e8re \u00e0 laquelle l\u2019humidit\u00e9 relative passe \u00e0 100&nbsp;% s\u2019appelle le \u00ab&nbsp;point de ros\u00e9e&nbsp;\u00bb (voir le tableau). Au point de ros\u00e9e, l\u2019air est satur\u00e9 d\u2019humidit\u00e9 et commence \u00e0 la perdre sous la forme de condensation.<\/p>\n<p>&nbsp;<\/p>\n<table style=\"height: 241px;\" width=\"368\">\n<tbody>\n<tr>\n<td width=\"144\"><strong>Humidit<\/strong><strong>\u00e9<\/strong> <strong>relative<\/strong><\/td>\n<td width=\"299\"><strong>P<\/strong><strong>oint de ros<\/strong><strong>\u00e9<\/strong><strong>e (Celsius)<\/strong><\/td>\n<\/tr>\n<tr>\n<td width=\"144\"><strong>20<\/strong><strong>&nbsp;<\/strong><strong>%<\/strong><\/td>\n<td width=\"299\"><strong>-4<\/strong><strong>\u00b0<\/strong><\/td>\n<\/tr>\n<tr>\n<td width=\"144\"><strong>30<\/strong><strong>&nbsp;<\/strong><strong>%<\/strong><\/td>\n<td width=\"299\">\n<p style=\"text-align: justify;\"><strong>2<\/strong><strong>\u00b0<\/strong><\/p>\n<\/td>\n<\/tr>\n<tr>\n<td width=\"144\"><strong>40<\/strong><strong>&nbsp;<\/strong><strong>%<\/strong><\/td>\n<td width=\"299\"><strong>6<\/strong><strong>\u00b0<\/strong><\/td>\n<\/tr>\n<tr>\n<td width=\"144\"><strong>50<\/strong><strong>&nbsp;<\/strong><strong>%<\/strong><\/td>\n<td width=\"299\"><strong>10<\/strong><strong>\u00b0<\/strong><\/td>\n<\/tr>\n<\/tbody>\n<\/table>\n<p>* Note&nbsp;: Une maison neuve comprend des quantit\u00e9s significatives d\u2019humidit\u00e9 en raison de l\u2019eau qui sert dans diverses facettes de la construction (700 gallons [3000&nbsp;L] d\u2019eau uniquement pour le pl\u00e2trage d\u2019une maison de six pi\u00e8ces). Cette humidit\u00e9 sera \u00e9ventuellement \u00e9limin\u00e9e au fil du temps.<\/p>\n<p>O\u00f9 la condensation se produit-elle?<\/p>\n<p>En pratique, la condensation se produit d\u2019abord contre la partie inf\u00e9rieure d\u2019une fen\u00eatre car la temp\u00e9rature d\u2019une surface de verre n\u2019est pas uniforme, s\u2019av\u00e9rant plus froide dans le bas qu\u2019au haut. Les fen\u00eatres dot\u00e9es d\u2019un ch\u00e2ssis de m\u00e9tal connaissent habituellement de plus graves probl\u00e8mes \u00e0 la base et aux c\u00f4t\u00e9s. Occasionnellement, la condensation peut se produire \u00e0 des points froids tels qu\u2019aux t\u00eates de clou et dans les coins de murs ext\u00e9rieurs et de placards, o\u00f9 la valeur isolante est r\u00e9duite.<\/p>\n<p>Les sources d&#8217;humidit\u00e9<\/p>\n<p>Le niveau d\u2019humidit\u00e9 d\u2019une maison pendant l\u2019hiver d\u00e9pend \u00e0 la fois de la quantit\u00e9 d\u2019humidit\u00e9 qui est ajout\u00e9e \u00e0 l\u2019air par les habitudes familiales de vie (voir le tableau) et de la vitesse \u00e0 laquelle cette humidit\u00e9 est retir\u00e9e par la ventilation ou la condensation.<\/p>\n<p>La quantit\u00e9 d\u2019humidit\u00e9 qui est ajout\u00e9e \u00e0 l\u2019air par l&#8217;entremise des activit\u00e9s normales d&#8217;un m\u00e9nage<\/p>\n<table style=\"height: 507px;\" width=\"674\">\n<tbody>\n<tr>\n<td width=\"221\"><strong>Activit<\/strong><strong>\u00e9<\/strong> <strong>(pour une famille de quatre)<\/strong><\/td>\n<td width=\"221\"><strong>Humidit<\/strong><strong>\u00e9<\/strong> <strong>en litres chaque semaine<\/strong><\/td>\n<\/tr>\n<tr>\n<td width=\"221\">La cuisine (3 repas par jour pour 1 semaine)<\/td>\n<td width=\"221\">6,3<\/td>\n<\/tr>\n<tr>\n<td width=\"221\">La vaisselle (3 repas par jour pour 1 semaine)<\/td>\n<td width=\"221\">3,2<\/td>\n<\/tr>\n<tr>\n<td width=\"221\">Le bain (0,2&nbsp;L par douche)<br \/>\n(0,5&nbsp;L par bain)<\/td>\n<td width=\"221\">2,4<\/td>\n<\/tr>\n<tr>\n<td width=\"221\">La lessive<\/td>\n<td width=\"221\">1,8<\/td>\n<\/tr>\n<tr>\n<td width=\"221\">Le s\u00e9chage int\u00e9rieur des v\u00eatements ou l&#8217;utilisationd&#8217;une s\u00e9cheuse non raccord\u00e9e<\/td>\n<td width=\"221\">10<\/td>\n<\/tr>\n<tr>\n<td width=\"221\">Le lavage des planchers (par 9,3 m<sup>2<\/sup>)<\/td>\n<td width=\"221\">1,3<\/td>\n<\/tr>\n<tr>\n<td width=\"221\">La pr\u00e9sence des occupants<\/td>\n<td width=\"221\">38<\/td>\n<\/tr>\n<tr>\n<td width=\"221\">Total de la production d&#8217;humidit\u00e9 par semaine<\/td>\n<td width=\"221\">63<\/td>\n<\/tr>\n<\/tbody>\n<\/table>\n<p><span style=\"line-height: 1.5;\">En plus des sources d\u2019humidit\u00e9 mentionn\u00e9es ci-dessus, d\u2019autres sources&nbsp;\u2014 telles que les appareils au gaz, les s\u00e9cheuses raccord\u00e9es \u00e0 l\u2019int\u00e9rieur, les plantes (qui g\u00e9n\u00e8rent presque autant d\u2019eau qu\u2019elles en re\u00e7oivent), les animaux de compagnie, les humidificateurs, les sous-sols humides, etc.&nbsp;\u2014 accroissent toutes le niveau d\u2019humidit\u00e9 d\u2019une maison.<\/span><\/p>\n<p>Des solutions et des faits \u00e0 propos de l&#8217;humidit\u00e9<\/p>\n<p><strong>Solutions<\/strong><\/p>\n<ul>\n<li>\u00c9teindre tous les humidificateurs, en particulier dans les maisons dot\u00e9es de chauffage \u00e0 air chaud puls\u00e9.<\/li>\n<li>\u00c9loigner les plantes des fen\u00eatres (sur le verre desquelles la vapeur d\u2019eau serait lib\u00e9r\u00e9e directement).<\/li>\n<li>Raccorder la s\u00e9cheuse et les appareils au gaz \u00e0 l\u2019ext\u00e9rieur.<\/li>\n<li>Ne pas faire s\u00e9cher le bois de chauffage \u00e0 l\u2019int\u00e9rieur.<\/li>\n<li>Veiller \u00e0 ce que les cuisines et salles de bain soient bien a\u00e9r\u00e9es par des fen\u00eatres ou des ventilateurs d&#8217;\u00e9vacuation.<\/li>\n<li>Veiller \u00e0 ce que les murs de sous-sol soient maintenus aussi secs que possible puisqu\u2019ils agissent comme des humidificateurs lorsqu\u2019ils sont humides.<\/li>\n<li>Consid\u00e9rer la possibilit\u00e9 d\u2019installer un d\u00e9shumidificateur (Note: Un d\u00e9shumidificateur \u00e0 lui seul ne peut \u00e9liminer le probl\u00e8me).<\/li>\n<li>Ne pas recouvrir les fen\u00eatres de rideaux lourds, ce qui entraverait la circulation de l\u2019air sur le verre.<\/li>\n<li>G\u00e9n\u00e9rer moins d\u2019humidit\u00e9 dans la maison.<\/li>\n<\/ul>\n<p><strong>Faits<\/strong><\/p>\n<ul>\n<li>\u00c0 moins de maintenir l\u2019humidit\u00e9 int\u00e9rieure sous 10%, il est impossible d\u2019\u00e9viter un certain degr\u00e9 de condensation.<\/li>\n<li>De basses temp\u00e9ratures ext\u00e9rieures n\u00e9cessitent de bas niveaux d\u2019humidit\u00e9 int\u00e9rieure (voir le tableau).<\/li>\n<li>Les maisons \u00e0 chauffage \u00e9lectrique se pr\u00eatent difficilement \u00e0 une rectification car l\u2019air s\u2019y d\u00e9place tr\u00e8s peu.<\/li>\n<li>La ventilation s\u2019av\u00e8re g\u00e9n\u00e9ralement le moyen le plus efficace de r\u00e9duire l\u2019humidit\u00e9, ce qui se fait en ouvrant des fen\u00eatres, en actionnant des ventilateurs d&#8217;\u00e9vacuation et\/ou en installant un ventilateur depuis l\u2019ext\u00e9rieur dans le pl\u00e9num de reprise d\u2019air froid d\u2019un syst\u00e8me de chauffage \u00e0 air puls\u00e9.<\/li>\n<\/ul>\n<p>La r\u00e9duction des niveaux d\u2019humidit\u00e9 avec un appareil de chauffage \u00e0 air puls\u00e9<\/p>\n<p>Des sources pour obtenir de l&#8217;information<\/p>\n<ul>\n<li>Le minist\u00e8re des Affaires municipales et du Logement de l\u2019Ontario<\/li>\n<li>L\u2019Office des normes g\u00e9n\u00e9rales du Canada<\/li>\n<li>Le Conseil national de recherches du Canada (Division des recherches en b\u00e2timent)<\/li>\n<li>La soci\u00e9t\u00e9 Rolscreen (fen\u00eatres Pella)<\/li>\n<\/ul>\n","protected":false},"excerpt":{"rendered":"<p>Qu&#8217;est-ce que la condensation? La condensation, c\u2019est le passage d\u2019une substance d\u2019un \u00e9tat physique l\u00e9ger \u00e0 un \u00e9tat de plus grande densit\u00e9. Dans le cas pr\u00e9sent, c\u2019est l\u2019eau qui passe d\u2019un \u00e9tat gazeux (la vapeur) \u00e0 un \u00e9tat liquide plus dense. Puisque la condensation est caus\u00e9e par une trop grande quantit\u00e9 d\u2019humidit\u00e9, elle s\u2019av\u00e8re aussi [&hellip;]<\/p>\n","protected":false},"author":735,"featured_media":0,"parent":1554,"menu_order":0,"comment_status":"closed","ping_status":"open","template":"template-sidebar.php","meta":{"ngg_post_thumbnail":0},"tags":[],"yoast_head":"<!-- This site is optimized with the Yoast SEO plugin v16.1.1 - https:\/\/yoast.com\/wordpress\/plugins\/seo\/ -->\n<meta name=\"description\" content=\"La condensation est le passage d\u2019une substance d\u2019un \u00e9tat physique l\u00e9ger \u00e0 plus dense. Dans ce cas, l\u2019eau passe d\u2019un \u00e9tat vaporeux \u00e0 un \u00e9tat liquide.\" \/>\n<link rel=\"canonical\" href=\"https:\/\/www.northstarwindows.com\/fr\/centre-de-ressources\/info-sur-la-condensation\/\" \/>\n<meta property=\"og:locale\" content=\"fr_FR\" \/>\n<meta property=\"og:type\" content=\"article\" \/>\n<meta property=\"og:title\" content=\"Info sur la condensation | North Star Windows\" \/>\n<meta property=\"og:description\" content=\"La condensation est le passage d\u2019une substance d\u2019un \u00e9tat physique l\u00e9ger \u00e0 plus dense. Dans ce cas, l\u2019eau passe d\u2019un \u00e9tat vaporeux \u00e0 un \u00e9tat liquide.\" \/>\n<meta property=\"og:url\" content=\"https:\/\/www.northstarwindows.com\/fr\/centre-de-ressources\/info-sur-la-condensation\/\" \/>\n<meta property=\"og:site_name\" content=\"North Star Windows\" \/>\n<meta property=\"article:modified_time\" content=\"2021-04-27T14:39:54+00:00\" \/>\n<meta name=\"twitter:card\" content=\"summary\" \/>\n<meta name=\"twitter:label1\" content=\"Dur\u00e9e de lecture est.\">\n\t<meta name=\"twitter:data1\" content=\"6 minutes\">\n<script type=\"application\/ld+json\" class=\"yoast-schema-graph\">{\"@context\":\"https:\/\/schema.org\",\"@graph\":[{\"@type\":\"Organization\",\"@id\":\"https:\/\/www.northstarwindows.com\/#organization\",\"name\":\"North Star Windows and Doors\",\"url\":\"https:\/\/www.northstarwindows.com\/\",\"sameAs\":[],\"logo\":{\"@type\":\"ImageObject\",\"@id\":\"https:\/\/www.northstarwindows.com\/#logo\",\"inLanguage\":\"fr-FR\",\"url\":\"https:\/\/www.northstarwindows.com\/wp-content\/uploads\/2026\/01\/logo.png\",\"contentUrl\":\"https:\/\/www.northstarwindows.com\/wp-content\/uploads\/2026\/01\/logo.png\",\"width\":247,\"height\":45,\"caption\":\"North Star Windows and Doors\"},\"image\":{\"@id\":\"https:\/\/www.northstarwindows.com\/#logo\"}},{\"@type\":\"WebSite\",\"@id\":\"https:\/\/www.northstarwindows.com\/#website\",\"url\":\"https:\/\/www.northstarwindows.com\/\",\"name\":\"North Star Windows\",\"description\":\"\",\"publisher\":{\"@id\":\"https:\/\/www.northstarwindows.com\/#organization\"},\"potentialAction\":[{\"@type\":\"SearchAction\",\"target\":\"https:\/\/www.northstarwindows.com\/?s={search_term_string}\",\"query-input\":\"required name=search_term_string\"}],\"inLanguage\":\"fr-FR\"},{\"@type\":\"WebPage\",\"@id\":\"https:\/\/www.northstarwindows.com\/fr\/centre-de-ressources\/info-sur-la-condensation\/#webpage\",\"url\":\"https:\/\/www.northstarwindows.com\/fr\/centre-de-ressources\/info-sur-la-condensation\/\",\"name\":\"Info sur la condensation | North Star Windows\",\"isPartOf\":{\"@id\":\"https:\/\/www.northstarwindows.com\/#website\"},\"datePublished\":\"2015-09-25T15:15:26+00:00\",\"dateModified\":\"2021-04-27T14:39:54+00:00\",\"description\":\"La condensation est le passage d\\u2019une substance d\\u2019un \\u00e9tat physique l\\u00e9ger \\u00e0 plus dense. Dans ce cas, l\\u2019eau passe d\\u2019un \\u00e9tat vaporeux \\u00e0 un \\u00e9tat liquide.\",\"breadcrumb\":{\"@id\":\"https:\/\/www.northstarwindows.com\/fr\/centre-de-ressources\/info-sur-la-condensation\/#breadcrumb\"},\"inLanguage\":\"fr-FR\",\"potentialAction\":[{\"@type\":\"ReadAction\",\"target\":[\"https:\/\/www.northstarwindows.com\/fr\/centre-de-ressources\/info-sur-la-condensation\/\"]}]},{\"@type\":\"BreadcrumbList\",\"@id\":\"https:\/\/www.northstarwindows.com\/fr\/centre-de-ressources\/info-sur-la-condensation\/#breadcrumb\",\"itemListElement\":[{\"@type\":\"ListItem\",\"position\":1,\"item\":{\"@type\":\"WebPage\",\"@id\":\"https:\/\/www.northstarwindows.com\/fr\/\",\"url\":\"https:\/\/www.northstarwindows.com\/fr\/\",\"name\":\"Home\"}},{\"@type\":\"ListItem\",\"position\":2,\"item\":{\"@type\":\"WebPage\",\"@id\":\"https:\/\/www.northstarwindows.com\/fr\/centre-de-ressources\/\",\"url\":\"https:\/\/www.northstarwindows.com\/fr\/centre-de-ressources\/\",\"name\":\"Centre de ressources\"}},{\"@type\":\"ListItem\",\"position\":3,\"item\":{\"@type\":\"WebPage\",\"@id\":\"https:\/\/www.northstarwindows.com\/fr\/centre-de-ressources\/info-sur-la-condensation\/\",\"url\":\"https:\/\/www.northstarwindows.com\/fr\/centre-de-ressources\/info-sur-la-condensation\/\",\"name\":\"Info sur la condensation\"}}]}]}<\/script>\n<!-- \/ Yoast SEO plugin. -->","_links":{"self":[{"href":"https:\/\/www.northstarwindows.com\/fr\/wp-json\/wp\/v2\/pages\/1561"}],"collection":[{"href":"https:\/\/www.northstarwindows.com\/fr\/wp-json\/wp\/v2\/pages"}],"about":[{"href":"https:\/\/www.northstarwindows.com\/fr\/wp-json\/wp\/v2\/types\/page"}],"author":[{"embeddable":true,"href":"https:\/\/www.northstarwindows.com\/fr\/wp-json\/wp\/v2\/users\/735"}],"replies":[{"embeddable":true,"href":"https:\/\/www.northstarwindows.com\/fr\/wp-json\/wp\/v2\/comments?post=1561"}],"version-history":[{"count":1,"href":"https:\/\/www.northstarwindows.com\/fr\/wp-json\/wp\/v2\/pages\/1561\/revisions"}],"predecessor-version":[{"id":8809,"href":"https:\/\/www.northstarwindows.com\/fr\/wp-json\/wp\/v2\/pages\/1561\/revisions\/8809"}],"up":[{"embeddable":true,"href":"https:\/\/www.northstarwindows.com\/fr\/wp-json\/wp\/v2\/pages\/1554"}],"wp:attachment":[{"href":"https:\/\/www.northstarwindows.com\/fr\/wp-json\/wp\/v2\/media?parent=1561"}],"wp:term":[{"taxonomy":"post_tag","embeddable":true,"href":"https:\/\/www.northstarwindows.com\/fr\/wp-json\/wp\/v2\/tags?post=1561"}],"curies":[{"name":"wp","href":"https:\/\/api.w.org\/{rel}","templated":true}]}}