{"id":1557,"date":"2015-09-25T11:13:18","date_gmt":"2015-09-25T15:13:18","guid":{"rendered":"http:\/\/www.northstarwindows.com\/fr\/?page_id=1557"},"modified":"2021-04-27T10:39:14","modified_gmt":"2021-04-27T14:39:14","slug":"conseils-dentretien","status":"publish","type":"page","link":"https:\/\/www.northstarwindows.com\/fr\/centre-de-ressources\/conseils-dentretien\/","title":{"rendered":"Conseils d\u2019entretien"},"content":{"rendered":"<p><strong>Entretien des cadres de fen\u00eatres et de portes en vinyle<\/strong><\/p>\n<p>La grande beaut\u00e9 des fen\u00eatres et des portes de vinyle, c\u2019est qu\u2019elles se rapprochent plus du sans-entretien que la plupart des produits ext\u00e9rieurs de b\u00e2timent.<\/p>\n<p>Bien que la pluie enl\u00e8ve habituellement la salet\u00e9 de fa\u00e7on satisfaisante des cadres de fen\u00eatres et de portes, il suffit, au besoin, de suivre les simples instructions suivantes pour qu\u2019ils restent propres et comme neufs.<\/p>\n<p><strong>Conseils d\u2019entretien normal<\/strong><\/p>\n<ul>\n<li>Utiliser un linge doux ou une brosse \u00e0 poils souples et \u00e0 manche long pour laver les cadres.<\/li>\n<li>Au besoin, utiliser un nettoyant l\u00e9g\u00e8rement abrasif tel que SoftScrub<sup>MD<\/sup>, Ajax<sup>MD<\/sup>, BonAmi<sup>MD<\/sup>, etc. (<strong><em>Note<\/em><\/strong>: L\u2019utilisation de toute mati\u00e8re abrasive pourrait s\u2019av\u00e9rer nuisible \u00e0 la surface de verre ainsi qu\u2019aux cadres de fen\u00eatres et de portes.)<\/li>\n<li>Ne pas utiliser de nettoyants qui contiennent des solvants organiques agressifs (tels que les javellisants au chlore, les d\u00e9graissants liquides, les savons ou d\u00e9tergents puissants contenant des solvants organiques) car ils pourraient endommager l\u2019apparence de la surface du vinyle.<\/li>\n<li>Utiliser les produits d\u2019entretien m\u00e9nager courants list\u00e9s ci-dessous pour la salet\u00e9 et les taches tenaces telles que de terreau, de calfeutrage, de rouille ou de moisissure. Pri\u00e8re de se r\u00e9f\u00e9rer aux directives du fabricant sur l&#8217;utilisation des nettoyants.<\/li>\n<li>\u00c9viter de laver les fen\u00eatres avec un nettoyeur haute pression.<\/li>\n<\/ul>\n<p><strong>Nettoyants pour enlever les taches des cadres de portes en vinyle ou en bois*<\/strong><\/p>\n<table style=\"height: 619px;\" width=\"1302\">\n<tbody>\n<tr>\n<td width=\"179\"><strong>Crayon \u00e0 mine<\/strong><\/td>\n<td width=\"264\">SoftScrub<sup>MD<\/sup><\/td>\n<\/tr>\n<tr>\n<td width=\"179\"><strong>Crayon de cire<\/strong><\/td>\n<td width=\"264\">Lestoil<sup>MD<\/sup><\/td>\n<\/tr>\n<tr>\n<td width=\"179\"><strong>DAP (calfeutrage \u00e0 base d\u2019huile)<\/strong><\/td>\n<td width=\"264\">Fantastik<sup>MD<\/sup><\/td>\n<\/tr>\n<tr>\n<td width=\"179\"><strong>Gomme \u00e0 bulles<\/strong><\/td>\n<td width=\"264\">Fantastik<sup>MD<\/sup>; Savon \u00e0 l\u2019huile Murphy<sup>MD<\/sup>; Solution de 30&nbsp;% de vinaigre et de 70&nbsp;% d\u2019eau; Windex<sup>MD<\/sup><\/td>\n<\/tr>\n<tr>\n<td width=\"179\"><strong>Goudron<\/strong><\/td>\n<td width=\"264\">SoftScrub<sup>MD<\/sup><\/td>\n<\/tr>\n<tr>\n<td width=\"179\"><strong>Graisse au lithium<\/strong><\/td>\n<td width=\"264\">Fantastik<sup>MD<\/sup>; Lestoil<sup>MD<\/sup>; Savon \u00e0 l\u2019huile Murphy<sup>MD<\/sup>; Windex<sup>MD<\/sup><\/td>\n<\/tr>\n<tr>\n<td width=\"179\"><strong>Herbe<\/strong><\/td>\n<td width=\"264\">Fantastik<sup>MD<\/sup>; Lysol<sup>MD<\/sup>; Savon \u00e0 l\u2019huile Murphy<sup>MD<\/sup>; Windex<sup>MD<\/sup><\/td>\n<\/tr>\n<tr>\n<td width=\"179\"><strong>Huile<\/strong><\/td>\n<td width=\"264\">SoftScrub<sup>MD<\/sup><\/td>\n<\/tr>\n<tr>\n<td width=\"179\"><strong>Huile \u00e0 moteur<\/strong><\/td>\n<td width=\"264\">Fantastik<sup>MD<\/sup>; Lysol<sup>MD<\/sup>; Savon \u00e0 l\u2019huile Murphy<sup>MD<\/sup>; Windex<sup>MD<\/sup><\/td>\n<\/tr>\n<tr>\n<td width=\"179\"><strong>Moisissure<\/strong><\/td>\n<td width=\"264\">Fantastik<sup>MD<\/sup>; Solution de 30&nbsp;% de vinaigre et de 70&nbsp;% d\u2019eau; Windex<sup>MD<\/sup><\/td>\n<\/tr>\n<tr>\n<td width=\"179\"><strong>Peinture<\/strong><\/td>\n<td width=\"264\">Tampon Brillo<sup>MD<\/sup>; SoftScrub<sup>MD<\/sup><\/td>\n<\/tr>\n<tr>\n<td width=\"179\"><strong>Rouge \u00e0 l\u00e8vres<\/strong><\/td>\n<td width=\"264\">Fantastik<sup>MD<\/sup>; Savon \u00e0 l\u2019huile Murphy<sup>MD<\/sup><\/td>\n<\/tr>\n<tr>\n<td width=\"179\"><strong>Rouille<\/strong><\/td>\n<td width=\"264\">Fantastik<sup>MD<\/sup>; Savon \u00e0 l\u2019huile Murphy<sup>MD<\/sup>; Windex<sup>MD<\/sup><\/td>\n<\/tr>\n<tr>\n<td width=\"179\"><strong>Stylo-feutre<\/strong><\/td>\n<td width=\"264\">Fantastik<sup>MD<\/sup>; nettoyants \u00e0 base d\u2019eau<\/td>\n<\/tr>\n<tr>\n<td width=\"179\"><strong>Terreau<\/strong><\/td>\n<td width=\"264\">Fantastik<sup>MD<\/sup>; Lestoil<sup>MD<\/sup>; Savon \u00e0 l\u2019huile Murphy<sup>MD<\/sup><\/td>\n<\/tr>\n<\/tbody>\n<\/table>\n<p><strong><em>*Avertissement<\/em><\/strong>&nbsp;:<\/p>\n<ol>\n<li>La soci\u00e9t\u00e9 North Star n\u2019appuie pas de produits ni de proc\u00e9d\u00e9s de marque et n\u2019offre pas de garanties quant aux produits auxquels elle fait allusion. L\u2019allusion au nom de marques ne sert qu\u2019\u00e0 titre d\u2019illustration et n\u2019est pas destin\u00e9e \u00e0 laisser entendre qu\u2019il n\u2019y a pas de solutions de rechange qui soient d\u2019efficacit\u00e9 comparable.<\/li>\n<li>Les pr\u00e9sents conseils sont bas\u00e9s sur une \u00e9tude men\u00e9e par le <em>Vinyl Window and Door Institute<\/em> sur l\u2019efficacit\u00e9 d\u2019agents de nettoyage et sur leur effet sur l\u2019apparence de cadres de fen\u00eatres en vinyle apr\u00e8s deux ans d\u2019exposition ext\u00e9rieure.<\/li>\n<\/ol>\n<p><strong>Entretien du verre autonettoyant<\/strong><\/p>\n<p>Les fen\u00eatres et les portes patio North Star sont offertes avec l&#8217;option de verre autonettoyant Pilkington Activ<sup>MC<\/sup>, lequel comprend un mince rev\u00eatement transparent et permanent sur l\u2019une de ses surfaces. Ce rev\u00eatement disperse les gouttes d\u2019eau qui s\u2019\u00e9coulent alors en une mince couche qui fait partir les particules de salet\u00e9. De plus, lorsqu\u2019il est activ\u00e9 par la lumi\u00e8re du soleil, il agit comme catalyseur pour d\u00e9composer la salet\u00e9 organique en vapeur d\u2019eau et en gaz CO<sub>2<\/sub>.<\/p>\n<p>En raison du fait que le verre autonettoyant requiert une proc\u00e9dure de nettoyage quelque peu diff\u00e9rente, veuillez svp vous r\u00e9f\u00e9rer aux <a href=\"\/wp-content\/uploads\/2015\/11\/fr_pilkington_instr.pdf\" target=\"_blank\" rel=\"noopener\">Instructions de nettoyage du verre autonettoyant Pilkington Activ<sup>MC<\/sup><\/a>.<\/p>\n","protected":false},"excerpt":{"rendered":"<p>Entretien des cadres de fen\u00eatres et de portes en vinyle La grande beaut\u00e9 des fen\u00eatres et des portes de vinyle, c\u2019est qu\u2019elles se rapprochent plus du sans-entretien que la plupart des produits ext\u00e9rieurs de b\u00e2timent. Bien que la pluie enl\u00e8ve habituellement la salet\u00e9 de fa\u00e7on satisfaisante des cadres de fen\u00eatres et de portes, il suffit, [&hellip;]<\/p>\n","protected":false},"author":735,"featured_media":0,"parent":1554,"menu_order":0,"comment_status":"closed","ping_status":"open","template":"template-sidebar.php","meta":{"ngg_post_thumbnail":0},"tags":[],"yoast_head":"<!-- This site is optimized with the Yoast SEO plugin v16.1.1 - https:\/\/yoast.com\/wordpress\/plugins\/seo\/ -->\n<meta name=\"description\" content=\"M\u00eame si les portes et fen\u00eatres en vinyle ne requi\u00e8rent pratiquement aucun entretien, ces directives simples aideront \u00e0 les garder propres et \u00e0 conserver leur apparence de nouveaut\u00e9.\" \/>\n<link rel=\"canonical\" href=\"https:\/\/www.northstarwindows.com\/fr\/centre-de-ressources\/conseils-dentretien\/\" \/>\n<meta property=\"og:locale\" content=\"fr_FR\" \/>\n<meta property=\"og:type\" content=\"article\" \/>\n<meta property=\"og:title\" content=\"Conseils d\u2019entretien | North Star Windows\" \/>\n<meta property=\"og:description\" content=\"M\u00eame si les portes et fen\u00eatres en vinyle ne requi\u00e8rent pratiquement aucun entretien, ces directives simples aideront \u00e0 les garder propres et \u00e0 conserver leur apparence de nouveaut\u00e9.\" \/>\n<meta property=\"og:url\" content=\"https:\/\/www.northstarwindows.com\/fr\/centre-de-ressources\/conseils-dentretien\/\" \/>\n<meta property=\"og:site_name\" content=\"North Star Windows\" \/>\n<meta property=\"article:modified_time\" content=\"2021-04-27T14:39:14+00:00\" \/>\n<meta name=\"twitter:card\" content=\"summary\" \/>\n<meta name=\"twitter:label1\" content=\"Dur\u00e9e de lecture est.\">\n\t<meta name=\"twitter:data1\" content=\"3 minutes\">\n<script type=\"application\/ld+json\" class=\"yoast-schema-graph\">{\"@context\":\"https:\/\/schema.org\",\"@graph\":[{\"@type\":\"Organization\",\"@id\":\"https:\/\/www.northstarwindows.com\/#organization\",\"name\":\"North Star Windows and Doors\",\"url\":\"https:\/\/www.northstarwindows.com\/\",\"sameAs\":[],\"logo\":{\"@type\":\"ImageObject\",\"@id\":\"https:\/\/www.northstarwindows.com\/#logo\",\"inLanguage\":\"fr-FR\",\"url\":\"https:\/\/www.northstarwindows.com\/wp-content\/uploads\/2026\/01\/logo.png\",\"contentUrl\":\"https:\/\/www.northstarwindows.com\/wp-content\/uploads\/2026\/01\/logo.png\",\"width\":247,\"height\":45,\"caption\":\"North Star Windows and Doors\"},\"image\":{\"@id\":\"https:\/\/www.northstarwindows.com\/#logo\"}},{\"@type\":\"WebSite\",\"@id\":\"https:\/\/www.northstarwindows.com\/#website\",\"url\":\"https:\/\/www.northstarwindows.com\/\",\"name\":\"North Star Windows\",\"description\":\"\",\"publisher\":{\"@id\":\"https:\/\/www.northstarwindows.com\/#organization\"},\"potentialAction\":[{\"@type\":\"SearchAction\",\"target\":\"https:\/\/www.northstarwindows.com\/?s={search_term_string}\",\"query-input\":\"required name=search_term_string\"}],\"inLanguage\":\"fr-FR\"},{\"@type\":\"WebPage\",\"@id\":\"https:\/\/www.northstarwindows.com\/fr\/centre-de-ressources\/conseils-dentretien\/#webpage\",\"url\":\"https:\/\/www.northstarwindows.com\/fr\/centre-de-ressources\/conseils-dentretien\/\",\"name\":\"Conseils d\\u2019entretien | North Star Windows\",\"isPartOf\":{\"@id\":\"https:\/\/www.northstarwindows.com\/#website\"},\"datePublished\":\"2015-09-25T15:13:18+00:00\",\"dateModified\":\"2021-04-27T14:39:14+00:00\",\"description\":\"M\\u00eame si les portes et fen\\u00eatres en vinyle ne requi\\u00e8rent pratiquement aucun entretien, ces directives simples aideront \\u00e0 les garder propres et \\u00e0 conserver leur apparence de nouveaut\\u00e9.\",\"breadcrumb\":{\"@id\":\"https:\/\/www.northstarwindows.com\/fr\/centre-de-ressources\/conseils-dentretien\/#breadcrumb\"},\"inLanguage\":\"fr-FR\",\"potentialAction\":[{\"@type\":\"ReadAction\",\"target\":[\"https:\/\/www.northstarwindows.com\/fr\/centre-de-ressources\/conseils-dentretien\/\"]}]},{\"@type\":\"BreadcrumbList\",\"@id\":\"https:\/\/www.northstarwindows.com\/fr\/centre-de-ressources\/conseils-dentretien\/#breadcrumb\",\"itemListElement\":[{\"@type\":\"ListItem\",\"position\":1,\"item\":{\"@type\":\"WebPage\",\"@id\":\"https:\/\/www.northstarwindows.com\/fr\/\",\"url\":\"https:\/\/www.northstarwindows.com\/fr\/\",\"name\":\"Home\"}},{\"@type\":\"ListItem\",\"position\":2,\"item\":{\"@type\":\"WebPage\",\"@id\":\"https:\/\/www.northstarwindows.com\/fr\/centre-de-ressources\/\",\"url\":\"https:\/\/www.northstarwindows.com\/fr\/centre-de-ressources\/\",\"name\":\"Centre de ressources\"}},{\"@type\":\"ListItem\",\"position\":3,\"item\":{\"@type\":\"WebPage\",\"@id\":\"https:\/\/www.northstarwindows.com\/fr\/centre-de-ressources\/conseils-dentretien\/\",\"url\":\"https:\/\/www.northstarwindows.com\/fr\/centre-de-ressources\/conseils-dentretien\/\",\"name\":\"Conseils d\\u2019entretien\"}}]}]}<\/script>\n<!-- \/ Yoast SEO plugin. -->","_links":{"self":[{"href":"https:\/\/www.northstarwindows.com\/fr\/wp-json\/wp\/v2\/pages\/1557"}],"collection":[{"href":"https:\/\/www.northstarwindows.com\/fr\/wp-json\/wp\/v2\/pages"}],"about":[{"href":"https:\/\/www.northstarwindows.com\/fr\/wp-json\/wp\/v2\/types\/page"}],"author":[{"embeddable":true,"href":"https:\/\/www.northstarwindows.com\/fr\/wp-json\/wp\/v2\/users\/735"}],"replies":[{"embeddable":true,"href":"https:\/\/www.northstarwindows.com\/fr\/wp-json\/wp\/v2\/comments?post=1557"}],"version-history":[{"count":1,"href":"https:\/\/www.northstarwindows.com\/fr\/wp-json\/wp\/v2\/pages\/1557\/revisions"}],"predecessor-version":[{"id":8808,"href":"https:\/\/www.northstarwindows.com\/fr\/wp-json\/wp\/v2\/pages\/1557\/revisions\/8808"}],"up":[{"embeddable":true,"href":"https:\/\/www.northstarwindows.com\/fr\/wp-json\/wp\/v2\/pages\/1554"}],"wp:attachment":[{"href":"https:\/\/www.northstarwindows.com\/fr\/wp-json\/wp\/v2\/media?parent=1557"}],"wp:term":[{"taxonomy":"post_tag","embeddable":true,"href":"https:\/\/www.northstarwindows.com\/fr\/wp-json\/wp\/v2\/tags?post=1557"}],"curies":[{"name":"wp","href":"https:\/\/api.w.org\/{rel}","templated":true}]}}