{"id":1554,"date":"2015-09-25T11:11:37","date_gmt":"2015-09-25T15:11:37","guid":{"rendered":"http:\/\/www.northstarwindows.com\/fr\/?page_id=1554"},"modified":"2021-04-27T10:38:31","modified_gmt":"2021-04-27T14:38:31","slug":"centre-de-ressources","status":"publish","type":"page","link":"https:\/\/www.northstarwindows.com\/fr\/centre-de-ressources\/","title":{"rendered":"Centre de ressources"},"content":{"rendered":"<p>Notre engagement \u00e0 la qualit\u00e9 \u2014 et \u00e0 la client\u00e8le<\/p>\n<p>\u00c0 North Star, nous sommes engag\u00e9s \u00e0 fabriquer des fen\u00eatres et des portes de premier choix, \u00e0 fournir un excellent service et \u00e0 offrir un rapport qualit\u00e9-prix exceptionnel.<\/p>\n<p>Notre engagement \u00e0 la satisfaction de la client\u00e8le nous a ainsi anim\u00e9s \u00e0 mettre en place un processus d\u2019am\u00e9lioration continue qui comprend&nbsp;:<\/p>\n<ul>\n<li>L\u2019innovation en mati\u00e8re de d\u00e9veloppement de produits<\/li>\n<li>Des progr\u00e8s en techniques d\u2019ing\u00e9nierie\u2014 y compris un proc\u00e9d\u00e9 de fabrication soucieux de l\u2019environnement qui \u00e9conomise l\u2019\u00e9nergie et r\u00e9duit les d\u00e9chets<\/li>\n<li>Une tradition \u00e0 r\u00e9pondre invariablement aux normes de l\u2019industrie ou \u00e0 les d\u00e9passer<\/li>\n<li>Un service minutieux et r\u00e9ceptif aux besoins de nos marchands et de notre client\u00e8le<\/li>\n<\/ul>\n<p class=\"northstar_blue_heading\">Gr\u00e2ce \u00e0 notre garantie \u00e0 vie limit\u00e9e, nous nous tenons derri\u00e8re nos produits et nous soutenons notre client\u00e8le tout au fil de la dur\u00e9e de vie de nos fen\u00eatres et portes.<\/p>\n","protected":false},"excerpt":{"rendered":"<p>Notre engagement \u00e0 la qualit\u00e9 \u2014 et \u00e0 la client\u00e8le \u00c0 North Star, nous sommes engag\u00e9s \u00e0 fabriquer des fen\u00eatres et des portes de premier choix, \u00e0 fournir un excellent service et \u00e0 offrir un rapport qualit\u00e9-prix exceptionnel. Notre engagement \u00e0 la satisfaction de la client\u00e8le nous a ainsi anim\u00e9s \u00e0 mettre en place un [&hellip;]<\/p>\n","protected":false},"author":735,"featured_media":0,"parent":0,"menu_order":0,"comment_status":"closed","ping_status":"open","template":"template-sidebar.php","meta":{"ngg_post_thumbnail":0},"tags":[],"yoast_head":"<!-- This site is optimized with the Yoast SEO plugin v16.1.1 - https:\/\/yoast.com\/wordpress\/plugins\/seo\/ -->\n<meta name=\"description\" content=\"Chez North Star, nous nous engageons \u00e0 fabriquer des portes et des fen\u00eatres de qualit\u00e9, \u00e0 procurer un service de qualit\u00e9 et \u00e0 livrer une valeur exceptionnelle. Cliquez pour postuler maintenant.\" \/>\n<link rel=\"canonical\" href=\"https:\/\/www.northstarwindows.com\/fr\/centre-de-ressources\/\" \/>\n<meta property=\"og:locale\" content=\"fr_FR\" \/>\n<meta property=\"og:type\" content=\"article\" \/>\n<meta property=\"og:title\" content=\"Centre de ressources | North Star Windows\" \/>\n<meta property=\"og:description\" content=\"Chez North Star, nous nous engageons \u00e0 fabriquer des portes et des fen\u00eatres de qualit\u00e9, \u00e0 procurer un service de qualit\u00e9 et \u00e0 livrer une valeur exceptionnelle. Cliquez pour postuler maintenant.\" \/>\n<meta property=\"og:url\" content=\"https:\/\/www.northstarwindows.com\/fr\/centre-de-ressources\/\" \/>\n<meta property=\"og:site_name\" content=\"North Star Windows\" \/>\n<meta property=\"article:modified_time\" content=\"2021-04-27T14:38:31+00:00\" \/>\n<meta name=\"twitter:card\" content=\"summary\" \/>\n<meta name=\"twitter:label1\" content=\"Dur\u00e9e de lecture est.\">\n\t<meta name=\"twitter:data1\" content=\"1 minute\">\n<script type=\"application\/ld+json\" class=\"yoast-schema-graph\">{\"@context\":\"https:\/\/schema.org\",\"@graph\":[{\"@type\":\"Organization\",\"@id\":\"https:\/\/www.northstarwindows.com\/#organization\",\"name\":\"North Star Windows and Doors\",\"url\":\"https:\/\/www.northstarwindows.com\/\",\"sameAs\":[],\"logo\":{\"@type\":\"ImageObject\",\"@id\":\"https:\/\/www.northstarwindows.com\/#logo\",\"inLanguage\":\"fr-FR\",\"url\":\"https:\/\/www.northstarwindows.com\/wp-content\/uploads\/2026\/01\/logo.png\",\"contentUrl\":\"https:\/\/www.northstarwindows.com\/wp-content\/uploads\/2026\/01\/logo.png\",\"width\":247,\"height\":45,\"caption\":\"North Star Windows and Doors\"},\"image\":{\"@id\":\"https:\/\/www.northstarwindows.com\/#logo\"}},{\"@type\":\"WebSite\",\"@id\":\"https:\/\/www.northstarwindows.com\/#website\",\"url\":\"https:\/\/www.northstarwindows.com\/\",\"name\":\"North Star Windows\",\"description\":\"\",\"publisher\":{\"@id\":\"https:\/\/www.northstarwindows.com\/#organization\"},\"potentialAction\":[{\"@type\":\"SearchAction\",\"target\":\"https:\/\/www.northstarwindows.com\/?s={search_term_string}\",\"query-input\":\"required name=search_term_string\"}],\"inLanguage\":\"fr-FR\"},{\"@type\":\"WebPage\",\"@id\":\"https:\/\/www.northstarwindows.com\/fr\/centre-de-ressources\/#webpage\",\"url\":\"https:\/\/www.northstarwindows.com\/fr\/centre-de-ressources\/\",\"name\":\"Centre de ressources | North Star Windows\",\"isPartOf\":{\"@id\":\"https:\/\/www.northstarwindows.com\/#website\"},\"datePublished\":\"2015-09-25T15:11:37+00:00\",\"dateModified\":\"2021-04-27T14:38:31+00:00\",\"description\":\"Chez North Star, nous nous engageons \\u00e0 fabriquer des portes et des fen\\u00eatres de qualit\\u00e9, \\u00e0 procurer un service de qualit\\u00e9 et \\u00e0 livrer une valeur exceptionnelle. Cliquez pour postuler maintenant.\",\"breadcrumb\":{\"@id\":\"https:\/\/www.northstarwindows.com\/fr\/centre-de-ressources\/#breadcrumb\"},\"inLanguage\":\"fr-FR\",\"potentialAction\":[{\"@type\":\"ReadAction\",\"target\":[\"https:\/\/www.northstarwindows.com\/fr\/centre-de-ressources\/\"]}]},{\"@type\":\"BreadcrumbList\",\"@id\":\"https:\/\/www.northstarwindows.com\/fr\/centre-de-ressources\/#breadcrumb\",\"itemListElement\":[{\"@type\":\"ListItem\",\"position\":1,\"item\":{\"@type\":\"WebPage\",\"@id\":\"https:\/\/www.northstarwindows.com\/fr\/\",\"url\":\"https:\/\/www.northstarwindows.com\/fr\/\",\"name\":\"Home\"}},{\"@type\":\"ListItem\",\"position\":2,\"item\":{\"@type\":\"WebPage\",\"@id\":\"https:\/\/www.northstarwindows.com\/fr\/centre-de-ressources\/\",\"url\":\"https:\/\/www.northstarwindows.com\/fr\/centre-de-ressources\/\",\"name\":\"Centre de ressources\"}}]}]}<\/script>\n<!-- \/ Yoast SEO plugin. -->","_links":{"self":[{"href":"https:\/\/www.northstarwindows.com\/fr\/wp-json\/wp\/v2\/pages\/1554"}],"collection":[{"href":"https:\/\/www.northstarwindows.com\/fr\/wp-json\/wp\/v2\/pages"}],"about":[{"href":"https:\/\/www.northstarwindows.com\/fr\/wp-json\/wp\/v2\/types\/page"}],"author":[{"embeddable":true,"href":"https:\/\/www.northstarwindows.com\/fr\/wp-json\/wp\/v2\/users\/735"}],"replies":[{"embeddable":true,"href":"https:\/\/www.northstarwindows.com\/fr\/wp-json\/wp\/v2\/comments?post=1554"}],"version-history":[{"count":2,"href":"https:\/\/www.northstarwindows.com\/fr\/wp-json\/wp\/v2\/pages\/1554\/revisions"}],"predecessor-version":[{"id":8807,"href":"https:\/\/www.northstarwindows.com\/fr\/wp-json\/wp\/v2\/pages\/1554\/revisions\/8807"}],"wp:attachment":[{"href":"https:\/\/www.northstarwindows.com\/fr\/wp-json\/wp\/v2\/media?parent=1554"}],"wp:term":[{"taxonomy":"post_tag","embeddable":true,"href":"https:\/\/www.northstarwindows.com\/fr\/wp-json\/wp\/v2\/tags?post=1554"}],"curies":[{"name":"wp","href":"https:\/\/api.w.org\/{rel}","templated":true}]}}