{"id":1521,"date":"2015-09-18T12:01:36","date_gmt":"2015-09-18T16:01:36","guid":{"rendered":"http:\/\/www.northstarwindows.com\/fr\/?page_id=1521"},"modified":"2018-04-10T11:14:56","modified_gmt":"2018-04-10T15:14:56","slug":"serie-40005000-hybride","status":"publish","type":"page","link":"https:\/\/www.northstarwindows.com\/fr\/serie-40005000-hybride\/","title":{"rendered":"S\u00e9rie 4000\/5000 hybride"},"content":{"rendered":"<p>D\u2019inspiration architecturale, nos fen\u00eatres de la S\u00e9rie hybride comprennent les m\u00eames caract\u00e9ristiques que celles de notre S\u00e9rie 4000\/5000 en vinyle mais elles offrent aussi, en un unique syst\u00e8me innovateur, les avantages d\u2019un ext\u00e9rieur en aluminium. Leur design durable allie ainsi les lignes \u00e9pur\u00e9es d\u2019un ext\u00e9rieur en aluminium \u00e0 la facilit\u00e9 d\u2019entretien et \u00e0 l\u2019efficacit\u00e9 \u00e9nerg\u00e9tique d\u2019un int\u00e9rieur en vinyle.<\/p>\n<p><a class=\"btn btn__brochure-1000-series\" href=\"\/wp-content\/uploads\/2018\/04\/2018_Windows_Brochure_4-5000_Series_FRE.pdf\" target=\"_blank\" rel=\"noopener noreferrer\">T\u00e9l\u00e9charger le prospectus de s\u00e9rie 4000\/5000<\/a><\/p>\n","protected":false},"excerpt":{"rendered":"<p>D\u2019inspiration architecturale, nos fen\u00eatres de la S\u00e9rie hybride comprennent les m\u00eames caract\u00e9ristiques que celles de notre S\u00e9rie 4000\/5000 en vinyle mais elles offrent aussi, en un unique syst\u00e8me innovateur, les avantages d\u2019un ext\u00e9rieur en aluminium. Leur design durable allie ainsi les lignes \u00e9pur\u00e9es d\u2019un ext\u00e9rieur en aluminium \u00e0 la facilit\u00e9 d\u2019entretien et \u00e0 l\u2019efficacit\u00e9 \u00e9nerg\u00e9tique [&hellip;]<\/p>\n","protected":false},"author":735,"featured_media":1737,"parent":0,"menu_order":0,"comment_status":"closed","ping_status":"closed","template":"template-40005000-hybrid.php","meta":{"ngg_post_thumbnail":0},"tags":[],"yoast_head":"<!-- This site is optimized with the Yoast SEO plugin v16.1.1 - https:\/\/yoast.com\/wordpress\/plugins\/seo\/ -->\n<link rel=\"canonical\" href=\"https:\/\/www.northstarwindows.com\/fr\/serie-40005000-hybride\/\" \/>\n<meta property=\"og:locale\" content=\"fr_FR\" \/>\n<meta property=\"og:type\" content=\"article\" \/>\n<meta property=\"og:title\" content=\"S\u00e9rie 4000\/5000 hybride | North Star Windows\" \/>\n<meta property=\"og:description\" content=\"D\u2019inspiration architecturale, nos fen\u00eatres de la S\u00e9rie hybride comprennent les m\u00eames caract\u00e9ristiques que celles de notre S\u00e9rie 4000\/5000 en vinyle mais elles offrent aussi, en un unique syst\u00e8me innovateur, les avantages d\u2019un ext\u00e9rieur en aluminium. Leur design durable allie ainsi les lignes \u00e9pur\u00e9es d\u2019un ext\u00e9rieur en aluminium \u00e0 la facilit\u00e9 d\u2019entretien et \u00e0 l\u2019efficacit\u00e9 \u00e9nerg\u00e9tique [&hellip;]\" \/>\n<meta property=\"og:url\" content=\"https:\/\/www.northstarwindows.com\/fr\/serie-40005000-hybride\/\" \/>\n<meta property=\"og:site_name\" content=\"North Star Windows\" \/>\n<meta property=\"article:modified_time\" content=\"2018-04-10T15:14:56+00:00\" \/>\n<meta property=\"og:image\" content=\"https:\/\/www.northstarwindows.com\/wp-content\/uploads\/2015\/08\/Hybrid_cross_lg.png\" \/>\n\t<meta property=\"og:image:width\" content=\"243\" \/>\n\t<meta property=\"og:image:height\" content=\"315\" \/>\n<meta name=\"twitter:card\" content=\"summary\" \/>\n<script type=\"application\/ld+json\" class=\"yoast-schema-graph\">{\"@context\":\"https:\/\/schema.org\",\"@graph\":[{\"@type\":\"Organization\",\"@id\":\"https:\/\/www.northstarwindows.com\/#organization\",\"name\":\"North Star Windows and Doors\",\"url\":\"https:\/\/www.northstarwindows.com\/\",\"sameAs\":[],\"logo\":{\"@type\":\"ImageObject\",\"@id\":\"https:\/\/www.northstarwindows.com\/#logo\",\"inLanguage\":\"fr-FR\",\"url\":\"https:\/\/www.northstarwindows.com\/wp-content\/uploads\/2026\/01\/logo.png\",\"contentUrl\":\"https:\/\/www.northstarwindows.com\/wp-content\/uploads\/2026\/01\/logo.png\",\"width\":247,\"height\":45,\"caption\":\"North Star Windows and Doors\"},\"image\":{\"@id\":\"https:\/\/www.northstarwindows.com\/#logo\"}},{\"@type\":\"WebSite\",\"@id\":\"https:\/\/www.northstarwindows.com\/#website\",\"url\":\"https:\/\/www.northstarwindows.com\/\",\"name\":\"North Star Windows\",\"description\":\"\",\"publisher\":{\"@id\":\"https:\/\/www.northstarwindows.com\/#organization\"},\"potentialAction\":[{\"@type\":\"SearchAction\",\"target\":\"https:\/\/www.northstarwindows.com\/?s={search_term_string}\",\"query-input\":\"required name=search_term_string\"}],\"inLanguage\":\"fr-FR\"},{\"@type\":\"ImageObject\",\"@id\":\"https:\/\/www.northstarwindows.com\/fr\/serie-40005000-hybride\/#primaryimage\",\"inLanguage\":\"fr-FR\",\"url\":\"https:\/\/www.northstarwindows.com\/wp-content\/uploads\/2015\/08\/Hybrid_cross_lg.png\",\"contentUrl\":\"https:\/\/www.northstarwindows.com\/wp-content\/uploads\/2015\/08\/Hybrid_cross_lg.png\",\"width\":243,\"height\":315},{\"@type\":\"WebPage\",\"@id\":\"https:\/\/www.northstarwindows.com\/fr\/serie-40005000-hybride\/#webpage\",\"url\":\"https:\/\/www.northstarwindows.com\/fr\/serie-40005000-hybride\/\",\"name\":\"S\\u00e9rie 4000\/5000 hybride | North Star Windows\",\"isPartOf\":{\"@id\":\"https:\/\/www.northstarwindows.com\/#website\"},\"primaryImageOfPage\":{\"@id\":\"https:\/\/www.northstarwindows.com\/fr\/serie-40005000-hybride\/#primaryimage\"},\"datePublished\":\"2015-09-18T16:01:36+00:00\",\"dateModified\":\"2018-04-10T15:14:56+00:00\",\"breadcrumb\":{\"@id\":\"https:\/\/www.northstarwindows.com\/fr\/serie-40005000-hybride\/#breadcrumb\"},\"inLanguage\":\"fr-FR\",\"potentialAction\":[{\"@type\":\"ReadAction\",\"target\":[\"https:\/\/www.northstarwindows.com\/fr\/serie-40005000-hybride\/\"]}]},{\"@type\":\"BreadcrumbList\",\"@id\":\"https:\/\/www.northstarwindows.com\/fr\/serie-40005000-hybride\/#breadcrumb\",\"itemListElement\":[{\"@type\":\"ListItem\",\"position\":1,\"item\":{\"@type\":\"WebPage\",\"@id\":\"https:\/\/www.northstarwindows.com\/fr\/\",\"url\":\"https:\/\/www.northstarwindows.com\/fr\/\",\"name\":\"Home\"}},{\"@type\":\"ListItem\",\"position\":2,\"item\":{\"@type\":\"WebPage\",\"@id\":\"https:\/\/www.northstarwindows.com\/fr\/serie-40005000-hybride\/\",\"url\":\"https:\/\/www.northstarwindows.com\/fr\/serie-40005000-hybride\/\",\"name\":\"S\\u00e9rie 4000\/5000 hybride\"}}]}]}<\/script>\n<!-- \/ Yoast SEO plugin. -->","_links":{"self":[{"href":"https:\/\/www.northstarwindows.com\/fr\/wp-json\/wp\/v2\/pages\/1521"}],"collection":[{"href":"https:\/\/www.northstarwindows.com\/fr\/wp-json\/wp\/v2\/pages"}],"about":[{"href":"https:\/\/www.northstarwindows.com\/fr\/wp-json\/wp\/v2\/types\/page"}],"author":[{"embeddable":true,"href":"https:\/\/www.northstarwindows.com\/fr\/wp-json\/wp\/v2\/users\/735"}],"replies":[{"embeddable":true,"href":"https:\/\/www.northstarwindows.com\/fr\/wp-json\/wp\/v2\/comments?post=1521"}],"version-history":[{"count":0,"href":"https:\/\/www.northstarwindows.com\/fr\/wp-json\/wp\/v2\/pages\/1521\/revisions"}],"wp:featuredmedia":[{"embeddable":true,"href":"https:\/\/www.northstarwindows.com\/fr\/wp-json\/wp\/v2\/media\/1737"}],"wp:attachment":[{"href":"https:\/\/www.northstarwindows.com\/fr\/wp-json\/wp\/v2\/media?parent=1521"}],"wp:term":[{"taxonomy":"post_tag","embeddable":true,"href":"https:\/\/www.northstarwindows.com\/fr\/wp-json\/wp\/v2\/tags?post=1521"}],"curies":[{"name":"wp","href":"https:\/\/api.w.org\/{rel}","templated":true}]}}