{"id":1520,"date":"2015-09-18T12:00:51","date_gmt":"2015-09-18T16:00:51","guid":{"rendered":"http:\/\/www.northstarwindows.com\/fr\/?page_id=1520"},"modified":"2018-04-10T11:15:10","modified_gmt":"2018-04-10T15:15:10","slug":"serie-40005000","status":"publish","type":"page","link":"https:\/\/www.northstarwindows.com\/fr\/serie-40005000\/","title":{"rendered":"S\u00e9rie  4000\/5000"},"content":{"rendered":"<p>Fabriqu\u00e9es en deux profondeurs&nbsp;\u2014 4 1\/2 po (S\u00e9rie 4000) et 5 1\/4&nbsp;po (S\u00e9rie 5000)&nbsp;\u2014, nos fen\u00eatres \u00e0 plein cadre placent le vitrage isolant du c\u00f4t\u00e9 chaud de l\u2019enveloppe du b\u00e2timent (le mur int\u00e9rieur de votre maison), ce qui r\u00e9duit la condensation et rehausse le confort. Offertes en versions \u00e0 battants, \u00e0 auvent, \u00e0 un ch\u00e2ssis mobile et \u00e0 simple \u00e9l\u00e9ment coulissant.<\/p>\n<p><a class=\"btn btn__brochure-1000-series\" href=\"\/wp-content\/uploads\/2018\/04\/2018_Windows_Brochure_4-5000_Series_FRE.pdf\" target=\"_blank\" rel=\"noopener noreferrer\">T\u00e9l\u00e9charger le prospectus de s\u00e9rie 4000\/5000<\/a><\/p>\n","protected":false},"excerpt":{"rendered":"<p>Fabriqu\u00e9es en deux profondeurs&nbsp;\u2014 4 1\/2 po (S\u00e9rie 4000) et 5 1\/4&nbsp;po (S\u00e9rie 5000)&nbsp;\u2014, nos fen\u00eatres \u00e0 plein cadre placent le vitrage isolant du c\u00f4t\u00e9 chaud de l\u2019enveloppe du b\u00e2timent (le mur int\u00e9rieur de votre maison), ce qui r\u00e9duit la condensation et rehausse le confort. Offertes en versions \u00e0 battants, \u00e0 auvent, \u00e0 un ch\u00e2ssis [&hellip;]<\/p>\n","protected":false},"author":735,"featured_media":1736,"parent":0,"menu_order":0,"comment_status":"closed","ping_status":"closed","template":"template-series-40005000.php","meta":{"ngg_post_thumbnail":0},"tags":[],"yoast_head":"<!-- This site is optimized with the Yoast SEO plugin v16.1.1 - https:\/\/yoast.com\/wordpress\/plugins\/seo\/ -->\n<link rel=\"canonical\" href=\"https:\/\/www.northstarwindows.com\/fr\/serie-40005000\/\" \/>\n<meta property=\"og:locale\" content=\"fr_FR\" \/>\n<meta property=\"og:type\" content=\"article\" \/>\n<meta property=\"og:title\" content=\"S\u00e9rie 4000\/5000 | North Star Windows\" \/>\n<meta property=\"og:description\" content=\"Fabriqu\u00e9es en deux profondeurs&nbsp;\u2014 4 1\/2 po (S\u00e9rie 4000) et 5 1\/4&nbsp;po (S\u00e9rie 5000)&nbsp;\u2014, nos fen\u00eatres \u00e0 plein cadre placent le vitrage isolant du c\u00f4t\u00e9 chaud de l\u2019enveloppe du b\u00e2timent (le mur int\u00e9rieur de votre maison), ce qui r\u00e9duit la condensation et rehausse le confort. Offertes en versions \u00e0 battants, \u00e0 auvent, \u00e0 un ch\u00e2ssis [&hellip;]\" \/>\n<meta property=\"og:url\" content=\"https:\/\/www.northstarwindows.com\/fr\/serie-40005000\/\" \/>\n<meta property=\"og:site_name\" content=\"North Star Windows\" \/>\n<meta property=\"article:modified_time\" content=\"2018-04-10T15:15:10+00:00\" \/>\n<meta property=\"og:image\" content=\"https:\/\/www.northstarwindows.com\/wp-content\/uploads\/2015\/08\/4000_cross_lg.png\" \/>\n\t<meta property=\"og:image:width\" content=\"243\" \/>\n\t<meta property=\"og:image:height\" content=\"430\" \/>\n<meta name=\"twitter:card\" content=\"summary\" \/>\n<script type=\"application\/ld+json\" class=\"yoast-schema-graph\">{\"@context\":\"https:\/\/schema.org\",\"@graph\":[{\"@type\":\"Organization\",\"@id\":\"https:\/\/www.northstarwindows.com\/#organization\",\"name\":\"North Star Windows and Doors\",\"url\":\"https:\/\/www.northstarwindows.com\/\",\"sameAs\":[],\"logo\":{\"@type\":\"ImageObject\",\"@id\":\"https:\/\/www.northstarwindows.com\/#logo\",\"inLanguage\":\"fr-FR\",\"url\":\"https:\/\/www.northstarwindows.com\/wp-content\/uploads\/2026\/01\/logo.png\",\"contentUrl\":\"https:\/\/www.northstarwindows.com\/wp-content\/uploads\/2026\/01\/logo.png\",\"width\":247,\"height\":45,\"caption\":\"North Star Windows and Doors\"},\"image\":{\"@id\":\"https:\/\/www.northstarwindows.com\/#logo\"}},{\"@type\":\"WebSite\",\"@id\":\"https:\/\/www.northstarwindows.com\/#website\",\"url\":\"https:\/\/www.northstarwindows.com\/\",\"name\":\"North Star Windows\",\"description\":\"\",\"publisher\":{\"@id\":\"https:\/\/www.northstarwindows.com\/#organization\"},\"potentialAction\":[{\"@type\":\"SearchAction\",\"target\":\"https:\/\/www.northstarwindows.com\/?s={search_term_string}\",\"query-input\":\"required name=search_term_string\"}],\"inLanguage\":\"fr-FR\"},{\"@type\":\"ImageObject\",\"@id\":\"https:\/\/www.northstarwindows.com\/fr\/serie-40005000\/#primaryimage\",\"inLanguage\":\"fr-FR\",\"url\":\"https:\/\/www.northstarwindows.com\/wp-content\/uploads\/2015\/08\/4000_cross_lg.png\",\"contentUrl\":\"https:\/\/www.northstarwindows.com\/wp-content\/uploads\/2015\/08\/4000_cross_lg.png\",\"width\":243,\"height\":430},{\"@type\":\"WebPage\",\"@id\":\"https:\/\/www.northstarwindows.com\/fr\/serie-40005000\/#webpage\",\"url\":\"https:\/\/www.northstarwindows.com\/fr\/serie-40005000\/\",\"name\":\"S\\u00e9rie 4000\/5000 | North Star Windows\",\"isPartOf\":{\"@id\":\"https:\/\/www.northstarwindows.com\/#website\"},\"primaryImageOfPage\":{\"@id\":\"https:\/\/www.northstarwindows.com\/fr\/serie-40005000\/#primaryimage\"},\"datePublished\":\"2015-09-18T16:00:51+00:00\",\"dateModified\":\"2018-04-10T15:15:10+00:00\",\"breadcrumb\":{\"@id\":\"https:\/\/www.northstarwindows.com\/fr\/serie-40005000\/#breadcrumb\"},\"inLanguage\":\"fr-FR\",\"potentialAction\":[{\"@type\":\"ReadAction\",\"target\":[\"https:\/\/www.northstarwindows.com\/fr\/serie-40005000\/\"]}]},{\"@type\":\"BreadcrumbList\",\"@id\":\"https:\/\/www.northstarwindows.com\/fr\/serie-40005000\/#breadcrumb\",\"itemListElement\":[{\"@type\":\"ListItem\",\"position\":1,\"item\":{\"@type\":\"WebPage\",\"@id\":\"https:\/\/www.northstarwindows.com\/fr\/\",\"url\":\"https:\/\/www.northstarwindows.com\/fr\/\",\"name\":\"Home\"}},{\"@type\":\"ListItem\",\"position\":2,\"item\":{\"@type\":\"WebPage\",\"@id\":\"https:\/\/www.northstarwindows.com\/fr\/serie-40005000\/\",\"url\":\"https:\/\/www.northstarwindows.com\/fr\/serie-40005000\/\",\"name\":\"S\\u00e9rie 4000\/5000\"}}]}]}<\/script>\n<!-- \/ Yoast SEO plugin. -->","_links":{"self":[{"href":"https:\/\/www.northstarwindows.com\/fr\/wp-json\/wp\/v2\/pages\/1520"}],"collection":[{"href":"https:\/\/www.northstarwindows.com\/fr\/wp-json\/wp\/v2\/pages"}],"about":[{"href":"https:\/\/www.northstarwindows.com\/fr\/wp-json\/wp\/v2\/types\/page"}],"author":[{"embeddable":true,"href":"https:\/\/www.northstarwindows.com\/fr\/wp-json\/wp\/v2\/users\/735"}],"replies":[{"embeddable":true,"href":"https:\/\/www.northstarwindows.com\/fr\/wp-json\/wp\/v2\/comments?post=1520"}],"version-history":[{"count":0,"href":"https:\/\/www.northstarwindows.com\/fr\/wp-json\/wp\/v2\/pages\/1520\/revisions"}],"wp:featuredmedia":[{"embeddable":true,"href":"https:\/\/www.northstarwindows.com\/fr\/wp-json\/wp\/v2\/media\/1736"}],"wp:attachment":[{"href":"https:\/\/www.northstarwindows.com\/fr\/wp-json\/wp\/v2\/media?parent=1520"}],"wp:term":[{"taxonomy":"post_tag","embeddable":true,"href":"https:\/\/www.northstarwindows.com\/fr\/wp-json\/wp\/v2\/tags?post=1520"}],"curies":[{"name":"wp","href":"https:\/\/api.w.org\/{rel}","templated":true}]}}