{"id":1317,"date":"2015-08-28T09:58:51","date_gmt":"2015-08-28T13:58:51","guid":{"rendered":"http:\/\/www.northstarwindows.com\/fr\/?page_id=1317"},"modified":"2021-05-07T08:28:05","modified_gmt":"2021-05-07T12:28:05","slug":"comment-les-fenetres-sont-fabriquees","status":"publish","type":"page","link":"https:\/\/www.northstarwindows.com\/fr\/comment-les-fenetres-sont-fabriquees\/","title":{"rendered":"Comment les fen\u00eatres sont fabriqu\u00e9es"},"content":{"rendered":"<div class=\"embed-container\">\n<p><iframe loading=\"lazy\" title=\"FR Northstar Windows &amp; Doors\" width=\"500\" height=\"281\" src=\"https:\/\/www.youtube.com\/embed\/hfnothCsZiM?feature=oembed\" frameborder=\"0\" allow=\"accelerometer; autoplay; clipboard-write; encrypted-media; gyroscope; picture-in-picture\" allowfullscreen><\/iframe><\/p>\n<\/div>\n<p>Nous avons commenc\u00e9 avec une vision plut\u00f4t simple : Lorsque vous achetez une fen\u00eatre North Star, nous voulons que ce soit la derni\u00e8re fen\u00eatre que vous achetiez. Nous voulons que ce soit votre fen\u00eatre \u00e0 vie.<\/p>\n<p>Cela signifie qu\u2019il nous fallait \u00eatre les meilleurs de l\u2019industrie. Et cela signifie de l\u2019innovation et du savoir-faire. \u00c7a commence par le contr\u00f4le de tous les proc\u00e9d\u00e9s. C\u2019est ce qui nous permet d\u2019innover. Nous nous demandons constamment : Comment pouvons-nous faire mieux, plus intelligemment, plus rapidement et en rehaussant la qualit\u00e9? <\/p>\n<p>Et c\u2019est l\u00e0 qu&#8217;entre en jeu le savoir-faire. Il ne s\u2019agit pas des outils que nous utilisons, mais de la fiert\u00e9 que nous mettons \u00e0 fabriquer les meilleures fen\u00eatres possible. La fiert\u00e9 anime tout ce que nous faisons. Elle nous a aid\u00e9 \u00e0 devenir la plus grande compagnie de fen\u00eatres en vinyle de l\u2019Ontario. La fiert\u00e9 stimule notre innovation et nous inspire \u00e0 repousser nos limites et \u00e0 fabriquer des produits qui apportent un changement dans la vie de nos clients. <\/p>\n<p>Comme nos moustiquaires E-Z Screen. Puisque les gens \u00e9prouvent parfois de la difficult\u00e9 \u00e0 retirer les moustiquaires, nous en avons fabriqu\u00e9es qui se retirent facilement et qui se remettent ais\u00e9ment en place. Nous avons surdimensionn\u00e9 nos clenches pour faciliter l\u2019ouverture des fen\u00eatres. Puis il y a l\u2019espaceur Super Spacer qui s\u00e9pare les deux vitres pour r\u00e9duire la condensation en hiver. Et il am\u00e9liore la tranquillit\u00e9 de votre maison. Nous offrons aussi une garantie \u00e0 vie. Si jamais il y a un probl\u00e8me, appelez-nous. Nous voulons que l\u2019ensemble du processus soit facilit\u00e9. <\/p>\n<p>Ainsi, North Star brille toujours par sa qualit\u00e9. <\/p>\n","protected":false},"excerpt":{"rendered":"<p>Nous avons commenc\u00e9 avec une vision plut\u00f4t simple : Lorsque vous achetez une fen\u00eatre North Star, nous voulons que ce soit la derni\u00e8re fen\u00eatre que vous achetiez. Nous voulons que ce soit votre fen\u00eatre \u00e0 vie. Cela signifie qu\u2019il nous fallait \u00eatre les meilleurs de l\u2019industrie. Et cela signifie de l\u2019innovation et du savoir-faire. \u00c7a [&hellip;]<\/p>\n","protected":false},"author":735,"featured_media":0,"parent":0,"menu_order":0,"comment_status":"closed","ping_status":"closed","template":"template-windows-sb.php","meta":{"ngg_post_thumbnail":0},"tags":[],"yoast_head":"<!-- This site is optimized with the Yoast SEO plugin v16.1.1 - https:\/\/yoast.com\/wordpress\/plugins\/seo\/ -->\n<link rel=\"canonical\" href=\"https:\/\/www.northstarwindows.com\/fr\/comment-les-fenetres-sont-fabriquees\/\" \/>\n<meta property=\"og:locale\" content=\"fr_FR\" \/>\n<meta property=\"og:type\" content=\"article\" \/>\n<meta property=\"og:title\" content=\"Comment les fen\u00eatres sont fabriqu\u00e9es | North Star Windows\" \/>\n<meta property=\"og:description\" content=\"Nous avons commenc\u00e9 avec une vision plut\u00f4t simple : Lorsque vous achetez une fen\u00eatre North Star, nous voulons que ce soit la derni\u00e8re fen\u00eatre que vous achetiez. Nous voulons que ce soit votre fen\u00eatre \u00e0 vie. Cela signifie qu\u2019il nous fallait \u00eatre les meilleurs de l\u2019industrie. Et cela signifie de l\u2019innovation et du savoir-faire. \u00c7a [&hellip;]\" \/>\n<meta property=\"og:url\" content=\"https:\/\/www.northstarwindows.com\/fr\/comment-les-fenetres-sont-fabriquees\/\" \/>\n<meta property=\"og:site_name\" content=\"North Star Windows\" \/>\n<meta property=\"article:modified_time\" content=\"2021-05-07T12:28:05+00:00\" \/>\n<meta name=\"twitter:card\" content=\"summary\" \/>\n<meta name=\"twitter:label1\" content=\"Dur\u00e9e de lecture est.\">\n\t<meta name=\"twitter:data1\" content=\"1 minute\">\n<script type=\"application\/ld+json\" class=\"yoast-schema-graph\">{\"@context\":\"https:\/\/schema.org\",\"@graph\":[{\"@type\":\"Organization\",\"@id\":\"https:\/\/www.northstarwindows.com\/#organization\",\"name\":\"North Star Windows and Doors\",\"url\":\"https:\/\/www.northstarwindows.com\/\",\"sameAs\":[],\"logo\":{\"@type\":\"ImageObject\",\"@id\":\"https:\/\/www.northstarwindows.com\/#logo\",\"inLanguage\":\"fr-FR\",\"url\":\"https:\/\/www.northstarwindows.com\/wp-content\/uploads\/2026\/01\/logo.png\",\"contentUrl\":\"https:\/\/www.northstarwindows.com\/wp-content\/uploads\/2026\/01\/logo.png\",\"width\":247,\"height\":45,\"caption\":\"North Star Windows and Doors\"},\"image\":{\"@id\":\"https:\/\/www.northstarwindows.com\/#logo\"}},{\"@type\":\"WebSite\",\"@id\":\"https:\/\/www.northstarwindows.com\/#website\",\"url\":\"https:\/\/www.northstarwindows.com\/\",\"name\":\"North Star Windows\",\"description\":\"\",\"publisher\":{\"@id\":\"https:\/\/www.northstarwindows.com\/#organization\"},\"potentialAction\":[{\"@type\":\"SearchAction\",\"target\":\"https:\/\/www.northstarwindows.com\/?s={search_term_string}\",\"query-input\":\"required name=search_term_string\"}],\"inLanguage\":\"fr-FR\"},{\"@type\":\"WebPage\",\"@id\":\"https:\/\/www.northstarwindows.com\/fr\/comment-les-fenetres-sont-fabriquees\/#webpage\",\"url\":\"https:\/\/www.northstarwindows.com\/fr\/comment-les-fenetres-sont-fabriquees\/\",\"name\":\"Comment les fen\\u00eatres sont fabriqu\\u00e9es | North Star Windows\",\"isPartOf\":{\"@id\":\"https:\/\/www.northstarwindows.com\/#website\"},\"datePublished\":\"2015-08-28T13:58:51+00:00\",\"dateModified\":\"2021-05-07T12:28:05+00:00\",\"breadcrumb\":{\"@id\":\"https:\/\/www.northstarwindows.com\/fr\/comment-les-fenetres-sont-fabriquees\/#breadcrumb\"},\"inLanguage\":\"fr-FR\",\"potentialAction\":[{\"@type\":\"ReadAction\",\"target\":[\"https:\/\/www.northstarwindows.com\/fr\/comment-les-fenetres-sont-fabriquees\/\"]}]},{\"@type\":\"BreadcrumbList\",\"@id\":\"https:\/\/www.northstarwindows.com\/fr\/comment-les-fenetres-sont-fabriquees\/#breadcrumb\",\"itemListElement\":[{\"@type\":\"ListItem\",\"position\":1,\"item\":{\"@type\":\"WebPage\",\"@id\":\"https:\/\/www.northstarwindows.com\/fr\/\",\"url\":\"https:\/\/www.northstarwindows.com\/fr\/\",\"name\":\"Home\"}},{\"@type\":\"ListItem\",\"position\":2,\"item\":{\"@type\":\"WebPage\",\"@id\":\"https:\/\/www.northstarwindows.com\/fr\/comment-les-fenetres-sont-fabriquees\/\",\"url\":\"https:\/\/www.northstarwindows.com\/fr\/comment-les-fenetres-sont-fabriquees\/\",\"name\":\"Comment les fen\\u00eatres sont fabriqu\\u00e9es\"}}]}]}<\/script>\n<!-- \/ Yoast SEO plugin. -->","_links":{"self":[{"href":"https:\/\/www.northstarwindows.com\/fr\/wp-json\/wp\/v2\/pages\/1317"}],"collection":[{"href":"https:\/\/www.northstarwindows.com\/fr\/wp-json\/wp\/v2\/pages"}],"about":[{"href":"https:\/\/www.northstarwindows.com\/fr\/wp-json\/wp\/v2\/types\/page"}],"author":[{"embeddable":true,"href":"https:\/\/www.northstarwindows.com\/fr\/wp-json\/wp\/v2\/users\/735"}],"replies":[{"embeddable":true,"href":"https:\/\/www.northstarwindows.com\/fr\/wp-json\/wp\/v2\/comments?post=1317"}],"version-history":[{"count":1,"href":"https:\/\/www.northstarwindows.com\/fr\/wp-json\/wp\/v2\/pages\/1317\/revisions"}],"predecessor-version":[{"id":8839,"href":"https:\/\/www.northstarwindows.com\/fr\/wp-json\/wp\/v2\/pages\/1317\/revisions\/8839"}],"wp:attachment":[{"href":"https:\/\/www.northstarwindows.com\/fr\/wp-json\/wp\/v2\/media?parent=1317"}],"wp:term":[{"taxonomy":"post_tag","embeddable":true,"href":"https:\/\/www.northstarwindows.com\/fr\/wp-json\/wp\/v2\/tags?post=1317"}],"curies":[{"name":"wp","href":"https:\/\/api.w.org\/{rel}","templated":true}]}}