{"id":1316,"date":"2015-08-13T10:09:12","date_gmt":"2015-08-13T14:09:12","guid":{"rendered":"http:\/\/www.northstarwindows.com\/fr\/?page_id=1316"},"modified":"2020-12-22T09:34:42","modified_gmt":"2020-12-22T14:34:42","slug":"options-de-verre","status":"publish","type":"page","link":"https:\/\/www.northstarwindows.com\/fr\/options-de-verre\/","title":{"rendered":"Options de verre"},"content":{"rendered":"<p>Le type de verre qui est utilis\u00e9 aura un effet direct sur l\u2019efficacit\u00e9 \u00e9nerg\u00e9tique de vos fen\u00eatres et portes.<\/p>\n<p>Ainsi, un produit en <strong>verre <\/strong><strong>\u00e0 efficacit<\/strong><strong>\u00e9<\/strong> <strong>\u00e9nerg<\/strong><strong>\u00e9tique<\/strong> sup\u00e9rieure am\u00e9liorera le rendement \u00e9nerg\u00e9tique de votre maison \u00e0 chaque saison, ce qui vous fera \u00e9conomiser de l\u2019\u00e9nergie\u00a0\u2014 et de l\u2019argent\u00a0\u2014 \u00e0 longueur d\u2019ann\u00e9e.<\/p>\n<p>Le verre de toutes les fen\u00eatres North Star r\u00e9pond aux normes de l\u2019industrie ou les d\u00e9passe. De plus, nous offrons une vari\u00e9t\u00e9 d\u2019options de verre toutes aussi attrayantes que pratiques.<\/p>\n<h3 class=\"Default\"><b><span lang=\"EN-US\">Verre rempli au gaz argon<\/span><\/b><\/h3>\n<p><img loading=\"lazy\" class=\" size-medium wp-image-1990 alignnone\" src=\"http:\/\/northstarwindows.com\/wp-content\/uploads\/2015\/08\/argon_glazing1-288x300.jpg\" alt=\"argon_glazing\" width=\"288\" height=\"300\" srcset=\"https:\/\/www.northstarwindows.com\/wp-content\/uploads\/2015\/08\/argon_glazing1-288x300.jpg 288w, https:\/\/www.northstarwindows.com\/wp-content\/uploads\/2015\/08\/argon_glazing1.jpg 370w\" sizes=\"(max-width: 288px) 100vw, 288px\" \/><\/p>\n<p>Le rendement thermique d\u2019une fen\u00eatre est am\u00e9lior\u00e9 en rempla\u00e7ant l\u2019air se trouvant entre ses vitres par de l\u2019argon, un gaz inerte qui ne se d\u00e9place que lentement. L\u2019argon aide \u00e0 pr\u00e9venir la perte de chaleur et ainsi \u00e0 rehausser l\u2019efficacit\u00e9 \u00e9nerg\u00e9tique.<\/p>\n<h3><strong>Verre teint<\/strong><strong>\u00e9 bronze<\/strong><\/h3>\n<p>Le verre comprenant une teinte de bronze peut r\u00e9duire le montant de reflets et de chaleur qui p\u00e9n\u00e8tre dans un b\u00e2timent.<\/p>\n<p>&nbsp;<\/p>\n<h3 class=\"Default\"><b><span lang=\"EN-US\">Verre rempli au gaz krypton<\/span><\/b><\/h3>\n<p><img loading=\"lazy\" class=\"alignnone wp-image-1991 size-medium\" src=\"http:\/\/northstarwindows.com\/wp-content\/uploads\/2015\/08\/krypton_glazing-288x300.jpg\" alt=\"krypton_glazing\" width=\"288\" height=\"300\" srcset=\"https:\/\/www.northstarwindows.com\/wp-content\/uploads\/2015\/08\/krypton_glazing-288x300.jpg 288w, https:\/\/www.northstarwindows.com\/wp-content\/uploads\/2015\/08\/krypton_glazing.jpg 370w\" sizes=\"(max-width: 288px) 100vw, 288px\" \/><\/p>\n<p>Le krypton est un gaz inerte qui ne se d\u00e9place que lentement et qui am\u00e9liore le rendement thermique d\u2019une fen\u00eatre. Plus dense que l\u2019argon, il excelle \u00e0 pr\u00e9venir la perte de chaleur. Il est offert exclusivement avec les <strong>fen<\/strong><strong>\u00eatres North Star <\/strong><strong>\u00e0<\/strong><strong> triple vitrage<\/strong>.<\/p>\n<h3><strong>Verre <\/strong><strong>\u00e0 faible <\/strong><strong>\u00e9missivit<\/strong><strong>\u00e9 de norme LoE 366 (Cardinal)<\/strong><\/h3>\n<p>LoE 366 \u2014 C\u2019est la norme recommand\u00e9e de faible \u00e9missivit\u00e9 soit lorsque les co\u00fbts de climatisation l\u2019emportent sur les co\u00fbts de chauffage, soit lorsque l\u2019inconfort d\u00fb \u00e0 l\u2019accumulation de chaleur s\u2019av\u00e8re une consid\u00e9ration. Dot\u00e9 d\u2019un coefficient d\u2019apport par rayonnement solaire (CARS) faible et d\u2019un taux de r\u00e9flexion tr\u00e8s \u00e9lev\u00e9, il minimise la chaleur radiante ext\u00e9rieure et emp\u00eache un gain de chaleur l\u2019\u00e9t\u00e9 tandis qu\u2019il retient la chaleur radiante l\u2019hiver. Le verre LoE 366 repr\u00e9sente ainsi le meilleur verre qui soit pour les zones d&#8217;ensoleillement direct et pour la plupart des applications dans un climat du sud.<\/p>\n<h3><strong>Verre <\/strong><strong>\u00e0 faible <\/strong><strong>\u00e9missivit<\/strong><strong>\u00e9 de norme LOF (Libby Owens Ford) \/ Pilkington Energy Advantage<\/strong><\/h3>\n<p>LOF \u2014 Le verre \u00e0 faible \u00e9missivit\u00e9 Pilkington Energy Advantage se r\u00e9v\u00e8le le meilleur pour la plupart des applications dans un climat nordique. Il est dot\u00e9 d\u2019un taux de r\u00e9tention tr\u00e8s \u00e9lev\u00e9 de la chaleur de votre maison l\u2019hiver et il pr\u00e9vient le gain de chaleur l\u2019\u00e9t\u00e9. Le verre Energy Advantage jouit d\u2019un coefficient d\u2019apport par rayonnement solaire (CARS) plus \u00e9lev\u00e9 que celui du verre \u00e0 faible \u00e9missivit\u00e9 qui est destin\u00e9 aux climats du sud et fournit ainsi de la chaleur gratuite \u00e0 votre maison l\u2019hiver. Puisque jusqu&#8217;\u00e0 95\u00a0% de vos frais \u00e9nerg\u00e9tiques combin\u00e9s de chauffage et de climatisation sont pour le chauffage, ce verre se r\u00e9v\u00e8le plus rentable que d\u2019autres verres n\u2019ayant pas un CARS \u00e9lev\u00e9.<\/p>\n<h3 class=\"Default\"><b>Verre d\u2019intimit\u00e9<\/b><\/h3>\n<p>Le verre d\u2019intimit\u00e9 forme un \u00e9cran efficace sans toutefois bloquer la lumi\u00e8re du soleil. Il s\u2019av\u00e8re donc particuli\u00e8rement utile dans les salles de bain, aux sous-sols et le long des passages pi\u00e9tonniers.<\/p>\n<div class=\"glass\">\n<h4>Ruisselant<\/h4>\n<div class=\"col\">\n<p><a href=\"https:\/\/northstarwindows.com\/wp-content\/uploads\/2020\/12\/Glass_option_rain_full.jpg\"><img loading=\"lazy\" class=\"alignleft wp-image-6708 size-full\" src=\"https:\/\/northstarwindows.com\/wp-content\/uploads\/2020\/12\/Glass_option_rain_thumb.jpg\" alt=\"Sample of Rain glass\" width=\"150\" height=\"106\"><\/a><\/p>\n<p class=\"clear\">Cliquer sur la vignette pour agrandir<\/p>\n<\/p><\/div>\n<div class=\"col\">\n<p><a href=\"http:\/\/northstarwindows.com\/wp-content\/uploads\/2015\/08\/Glass_privacy_rain.png\"><img loading=\"lazy\" class=\"alignnone size-full wp-image-1720\" src=\"http:\/\/northstarwindows.com\/wp-content\/uploads\/2015\/08\/Glass_privacy_rain.png\" alt=\"Sample of Rain glass\" width=\"150\" height=\"106\"><\/a><\/p>\n<\/p><\/div>\n<div class=\"clear\">&nbsp;<\/div>\n<\/div>\n<div class=\"glass\">\n<h4>Mistilite<\/h4>\n<div class=\"col\">\n<p><a href=\"https:\/\/northstarwindows.com\/wp-content\/uploads\/2020\/12\/Glass_option_mistilite_full.jpg\"><img loading=\"lazy\" class=\"alignleft wp-image-6708 size-full\" src=\"https:\/\/northstarwindows.com\/\/wp-content\/uploads\/2020\/12\/Glass_option_mistilite_thumb.jpg\" alt=\"Sample of Mistilite glass\" width=\"150\" height=\"106\"><\/a><\/p>\n<p class=\"clear\">Cliquer sur la vignette pour agrandir<\/p>\n<\/p><\/div>\n<div class=\"col\">\n<p><a href=\"https:\/\/northstarwindows.com\/wp-content\/uploads\/2020\/12\/Glass_privacy_mistilite.jpg\"><img loading=\"lazy\" class=\"alignnone size-full wp-image-1720\" src=\"https:\/\/northstarwindows.com\/wp-content\/uploads\/2020\/12\/Glass_privacy_mistilite.jpg\" alt=\"Sample of Mistilite glass\" width=\"150\" height=\"106\"><\/a><\/p>\n<\/p><\/div>\n<div class=\"clear\">&nbsp;<\/div>\n<\/div>\n<div class=\"glass\">\n<h4>Givr\u00e9<\/h4>\n<div class=\"col\">\n<p><a href=\"https:\/\/northstarwindows.com\/wp-content\/uploads\/2020\/12\/Glass_option_frosted_full.jpg\"><img loading=\"lazy\" class=\"alignleft wp-image-6708 size-full\" src=\"https:\/\/northstarwindows.com\/wp-content\/uploads\/2020\/12\/Glass_option_frosted_thumb.jpg\" alt=\"Sample of Rain glass\" width=\"150\" height=\"106\"><\/a><\/p>\n<p class=\"clear\">Cliquer sur la vignette pour agrandir<\/p>\n<\/p><\/div>\n<div class=\"col\">\n<p><a href=\"https:\/\/northstarwindows.com\/wp-content\/uploads\/2015\/08\/Glass_privacy_frosted.png\"><img loading=\"lazy\" class=\"alignnone size-full wp-image-1720\" src=\"https:\/\/northstarwindows.com\/wp-content\/uploads\/2015\/08\/Glass_privacy_frosted.png\" alt=\"Sample of Frosted glass\" width=\"150\" height=\"106\"><\/a><\/p>\n<\/p><\/div>\n<div class=\"clear\">&nbsp;<\/div>\n<\/div>\n<div class=\"glass\">\n<h4>D\u00e9poli \u00e0 l&#8217;acide<\/h4>\n<div class=\"col\">\n<p><a href=\"https:\/\/northstarwindows.com\/wp-content\/uploads\/2020\/12\/Glass_option_acid-etched_full.jpg\"><img loading=\"lazy\" class=\"alignleft wp-image-6708 size-full\" src=\"https:\/\/northstarwindows.com\/wp-content\/uploads\/2020\/12\/Glass_option_acid-etched_thumb.jpg\" alt=\"Sample of Acid Etched glass\" width=\"150\" height=\"106\"><\/a><\/p>\n<p class=\"clear\">Cliquer sur la vignette pour agrandir<\/p>\n<\/p><\/div>\n<div class=\"col\">\n<p><a href=\"https:\/\/northstarwindows.com\/wp-content\/uploads\/2015\/08\/Glass_privacy_acid-etch.png\"><img loading=\"lazy\" class=\"alignnone size-full wp-image-1720\" src=\"https:\/\/northstarwindows.com\/wp-content\/uploads\/2015\/08\/Glass_privacy_acid-etch.png\" alt=\"Sample of Acid Etched glass\" width=\"150\" height=\"106\"><\/a><\/p>\n<\/p><\/div>\n<div class=\"clear\">&nbsp;<\/div>\n<\/div>\n<h3 class=\"Default\"><b><span lang=\"EN-US\">Verre autonettoyant<\/span><\/b><\/h3>\n<p>Un rev\u00eatement unique permet \u00e0 ce verre de d\u00e9composer la salet\u00e9 organique qui s\u2019accumule \u00e0 la surface. La pluie la fait ensuite partir, sans laisser de stries ni de taches. Le verre autonettoyant Pilkington Activ<sup>MC<\/sup> est offert pour chaque fen\u00eatre North Star.<\/p>\n<h3 class=\"northstar_blue_heading\"><strong>Verre tremp\u00e9<\/strong><\/h3>\n<p>Le verre tremp\u00e9 offre une r\u00e9sistance jusqu\u2019\u00e0 quatre fois plus grande que celle du verre traditionnel de sorte que lorsqu\u2019on le brise, c\u2019est en petits morceaux. Il est requis comme vitrage de s\u00e9curit\u00e9 dans les portes patio ainsi que dans les portes d\u2019entr\u00e9e et leurs fen\u00eatres lat\u00e9rales.<\/p>\n<h3 class=\"Default\"><b><span lang=\"EN-US\">Triple vitrage<\/span><\/b><\/h3>\n<p><img loading=\"lazy\" class=\"alignnone wp-image-1992 size-medium\" src=\"http:\/\/northstarwindows.com\/wp-content\/uploads\/2015\/08\/triple_glazing-288x300.jpg\" alt=\"triple_glazing\" width=\"288\" height=\"300\" srcset=\"https:\/\/www.northstarwindows.com\/wp-content\/uploads\/2015\/08\/triple_glazing-288x300.jpg 288w, https:\/\/www.northstarwindows.com\/wp-content\/uploads\/2015\/08\/triple_glazing.jpg 370w\" sizes=\"(max-width: 288px) 100vw, 288px\" \/><\/p>\n<p>Les <strong>fen<\/strong><strong>\u00eatres <\/strong><strong>\u00e0<\/strong><strong> triple vitrage<\/strong> comprennent trois vitres qui r\u00e9duisent la condensation et le transfert thermique de fa\u00e7on spectaculaire en isolant jusqu\u2019\u00e0 60\u00a0% mieux que les fen\u00eatres \u00e0 double vitrage. Les fen\u00eatres North Star \u00e0 triple vitrage optionnel offrent ainsi une efficacit\u00e9 \u00e9nerg\u00e9tique incroyable.<\/p>\n","protected":false},"excerpt":{"rendered":"<p>Le type de verre qui est utilis\u00e9 aura un effet direct sur l\u2019efficacit\u00e9 \u00e9nerg\u00e9tique de vos fen\u00eatres et portes. Ainsi, un produit en verre \u00e0 efficacit\u00e9 \u00e9nerg\u00e9tique sup\u00e9rieure am\u00e9liorera le rendement \u00e9nerg\u00e9tique de votre maison \u00e0 chaque saison, ce qui vous fera \u00e9conomiser de l\u2019\u00e9nergie\u00a0\u2014 et de l\u2019argent\u00a0\u2014 \u00e0 longueur d\u2019ann\u00e9e. Le verre de toutes [&hellip;]<\/p>\n","protected":false},"author":735,"featured_media":0,"parent":0,"menu_order":0,"comment_status":"closed","ping_status":"closed","template":"template-windows-sb.php","meta":{"ngg_post_thumbnail":0},"tags":[],"yoast_head":"<!-- This site is optimized with the Yoast SEO plugin v16.1.1 - https:\/\/yoast.com\/wordpress\/plugins\/seo\/ -->\n<link rel=\"canonical\" href=\"https:\/\/www.northstarwindows.com\/fr\/options-de-verre\/\" \/>\n<meta property=\"og:locale\" content=\"fr_FR\" \/>\n<meta property=\"og:type\" content=\"article\" \/>\n<meta property=\"og:title\" content=\"Options de verre | North Star Windows\" \/>\n<meta property=\"og:description\" content=\"Le type de verre qui est utilis\u00e9 aura un effet direct sur l\u2019efficacit\u00e9 \u00e9nerg\u00e9tique de vos fen\u00eatres et portes. Ainsi, un produit en verre \u00e0 efficacit\u00e9 \u00e9nerg\u00e9tique sup\u00e9rieure am\u00e9liorera le rendement \u00e9nerg\u00e9tique de votre maison \u00e0 chaque saison, ce qui vous fera \u00e9conomiser de l\u2019\u00e9nergie\u00a0\u2014 et de l\u2019argent\u00a0\u2014 \u00e0 longueur d\u2019ann\u00e9e. Le verre de toutes [&hellip;]\" \/>\n<meta property=\"og:url\" content=\"https:\/\/www.northstarwindows.com\/fr\/options-de-verre\/\" \/>\n<meta property=\"og:site_name\" content=\"North Star Windows\" \/>\n<meta property=\"article:modified_time\" content=\"2020-12-22T14:34:42+00:00\" \/>\n<meta property=\"og:image\" content=\"http:\/\/www.northstarwindows.com\/wp-content\/uploads\/2015\/08\/argon_glazing1-288x300.jpg\" \/>\n<meta name=\"twitter:card\" content=\"summary\" \/>\n<meta name=\"twitter:label1\" content=\"Dur\u00e9e de lecture est.\">\n\t<meta name=\"twitter:data1\" content=\"4 minutes\">\n<script type=\"application\/ld+json\" class=\"yoast-schema-graph\">{\"@context\":\"https:\/\/schema.org\",\"@graph\":[{\"@type\":\"Organization\",\"@id\":\"https:\/\/www.northstarwindows.com\/#organization\",\"name\":\"North Star Windows and Doors\",\"url\":\"https:\/\/www.northstarwindows.com\/\",\"sameAs\":[],\"logo\":{\"@type\":\"ImageObject\",\"@id\":\"https:\/\/www.northstarwindows.com\/#logo\",\"inLanguage\":\"fr-FR\",\"url\":\"https:\/\/www.northstarwindows.com\/wp-content\/uploads\/2026\/01\/logo.png\",\"contentUrl\":\"https:\/\/www.northstarwindows.com\/wp-content\/uploads\/2026\/01\/logo.png\",\"width\":247,\"height\":45,\"caption\":\"North Star Windows and Doors\"},\"image\":{\"@id\":\"https:\/\/www.northstarwindows.com\/#logo\"}},{\"@type\":\"WebSite\",\"@id\":\"https:\/\/www.northstarwindows.com\/#website\",\"url\":\"https:\/\/www.northstarwindows.com\/\",\"name\":\"North Star Windows\",\"description\":\"\",\"publisher\":{\"@id\":\"https:\/\/www.northstarwindows.com\/#organization\"},\"potentialAction\":[{\"@type\":\"SearchAction\",\"target\":\"https:\/\/www.northstarwindows.com\/?s={search_term_string}\",\"query-input\":\"required name=search_term_string\"}],\"inLanguage\":\"fr-FR\"},{\"@type\":\"ImageObject\",\"@id\":\"https:\/\/www.northstarwindows.com\/fr\/options-de-verre\/#primaryimage\",\"inLanguage\":\"fr-FR\",\"url\":\"http:\/\/northstarwindows.com\/wp-content\/uploads\/2015\/08\/argon_glazing1-288x300.jpg\",\"contentUrl\":\"http:\/\/northstarwindows.com\/wp-content\/uploads\/2015\/08\/argon_glazing1-288x300.jpg\"},{\"@type\":\"WebPage\",\"@id\":\"https:\/\/www.northstarwindows.com\/fr\/options-de-verre\/#webpage\",\"url\":\"https:\/\/www.northstarwindows.com\/fr\/options-de-verre\/\",\"name\":\"Options de verre | North Star Windows\",\"isPartOf\":{\"@id\":\"https:\/\/www.northstarwindows.com\/#website\"},\"primaryImageOfPage\":{\"@id\":\"https:\/\/www.northstarwindows.com\/fr\/options-de-verre\/#primaryimage\"},\"datePublished\":\"2015-08-13T14:09:12+00:00\",\"dateModified\":\"2020-12-22T14:34:42+00:00\",\"breadcrumb\":{\"@id\":\"https:\/\/www.northstarwindows.com\/fr\/options-de-verre\/#breadcrumb\"},\"inLanguage\":\"fr-FR\",\"potentialAction\":[{\"@type\":\"ReadAction\",\"target\":[\"https:\/\/www.northstarwindows.com\/fr\/options-de-verre\/\"]}]},{\"@type\":\"BreadcrumbList\",\"@id\":\"https:\/\/www.northstarwindows.com\/fr\/options-de-verre\/#breadcrumb\",\"itemListElement\":[{\"@type\":\"ListItem\",\"position\":1,\"item\":{\"@type\":\"WebPage\",\"@id\":\"https:\/\/www.northstarwindows.com\/fr\/\",\"url\":\"https:\/\/www.northstarwindows.com\/fr\/\",\"name\":\"Home\"}},{\"@type\":\"ListItem\",\"position\":2,\"item\":{\"@type\":\"WebPage\",\"@id\":\"https:\/\/www.northstarwindows.com\/fr\/options-de-verre\/\",\"url\":\"https:\/\/www.northstarwindows.com\/fr\/options-de-verre\/\",\"name\":\"Options de verre\"}}]}]}<\/script>\n<!-- \/ Yoast SEO plugin. -->","_links":{"self":[{"href":"https:\/\/www.northstarwindows.com\/fr\/wp-json\/wp\/v2\/pages\/1316"}],"collection":[{"href":"https:\/\/www.northstarwindows.com\/fr\/wp-json\/wp\/v2\/pages"}],"about":[{"href":"https:\/\/www.northstarwindows.com\/fr\/wp-json\/wp\/v2\/types\/page"}],"author":[{"embeddable":true,"href":"https:\/\/www.northstarwindows.com\/fr\/wp-json\/wp\/v2\/users\/735"}],"replies":[{"embeddable":true,"href":"https:\/\/www.northstarwindows.com\/fr\/wp-json\/wp\/v2\/comments?post=1316"}],"version-history":[{"count":4,"href":"https:\/\/www.northstarwindows.com\/fr\/wp-json\/wp\/v2\/pages\/1316\/revisions"}],"predecessor-version":[{"id":7450,"href":"https:\/\/www.northstarwindows.com\/fr\/wp-json\/wp\/v2\/pages\/1316\/revisions\/7450"}],"wp:attachment":[{"href":"https:\/\/www.northstarwindows.com\/fr\/wp-json\/wp\/v2\/media?parent=1316"}],"wp:term":[{"taxonomy":"post_tag","embeddable":true,"href":"https:\/\/www.northstarwindows.com\/fr\/wp-json\/wp\/v2\/tags?post=1316"}],"curies":[{"name":"wp","href":"https:\/\/api.w.org\/{rel}","templated":true}]}}