{"id":1314,"date":"2015-08-28T09:58:02","date_gmt":"2015-08-28T13:58:02","guid":{"rendered":"http:\/\/www.northstarwindows.com\/fr\/?page_id=1314"},"modified":"2024-04-19T10:09:09","modified_gmt":"2024-04-19T14:09:09","slug":"energy-star","status":"publish","type":"page","link":"https:\/\/www.northstarwindows.com\/fr\/energy-star\/","title":{"rendered":"ENERGY STAR\u00ae"},"content":{"rendered":"<p><img loading=\"lazy\" class=\"img-f-left alignleft wp-image-101 size-medium\" src=\"https:\/\/www.northstarwindows.com\/wp-content\/uploads\/2024\/04\/part_v_col.jpeg\" alt=\"500px-Energy_Star_logo\" width=\"293\" height=\"300\"><\/p>\n<div class=\"entry\">\n<p>Le programme ENERGY STAR<sup>\u00ae<\/sup> est devenu une norme internationale pour aider les consommateurs \u00e0 \u00e9conomiser de l\u2019\u00e9nergie et de l\u2019argent en se procurant des produits dont l\u2019efficacit\u00e9 \u00e9nerg\u00e9tique est reconnue.<\/p>\n<p>Ainsi, le logo international ENERGY STAR permet aux consommateurs d\u2019identifier facilement les produits parmi les plus \u00e9co\u00e9nerg\u00e9tiques \u00e0 se trouver sur le march\u00e9. Seuls les fabricants et les d\u00e9taillants dont les produits r\u00e9pondent aux crit\u00e8res d\u2019ENERGY STAR peuvent \u00e9tiqueter leurs produits avec ce logo. En choisissant un produit \u00e9tiquet\u00e9 ENERGY STAR au lieu d\u2019un mod\u00e8le traditionnel, vous pourriez \u00e9conomiser des centaines de dollars en frais \u00e9nerg\u00e9tiques.<\/p>\n<p style=\"clear: both;\">L\u2019enti\u00e8ret\u00e9 des gammes de produits de Portes et fen\u00eatres North Star comprend du verre conforme \u00e0 ENERGY STAR. Pour visualiser les cotes des valeurs thermiques et solaires de la Norme nord-am\u00e9ricaine sur les fen\u00eatres (NAFS) et des normes du National Fenestration Rating Council (NFRC) pour l\u2019ensemble de nos produits de fen\u00eatres et de portes patio, veuillez svp cliquer <a href=\"https:\/\/northstarwindows.com\/wp-content\/uploads\/2020\/04\/Product_Rating_2020.pdf\" target=\"_blank\" rel=\"noopener noreferrer\">ici<\/a>.<\/p>\n<p>&nbsp;<\/p>\n<h2>Zones ENERGY STAR<sup>\u00ae<\/sup>&nbsp;\u2013 Canada<\/h2>\n<p>Les trois (3) zones distinctes qui existaient auparavant pour le Canada sont dor\u00e9navant regroup\u00e9es en une seule zone. Pour de plus amples renseignements sur les exigences de rendement d\u2019ENERGY STAR, visitez le site Web de <a href=\"https:\/\/www.rncan.gc.ca\/efficacite-energetique\/energy-star-canada\/18954?_ga=2.260741323.737540195.1587053377-937564423.1586890483\" target=\"_blank\" rel=\"noopener noreferrer\">L\u2019Office de l\u2019efficacit\u00e9 \u00e9nerg\u00e9tique<\/a> du gouvernement du Canada.<\/p>\n<p><img loading=\"lazy\" class=\"alignnone size-full wp-image-7229\" src=\"https:\/\/northstarwindows.com\/wp-content\/uploads\/2020\/05\/Map_of_Canada_Zone-01b.png\" alt=\"Map of Canada demonstrating Energy Star zones \" width=\"485\" height=\"416\" srcset=\"https:\/\/www.northstarwindows.com\/wp-content\/uploads\/2020\/05\/Map_of_Canada_Zone-01b.png 485w, https:\/\/www.northstarwindows.com\/wp-content\/uploads\/2020\/05\/Map_of_Canada_Zone-01b-300x257.png 300w\" sizes=\"(max-width: 485px) 100vw, 485px\" \/><\/p>\n<p>&nbsp;<\/p>\n<h2 style=\"clear: both;\">Zones ENERGY STAR<sup>\u00ae<\/sup> \u2013 \u00c9tats-Unis<\/h2>\n<p>Les \u00c9tats-Unis ont \u00e9t\u00e9 divis\u00e9s en quatre (4) zones \u2014 Nord, Nord-Centrale, Sud-Centrale et Sud \u2014 avec les meilleures options approuv\u00e9es par ENERGY STAR par r\u00e9gion. Pour \u00e9conomiser encore davantage d\u2019\u00e9nergie, consid\u00e9rez installer des fen\u00eatres et des portes qui sont adapt\u00e9es \u00e0 des zones plus froides que la v\u00f4tre. Pour de plus amples renseignements sur les exigences de rendement d\u2019ENERGY STAR, les r\u00e9sidents des \u00c9tats-Unis devraient visiter le <a href=\"https:\/\/www.energystar.gov\/\" target=\"_blank\" rel=\"noopener noreferrer\">site Web ENERGY STAR<\/a> du gouvernement des \u00c9tats-Unis.<\/p>\n<p><img loading=\"lazy\" class=\"wp-image-2732 size-full aligncenter\" src=\"http:\/\/northstarwindows.com\/wp-content\/uploads\/2015\/08\/US-Energy-Zones_FR.jpg\" alt=\"\" width=\"572\" height=\"276\" srcset=\"https:\/\/www.northstarwindows.com\/wp-content\/uploads\/2015\/08\/US-Energy-Zones_FR.jpg 572w, https:\/\/www.northstarwindows.com\/wp-content\/uploads\/2015\/08\/US-Energy-Zones_FR-300x145.jpg 300w\" sizes=\"(max-width: 572px) 100vw, 572px\" \/><\/p>\n<\/div>\n","protected":false},"excerpt":{"rendered":"<p>Le programme ENERGY STAR\u00ae est devenu une norme internationale pour aider les consommateurs \u00e0 \u00e9conomiser de l\u2019\u00e9nergie et de l\u2019argent en se procurant des produits dont l\u2019efficacit\u00e9 \u00e9nerg\u00e9tique est reconnue. Ainsi, le logo international ENERGY STAR permet aux consommateurs d\u2019identifier facilement les produits parmi les plus \u00e9co\u00e9nerg\u00e9tiques \u00e0 se trouver sur le march\u00e9. Seuls les [&hellip;]<\/p>\n","protected":false},"author":735,"featured_media":0,"parent":0,"menu_order":0,"comment_status":"closed","ping_status":"closed","template":"template-windows-sb.php","meta":{"ngg_post_thumbnail":0},"tags":[],"yoast_head":"<!-- This site is optimized with the Yoast SEO plugin v16.1.1 - https:\/\/yoast.com\/wordpress\/plugins\/seo\/ -->\n<meta name=\"description\" content=\"Le programme ENERGY STAR est devenu une r\u00e9f\u00e9rence internationale afin d\u2019aider les consommateurs \u00e0 \u00e9pargner de l\u2019\u00e9nergie et de l\u2019argent par l\u2019achat de produits efficaces \u00e9nerg\u00e9tiquement.\" \/>\n<link rel=\"canonical\" href=\"https:\/\/www.northstarwindows.com\/fr\/energy-star\/\" \/>\n<meta property=\"og:locale\" content=\"fr_FR\" \/>\n<meta property=\"og:type\" content=\"article\" \/>\n<meta property=\"og:title\" content=\"ENERGY STAR\u00ae | North Star Windows\" \/>\n<meta property=\"og:description\" content=\"Le programme ENERGY STAR est devenu une r\u00e9f\u00e9rence internationale afin d\u2019aider les consommateurs \u00e0 \u00e9pargner de l\u2019\u00e9nergie et de l\u2019argent par l\u2019achat de produits efficaces \u00e9nerg\u00e9tiquement.\" \/>\n<meta property=\"og:url\" content=\"https:\/\/www.northstarwindows.com\/fr\/energy-star\/\" \/>\n<meta property=\"og:site_name\" content=\"North Star Windows\" \/>\n<meta property=\"article:modified_time\" content=\"2024-04-19T14:09:09+00:00\" \/>\n<meta property=\"og:image\" content=\"https:\/\/www.northstarwindows.com\/wp-content\/uploads\/2024\/04\/part_v_col.jpeg\" \/>\n<meta name=\"twitter:card\" content=\"summary\" \/>\n<meta name=\"twitter:label1\" content=\"Dur\u00e9e de lecture est.\">\n\t<meta name=\"twitter:data1\" content=\"2 minutes\">\n<script type=\"application\/ld+json\" class=\"yoast-schema-graph\">{\"@context\":\"https:\/\/schema.org\",\"@graph\":[{\"@type\":\"Organization\",\"@id\":\"https:\/\/www.northstarwindows.com\/#organization\",\"name\":\"North Star Windows and Doors\",\"url\":\"https:\/\/www.northstarwindows.com\/\",\"sameAs\":[],\"logo\":{\"@type\":\"ImageObject\",\"@id\":\"https:\/\/www.northstarwindows.com\/#logo\",\"inLanguage\":\"fr-FR\",\"url\":\"https:\/\/www.northstarwindows.com\/wp-content\/uploads\/2026\/01\/logo.png\",\"contentUrl\":\"https:\/\/www.northstarwindows.com\/wp-content\/uploads\/2026\/01\/logo.png\",\"width\":247,\"height\":45,\"caption\":\"North Star Windows and Doors\"},\"image\":{\"@id\":\"https:\/\/www.northstarwindows.com\/#logo\"}},{\"@type\":\"WebSite\",\"@id\":\"https:\/\/www.northstarwindows.com\/#website\",\"url\":\"https:\/\/www.northstarwindows.com\/\",\"name\":\"North Star Windows\",\"description\":\"\",\"publisher\":{\"@id\":\"https:\/\/www.northstarwindows.com\/#organization\"},\"potentialAction\":[{\"@type\":\"SearchAction\",\"target\":\"https:\/\/www.northstarwindows.com\/?s={search_term_string}\",\"query-input\":\"required name=search_term_string\"}],\"inLanguage\":\"fr-FR\"},{\"@type\":\"ImageObject\",\"@id\":\"https:\/\/www.northstarwindows.com\/fr\/energy-star\/#primaryimage\",\"inLanguage\":\"fr-FR\",\"url\":\"https:\/\/www.northstarwindows.com\/wp-content\/uploads\/2024\/04\/part_v_col.jpeg\",\"contentUrl\":\"https:\/\/www.northstarwindows.com\/wp-content\/uploads\/2024\/04\/part_v_col.jpeg\",\"width\":987,\"height\":1200},{\"@type\":\"WebPage\",\"@id\":\"https:\/\/www.northstarwindows.com\/fr\/energy-star\/#webpage\",\"url\":\"https:\/\/www.northstarwindows.com\/fr\/energy-star\/\",\"name\":\"ENERGY STAR\\u00ae | North Star Windows\",\"isPartOf\":{\"@id\":\"https:\/\/www.northstarwindows.com\/#website\"},\"primaryImageOfPage\":{\"@id\":\"https:\/\/www.northstarwindows.com\/fr\/energy-star\/#primaryimage\"},\"datePublished\":\"2015-08-28T13:58:02+00:00\",\"dateModified\":\"2024-04-19T14:09:09+00:00\",\"description\":\"Le programme ENERGY STAR est devenu une r\\u00e9f\\u00e9rence internationale afin d\\u2019aider les consommateurs \\u00e0 \\u00e9pargner de l\\u2019\\u00e9nergie et de l\\u2019argent par l\\u2019achat de produits efficaces \\u00e9nerg\\u00e9tiquement.\",\"breadcrumb\":{\"@id\":\"https:\/\/www.northstarwindows.com\/fr\/energy-star\/#breadcrumb\"},\"inLanguage\":\"fr-FR\",\"potentialAction\":[{\"@type\":\"ReadAction\",\"target\":[\"https:\/\/www.northstarwindows.com\/fr\/energy-star\/\"]}]},{\"@type\":\"BreadcrumbList\",\"@id\":\"https:\/\/www.northstarwindows.com\/fr\/energy-star\/#breadcrumb\",\"itemListElement\":[{\"@type\":\"ListItem\",\"position\":1,\"item\":{\"@type\":\"WebPage\",\"@id\":\"https:\/\/www.northstarwindows.com\/fr\/\",\"url\":\"https:\/\/www.northstarwindows.com\/fr\/\",\"name\":\"Home\"}},{\"@type\":\"ListItem\",\"position\":2,\"item\":{\"@type\":\"WebPage\",\"@id\":\"https:\/\/www.northstarwindows.com\/fr\/energy-star\/\",\"url\":\"https:\/\/www.northstarwindows.com\/fr\/energy-star\/\",\"name\":\"ENERGY STAR\\u00ae\"}}]}]}<\/script>\n<!-- \/ Yoast SEO plugin. -->","_links":{"self":[{"href":"https:\/\/www.northstarwindows.com\/fr\/wp-json\/wp\/v2\/pages\/1314"}],"collection":[{"href":"https:\/\/www.northstarwindows.com\/fr\/wp-json\/wp\/v2\/pages"}],"about":[{"href":"https:\/\/www.northstarwindows.com\/fr\/wp-json\/wp\/v2\/types\/page"}],"author":[{"embeddable":true,"href":"https:\/\/www.northstarwindows.com\/fr\/wp-json\/wp\/v2\/users\/735"}],"replies":[{"embeddable":true,"href":"https:\/\/www.northstarwindows.com\/fr\/wp-json\/wp\/v2\/comments?post=1314"}],"version-history":[{"count":7,"href":"https:\/\/www.northstarwindows.com\/fr\/wp-json\/wp\/v2\/pages\/1314\/revisions"}],"predecessor-version":[{"id":10593,"href":"https:\/\/www.northstarwindows.com\/fr\/wp-json\/wp\/v2\/pages\/1314\/revisions\/10593"}],"wp:attachment":[{"href":"https:\/\/www.northstarwindows.com\/fr\/wp-json\/wp\/v2\/media?parent=1314"}],"wp:term":[{"taxonomy":"post_tag","embeddable":true,"href":"https:\/\/www.northstarwindows.com\/fr\/wp-json\/wp\/v2\/tags?post=1314"}],"curies":[{"name":"wp","href":"https:\/\/api.w.org\/{rel}","templated":true}]}}