{"id":1308,"date":"2015-08-28T09:15:36","date_gmt":"2015-08-28T13:15:36","guid":{"rendered":"http:\/\/www.northstarwindows.com\/fr\/?page_id=1308"},"modified":"2021-04-27T10:37:44","modified_gmt":"2021-04-27T14:37:44","slug":"carrieres","status":"publish","type":"page","link":"https:\/\/www.northstarwindows.com\/fr\/carrieres\/","title":{"rendered":"Carri&egrave;res"},"content":{"rendered":"<p>Ici \u00e0 North Star, nous mettons notre fiert\u00e9 \u00e0 embaucher les meilleures personnes qui soient. Si vous vous passionnez pour l&#8217;excellence,&nbsp;veuillez nous faire parvenir votre CV \u00e0 l&#8217;une des coordonn\u00e9es list\u00e9es ci-dessous&nbsp;:<\/p>\n<p><strong>Courriel:<\/strong>&nbsp;<a href=\"mailto:employment@northstarwindows.com\">employment@northstarwindows.com<\/a><\/p>\n<hr>\n<h2>Proc\u00e9dure de feedback<\/h2>\n<p>Les client\/e\/s qui souhaitent donner du feedback sur la fa\u00e7on de laquelle North Star met ses biens, services et installations \u00e0 la disposition des personnes handicap\u00e9es peuvent le faire soit par courriel, soit de vive voix par t\u00e9l\u00e9phone ou en personne. Tout feedback sera achemin\u00e9 \u00e0 la direction des ressources humaines. Les client\/e\/s peuvent s\u2019attendre \u00e0 une r\u00e9ponse rapide. Nous nous occuperons des r\u00e9clamations selon la proc\u00e9dure habituelle de gestion des r\u00e9clamations de notre organisation. Des formats et des services de communication accessibles peuvent \u00eatre fournis sur demande.<\/p>\n<p><strong>Par la poste\/En personne :<\/strong><\/p>\n<p>Service des ressources humaines<br \/>\nFen\u00eatres et portes North Star<br \/>\n40684 Talbot Line<br \/>\nSt. Thomas, ON<br \/>\nN5P 3T2<\/p>\n<p><strong>T\u00e9l. :<\/strong> 519-637-7899<\/p>\n<p><strong>Courriel :<\/strong>&nbsp;<a href=\"mailto:csmith@northstarwindows.com\">csmith@northstarwindows.com<\/a><\/p>\n","protected":false},"excerpt":{"rendered":"<p>Ici \u00e0 North Star, nous mettons notre fiert\u00e9 \u00e0 embaucher les meilleures personnes qui soient. Si vous vous passionnez pour l&#8217;excellence,&nbsp;veuillez nous faire parvenir votre CV \u00e0 l&#8217;une des coordonn\u00e9es list\u00e9es ci-dessous&nbsp;: Courriel:&nbsp;employment@northstarwindows.com Proc\u00e9dure de feedback Les client\/e\/s qui souhaitent donner du feedback sur la fa\u00e7on de laquelle North Star met ses biens, services et [&hellip;]<\/p>\n","protected":false},"author":735,"featured_media":0,"parent":0,"menu_order":0,"comment_status":"closed","ping_status":"open","template":"template-sidebar.php","meta":{"ngg_post_thumbnail":0},"tags":[],"yoast_head":"<!-- This site is optimized with the Yoast SEO plugin v16.1.1 - https:\/\/yoast.com\/wordpress\/plugins\/seo\/ -->\n<meta name=\"description\" content=\"Chez North Star, nous sommes fiers d\u2019embaucher les bonnes personnes. Si vous avez la passion de l\u2019excellence et le d\u00e9sir d\u2019\u00eatre le meilleur, appliquez pour un poste aujourd\u2019hui!\" \/>\n<link rel=\"canonical\" href=\"https:\/\/www.northstarwindows.com\/fr\/carrieres\/\" \/>\n<meta property=\"og:locale\" content=\"fr_FR\" \/>\n<meta property=\"og:type\" content=\"article\" \/>\n<meta property=\"og:title\" content=\"Carri&egrave;res | North Star Windows\" \/>\n<meta property=\"og:description\" content=\"Chez North Star, nous sommes fiers d\u2019embaucher les bonnes personnes. Si vous avez la passion de l\u2019excellence et le d\u00e9sir d\u2019\u00eatre le meilleur, appliquez pour un poste aujourd\u2019hui!\" \/>\n<meta property=\"og:url\" content=\"https:\/\/www.northstarwindows.com\/fr\/carrieres\/\" \/>\n<meta property=\"og:site_name\" content=\"North Star Windows\" \/>\n<meta property=\"article:modified_time\" content=\"2021-04-27T14:37:44+00:00\" \/>\n<meta name=\"twitter:card\" content=\"summary\" \/>\n<meta name=\"twitter:label1\" content=\"Dur\u00e9e de lecture est.\">\n\t<meta name=\"twitter:data1\" content=\"1 minute\">\n<script type=\"application\/ld+json\" class=\"yoast-schema-graph\">{\"@context\":\"https:\/\/schema.org\",\"@graph\":[{\"@type\":\"Organization\",\"@id\":\"https:\/\/www.northstarwindows.com\/#organization\",\"name\":\"North Star Windows and Doors\",\"url\":\"https:\/\/www.northstarwindows.com\/\",\"sameAs\":[],\"logo\":{\"@type\":\"ImageObject\",\"@id\":\"https:\/\/www.northstarwindows.com\/#logo\",\"inLanguage\":\"fr-FR\",\"url\":\"https:\/\/www.northstarwindows.com\/wp-content\/uploads\/2026\/01\/logo.png\",\"contentUrl\":\"https:\/\/www.northstarwindows.com\/wp-content\/uploads\/2026\/01\/logo.png\",\"width\":247,\"height\":45,\"caption\":\"North Star Windows and Doors\"},\"image\":{\"@id\":\"https:\/\/www.northstarwindows.com\/#logo\"}},{\"@type\":\"WebSite\",\"@id\":\"https:\/\/www.northstarwindows.com\/#website\",\"url\":\"https:\/\/www.northstarwindows.com\/\",\"name\":\"North Star Windows\",\"description\":\"\",\"publisher\":{\"@id\":\"https:\/\/www.northstarwindows.com\/#organization\"},\"potentialAction\":[{\"@type\":\"SearchAction\",\"target\":\"https:\/\/www.northstarwindows.com\/?s={search_term_string}\",\"query-input\":\"required name=search_term_string\"}],\"inLanguage\":\"fr-FR\"},{\"@type\":\"WebPage\",\"@id\":\"https:\/\/www.northstarwindows.com\/fr\/carrieres\/#webpage\",\"url\":\"https:\/\/www.northstarwindows.com\/fr\/carrieres\/\",\"name\":\"Carri&egrave;res | North Star Windows\",\"isPartOf\":{\"@id\":\"https:\/\/www.northstarwindows.com\/#website\"},\"datePublished\":\"2015-08-28T13:15:36+00:00\",\"dateModified\":\"2021-04-27T14:37:44+00:00\",\"description\":\"Chez North Star, nous sommes fiers d\\u2019embaucher les bonnes personnes. Si vous avez la passion de l\\u2019excellence et le d\\u00e9sir d\\u2019\\u00eatre le meilleur, appliquez pour un poste aujourd\\u2019hui!\",\"breadcrumb\":{\"@id\":\"https:\/\/www.northstarwindows.com\/fr\/carrieres\/#breadcrumb\"},\"inLanguage\":\"fr-FR\",\"potentialAction\":[{\"@type\":\"ReadAction\",\"target\":[\"https:\/\/www.northstarwindows.com\/fr\/carrieres\/\"]}]},{\"@type\":\"BreadcrumbList\",\"@id\":\"https:\/\/www.northstarwindows.com\/fr\/carrieres\/#breadcrumb\",\"itemListElement\":[{\"@type\":\"ListItem\",\"position\":1,\"item\":{\"@type\":\"WebPage\",\"@id\":\"https:\/\/www.northstarwindows.com\/fr\/\",\"url\":\"https:\/\/www.northstarwindows.com\/fr\/\",\"name\":\"Home\"}},{\"@type\":\"ListItem\",\"position\":2,\"item\":{\"@type\":\"WebPage\",\"@id\":\"https:\/\/www.northstarwindows.com\/fr\/carrieres\/\",\"url\":\"https:\/\/www.northstarwindows.com\/fr\/carrieres\/\",\"name\":\"Carri&egrave;res\"}}]}]}<\/script>\n<!-- \/ Yoast SEO plugin. -->","_links":{"self":[{"href":"https:\/\/www.northstarwindows.com\/fr\/wp-json\/wp\/v2\/pages\/1308"}],"collection":[{"href":"https:\/\/www.northstarwindows.com\/fr\/wp-json\/wp\/v2\/pages"}],"about":[{"href":"https:\/\/www.northstarwindows.com\/fr\/wp-json\/wp\/v2\/types\/page"}],"author":[{"embeddable":true,"href":"https:\/\/www.northstarwindows.com\/fr\/wp-json\/wp\/v2\/users\/735"}],"replies":[{"embeddable":true,"href":"https:\/\/www.northstarwindows.com\/fr\/wp-json\/wp\/v2\/comments?post=1308"}],"version-history":[{"count":1,"href":"https:\/\/www.northstarwindows.com\/fr\/wp-json\/wp\/v2\/pages\/1308\/revisions"}],"predecessor-version":[{"id":8805,"href":"https:\/\/www.northstarwindows.com\/fr\/wp-json\/wp\/v2\/pages\/1308\/revisions\/8805"}],"wp:attachment":[{"href":"https:\/\/www.northstarwindows.com\/fr\/wp-json\/wp\/v2\/media?parent=1308"}],"wp:term":[{"taxonomy":"post_tag","embeddable":true,"href":"https:\/\/www.northstarwindows.com\/fr\/wp-json\/wp\/v2\/tags?post=1308"}],"curies":[{"name":"wp","href":"https:\/\/api.w.org\/{rel}","templated":true}]}}